{"id":50202,"date":"2026-03-31T12:42:35","date_gmt":"2026-03-31T16:42:35","guid":{"rendered":"https:\/\/creationconfort.com\/?post_type=product&#038;p=50202"},"modified":"2026-03-31T12:51:20","modified_gmt":"2026-03-31T16:51:20","slug":"womens-adaptive-top-1-3154-b","status":"publish","type":"product","link":"https:\/\/creationconfort.com\/en\/product\/womens-adaptive-top-1-3154-b\/","title":{"rendered":"Women&#8217;s Adaptive Top 1-3154-B"},"content":{"rendered":"<p class=\"\" data-start=\"92\" data-end=\"393\">Our <strong data-start=\"96\" data-end=\"132\">open-back adaptive top for women<\/strong> is designed to offer both <strong data-start=\"159\" data-end=\"168\">style<\/strong> and <strong data-start=\"173\" data-end=\"190\">functionality<\/strong> for women seeking <strong data-start=\"209\" data-end=\"220\">comfort<\/strong> and <strong data-start=\"225\" data-end=\"242\">easy dressing<\/strong>. This top features a <strong data-start=\"264\" data-end=\"291\">unique open-back design<\/strong> with an <strong data-start=\"300\" data-end=\"326\">overlapping back panel<\/strong>, providing <strong data-start=\"338\" data-end=\"357\">better coverage<\/strong> while allowing for <strong data-start=\"377\" data-end=\"392\">easy access<\/strong>.<\/p>\n<p class=\"\" data-start=\"395\" data-end=\"637\">The <strong data-start=\"399\" data-end=\"422\">overlap at the back<\/strong> ensures the top stays <strong data-start=\"445\" data-end=\"455\">secure<\/strong> and <strong data-start=\"460\" data-end=\"472\">discreet<\/strong>, while making <strong data-start=\"487\" data-end=\"499\">dressing<\/strong> and <strong data-start=\"504\" data-end=\"518\">undressing<\/strong> much easier. The <strong data-start=\"536\" data-end=\"554\">shoulder snaps<\/strong> further enhance the <strong data-start=\"575\" data-end=\"591\">adaptability<\/strong>, allowing for effortless opening and closing.<\/p>\n<p class=\"\" data-start=\"639\" data-end=\"1062\">Our <strong data-start=\"643\" data-end=\"692\">adaptive tops for women with loss of autonomy<\/strong> are the perfect choice for individuals with <strong data-start=\"737\" data-end=\"757\">reduced mobility<\/strong> or who need <strong data-start=\"770\" data-end=\"798\">assistance with dressing<\/strong>. Thoughtfully designed, they <strong data-start=\"828\" data-end=\"897\">preserve the dignity of individuals experiencing loss of autonomy<\/strong>, while making it easier for <strong data-start=\"926\" data-end=\"940\">caregivers<\/strong> and <strong data-start=\"945\" data-end=\"973\">personal support workers<\/strong> to assist. All of this, without compromising on a <strong data-start=\"1024\" data-end=\"1035\">stylish<\/strong> and <strong data-start=\"1040\" data-end=\"1061\">modern appearance<\/strong>.<\/p>\n","protected":false},"excerpt":{"rendered":"<p>Our open-back adaptive top for women is designed to offer both style and functionality for women seeking comfort and easy [&hellip;]<\/p>\n","protected":false},"featured_media":50216,"template":"","meta":{"_acf_changed":false,"wp_popup_display_lightbox":0,"wp_popup_suppress":"","wp_popup_trigger":"","wp_popup_trigger_amount":0,"wp_popup_disable_on_mobile":false},"product_brand":[],"product_cat":[1274,1016],"product_tag":[],"class_list":{"0":"post-50202","1":"product","2":"type-product","3":"status-publish","4":"has-post-thumbnail","6":"conditions-alzheimer-conditions-0-en","7":"conditions-parkinson-conditions-0-en","8":"conditions-reduced-mobility-conditions-0-en","9":"conditions-senility-conditions-0-en","10":"product_cat-tops-product_cat-1016-en","11":"product_cat-women-spring-summer-product_cat-0-en","13":"first","14":"instock","15":"taxable","16":"shipping-taxable","17":"purchasable","18":"product-type-variable"},"acf":[],"yoast_head":"<!-- This site is optimized with the Yoast SEO Premium plugin v26.6 (Yoast SEO v27.2) - https:\/\/yoast.com\/product\/yoast-seo-premium-wordpress\/ -->\n<title>Women&#039;s Adaptive Top 1-3154-B - Cr\u00e9ation confort<\/title>\n<meta name=\"description\" content=\"Stylish and functional open-back adaptive top for women with reduced mobility. Easy to dress, preserves dignity, and ideal for caregivers and support workers.\" \/>\n<meta name=\"robots\" content=\"index, follow, max-snippet:-1, max-image-preview:large, max-video-preview:-1\" \/>\n<link rel=\"canonical\" href=\"https:\/\/creationconfort.com\/en\/product\/womens-adaptive-top-1-3154-b\/\" \/>\n<meta property=\"og:locale\" content=\"en_US\" \/>\n<meta property=\"og:type\" content=\"article\" \/>\n<meta property=\"og:title\" content=\"Women&#039;s Adaptive Top 1-3154-B\" \/>\n<meta property=\"og:description\" content=\"Stylish and functional open-back adaptive top for women with reduced mobility. Easy to dress, preserves dignity, and ideal for caregivers and support workers.\" \/>\n<meta property=\"og:url\" content=\"https:\/\/creationconfort.com\/en\/product\/womens-adaptive-top-1-3154-b\/\" \/>\n<meta property=\"og:site_name\" content=\"Cr\u00e9ation confort\" \/>\n<meta property=\"article:publisher\" content=\"https:\/\/www.facebook.com\/creationconfortvetementsadaptes\" \/>\n<meta property=\"article:modified_time\" content=\"2026-03-31T16:51:20+00:00\" \/>\n<meta property=\"og:image\" content=\"https:\/\/creationconfort.com\/wp-content\/uploads\/2026\/03\/chatgpt-image-31-mars-2026-12-h-43-min-49-s.png\" \/>\n\t<meta property=\"og:image:width\" content=\"683\" \/>\n\t<meta property=\"og:image:height\" content=\"1024\" \/>\n\t<meta property=\"og:image:type\" content=\"image\/png\" \/>\n<meta name=\"twitter:card\" content=\"summary_large_image\" \/>\n<meta name=\"twitter:label1\" content=\"Est. reading time\" \/>\n\t<meta name=\"twitter:data1\" content=\"1 minute\" \/>\n<script type=\"application\/ld+json\" class=\"yoast-schema-graph\">{\"@context\":\"https:\/\/schema.org\",\"@graph\":[{\"@type\":\"WebPage\",\"@id\":\"https:\/\/creationconfort.com\/en\/product\/womens-adaptive-top-1-3154-b\/\",\"url\":\"https:\/\/creationconfort.com\/en\/product\/womens-adaptive-top-1-3154-b\/\",\"name\":\"Women's Adaptive Top 1-3154-B - Cr\u00e9ation confort\",\"isPartOf\":{\"@id\":\"https:\/\/creationconfort.com\/#website\"},\"primaryImageOfPage\":{\"@id\":\"https:\/\/creationconfort.com\/en\/product\/womens-adaptive-top-1-3154-b\/#primaryimage\"},\"image\":{\"@id\":\"https:\/\/creationconfort.com\/en\/product\/womens-adaptive-top-1-3154-b\/#primaryimage\"},\"thumbnailUrl\":\"https:\/\/creationconfort.com\/wp-content\/uploads\/2026\/03\/chatgpt-image-31-mars-2026-12-h-43-min-49-s.png\",\"datePublished\":\"2026-03-31T16:42:35+00:00\",\"dateModified\":\"2026-03-31T16:51:20+00:00\",\"description\":\"Stylish and functional open-back adaptive top for women with reduced mobility. Easy to dress, preserves dignity, and ideal for caregivers and support workers.\",\"breadcrumb\":{\"@id\":\"https:\/\/creationconfort.com\/en\/product\/womens-adaptive-top-1-3154-b\/#breadcrumb\"},\"inLanguage\":\"en-US\",\"potentialAction\":[{\"@type\":\"ReadAction\",\"target\":[\"https:\/\/creationconfort.com\/en\/product\/womens-adaptive-top-1-3154-b\/\"]}]},{\"@type\":\"ImageObject\",\"inLanguage\":\"en-US\",\"@id\":\"https:\/\/creationconfort.com\/en\/product\/womens-adaptive-top-1-3154-b\/#primaryimage\",\"url\":\"https:\/\/creationconfort.com\/wp-content\/uploads\/2026\/03\/chatgpt-image-31-mars-2026-12-h-43-min-49-s.png\",\"contentUrl\":\"https:\/\/creationconfort.com\/wp-content\/uploads\/2026\/03\/chatgpt-image-31-mars-2026-12-h-43-min-49-s.png\",\"width\":1024,\"height\":1536},{\"@type\":\"BreadcrumbList\",\"@id\":\"https:\/\/creationconfort.com\/en\/product\/womens-adaptive-top-1-3154-b\/#breadcrumb\",\"itemListElement\":[{\"@type\":\"ListItem\",\"position\":1,\"name\":\"Accueil\",\"item\":\"https:\/\/creationconfort.com\/en\/\"},{\"@type\":\"ListItem\",\"position\":2,\"name\":\"Shop\",\"item\":\"https:\/\/creationconfort.com\/en\/shop\/\"},{\"@type\":\"ListItem\",\"position\":3,\"name\":\"Women&rsquo;s Adaptive Top 1-3154-B\"}]},{\"@type\":\"WebSite\",\"@id\":\"https:\/\/creationconfort.com\/#website\",\"url\":\"https:\/\/creationconfort.com\/\",\"name\":\"Cr\u00e9ation confort\",\"description\":\"V\u00eatements adapt\u00e9s\",\"potentialAction\":[{\"@type\":\"SearchAction\",\"target\":{\"@type\":\"EntryPoint\",\"urlTemplate\":\"https:\/\/creationconfort.com\/?s={search_term_string}\"},\"query-input\":{\"@type\":\"PropertyValueSpecification\",\"valueRequired\":true,\"valueName\":\"search_term_string\"}}],\"inLanguage\":\"en-US\"}]}<\/script>\n<!-- \/ Yoast SEO Premium plugin. -->","yoast_head_json":{"title":"Women's Adaptive Top 1-3154-B - Cr\u00e9ation confort","description":"Stylish and functional open-back adaptive top for women with reduced mobility. Easy to dress, preserves dignity, and ideal for caregivers and support workers.","robots":{"index":"index","follow":"follow","max-snippet":"max-snippet:-1","max-image-preview":"max-image-preview:large","max-video-preview":"max-video-preview:-1"},"canonical":"https:\/\/creationconfort.com\/en\/product\/womens-adaptive-top-1-3154-b\/","og_locale":"en_US","og_type":"article","og_title":"Women's Adaptive Top 1-3154-B","og_description":"Stylish and functional open-back adaptive top for women with reduced mobility. Easy to dress, preserves dignity, and ideal for caregivers and support workers.","og_url":"https:\/\/creationconfort.com\/en\/product\/womens-adaptive-top-1-3154-b\/","og_site_name":"Cr\u00e9ation confort","article_publisher":"https:\/\/www.facebook.com\/creationconfortvetementsadaptes","article_modified_time":"2026-03-31T16:51:20+00:00","og_image":[{"url":"https:\/\/creationconfort.com\/wp-content\/uploads\/2026\/03\/chatgpt-image-31-mars-2026-12-h-43-min-49-s.png","width":683,"height":1024,"type":"image\/png"}],"twitter_card":"summary_large_image","twitter_misc":{"Est. reading time":"1 minute"},"schema":{"@context":"https:\/\/schema.org","@graph":[{"@type":"WebPage","@id":"https:\/\/creationconfort.com\/en\/product\/womens-adaptive-top-1-3154-b\/","url":"https:\/\/creationconfort.com\/en\/product\/womens-adaptive-top-1-3154-b\/","name":"Women's Adaptive Top 1-3154-B - Cr\u00e9ation confort","isPartOf":{"@id":"https:\/\/creationconfort.com\/#website"},"primaryImageOfPage":{"@id":"https:\/\/creationconfort.com\/en\/product\/womens-adaptive-top-1-3154-b\/#primaryimage"},"image":{"@id":"https:\/\/creationconfort.com\/en\/product\/womens-adaptive-top-1-3154-b\/#primaryimage"},"thumbnailUrl":"https:\/\/creationconfort.com\/wp-content\/uploads\/2026\/03\/chatgpt-image-31-mars-2026-12-h-43-min-49-s.png","datePublished":"2026-03-31T16:42:35+00:00","dateModified":"2026-03-31T16:51:20+00:00","description":"Stylish and functional open-back adaptive top for women with reduced mobility. Easy to dress, preserves dignity, and ideal for caregivers and support workers.","breadcrumb":{"@id":"https:\/\/creationconfort.com\/en\/product\/womens-adaptive-top-1-3154-b\/#breadcrumb"},"inLanguage":"en-US","potentialAction":[{"@type":"ReadAction","target":["https:\/\/creationconfort.com\/en\/product\/womens-adaptive-top-1-3154-b\/"]}]},{"@type":"ImageObject","inLanguage":"en-US","@id":"https:\/\/creationconfort.com\/en\/product\/womens-adaptive-top-1-3154-b\/#primaryimage","url":"https:\/\/creationconfort.com\/wp-content\/uploads\/2026\/03\/chatgpt-image-31-mars-2026-12-h-43-min-49-s.png","contentUrl":"https:\/\/creationconfort.com\/wp-content\/uploads\/2026\/03\/chatgpt-image-31-mars-2026-12-h-43-min-49-s.png","width":1024,"height":1536},{"@type":"BreadcrumbList","@id":"https:\/\/creationconfort.com\/en\/product\/womens-adaptive-top-1-3154-b\/#breadcrumb","itemListElement":[{"@type":"ListItem","position":1,"name":"Accueil","item":"https:\/\/creationconfort.com\/en\/"},{"@type":"ListItem","position":2,"name":"Shop","item":"https:\/\/creationconfort.com\/en\/shop\/"},{"@type":"ListItem","position":3,"name":"Women&rsquo;s Adaptive Top 1-3154-B"}]},{"@type":"WebSite","@id":"https:\/\/creationconfort.com\/#website","url":"https:\/\/creationconfort.com\/","name":"Cr\u00e9ation confort","description":"V\u00eatements adapt\u00e9s","potentialAction":[{"@type":"SearchAction","target":{"@type":"EntryPoint","urlTemplate":"https:\/\/creationconfort.com\/?s={search_term_string}"},"query-input":{"@type":"PropertyValueSpecification","valueRequired":true,"valueName":"search_term_string"}}],"inLanguage":"en-US"}]}},"_links":{"self":[{"href":"https:\/\/creationconfort.com\/en\/wp-json\/wp\/v2\/product\/50202","targetHints":{"allow":["GET"]}}],"collection":[{"href":"https:\/\/creationconfort.com\/en\/wp-json\/wp\/v2\/product"}],"about":[{"href":"https:\/\/creationconfort.com\/en\/wp-json\/wp\/v2\/types\/product"}],"wp:featuredmedia":[{"embeddable":true,"href":"https:\/\/creationconfort.com\/en\/wp-json\/wp\/v2\/media\/50216"}],"wp:attachment":[{"href":"https:\/\/creationconfort.com\/en\/wp-json\/wp\/v2\/media?parent=50202"}],"wp:term":[{"taxonomy":"product_brand","embeddable":true,"href":"https:\/\/creationconfort.com\/en\/wp-json\/wp\/v2\/product_brand?post=50202"},{"taxonomy":"product_cat","embeddable":true,"href":"https:\/\/creationconfort.com\/en\/wp-json\/wp\/v2\/product_cat?post=50202"},{"taxonomy":"product_tag","embeddable":true,"href":"https:\/\/creationconfort.com\/en\/wp-json\/wp\/v2\/product_tag?post=50202"}],"curies":[{"name":"wp","href":"https:\/\/api.w.org\/{rel}","templated":true}]}}