{"id":48757,"date":"2025-10-13T21:51:50","date_gmt":"2025-10-14T01:51:50","guid":{"rendered":"https:\/\/creationconfort.com\/?post_type=product&#038;p=48757"},"modified":"2026-02-02T13:11:23","modified_gmt":"2026-02-02T18:11:23","slug":"adaptive-long-sleeve-polo-style-2-6189-raye-rouge","status":"publish","type":"product","link":"https:\/\/creationconfort.com\/en\/product\/adaptive-long-sleeve-polo-style-2-6189-raye-rouge\/","title":{"rendered":"Adaptive Long Sleeve Polo Style 2-6189 \u2013 Red Striped"},"content":{"rendered":"<p data-start=\"107\" data-end=\"432\"><strong data-start=\"107\" data-end=\"165\">Introducing our Adaptive Long Sleeve Polo Style 2-6189<\/strong>, designed to deliver <strong data-start=\"187\" data-end=\"248\">exceptional comfort, functionality, and timeless elegance<\/strong>. Made from <strong data-start=\"260\" data-end=\"292\">soft, breathable knit fabric<\/strong>, this <strong data-start=\"299\" data-end=\"330\">adaptive polo shirt for men<\/strong> offers <strong data-start=\"338\" data-end=\"357\">all-day comfort<\/strong> and <strong data-start=\"362\" data-end=\"379\" data-is-only-node=\"\">easy dressing<\/strong> for those seeking both <strong data-start=\"403\" data-end=\"429\">style and practicality<\/strong>.<\/p>\n<p data-start=\"434\" data-end=\"851\">Featuring <strong data-start=\"444\" data-end=\"475\">discreet back snap closures<\/strong>, it allows <strong data-start=\"487\" data-end=\"539\">caregivers and individuals with limited mobility<\/strong> to dress with ease and dignity. Perfectly coordinated with our <strong data-start=\"603\" data-end=\"621\">adaptive pants<\/strong>, this <strong data-start=\"628\" data-end=\"657\">long sleeve adaptive polo<\/strong> is ideal for <strong data-start=\"671\" data-end=\"724\">everyday wear, assisted living, or casual outings<\/strong>. Durable, stylish, and easy to care for, it\u2019s a wardrobe essential that combines <strong data-start=\"806\" data-end=\"848\">comfort, independence, and versatility<\/strong>.<\/p>\n","protected":false},"excerpt":{"rendered":"<p>Introducing our Adaptive Long Sleeve Polo Style 2-6189, designed to deliver exceptional comfort, functionality, and timeless elegance. Made from soft, [&hellip;]<\/p>\n","protected":false},"featured_media":48771,"template":"","meta":{"_acf_changed":false,"wp_popup_display_lightbox":0,"wp_popup_suppress":"","wp_popup_trigger":"","wp_popup_trigger_amount":0,"wp_popup_disable_on_mobile":false},"product_brand":[],"product_cat":[1264,1157],"product_tag":[],"class_list":{"0":"post-48757","1":"product","2":"type-product","3":"status-publish","4":"has-post-thumbnail","6":"conditions-alzheimer-conditions-0-en","7":"conditions-parkinson-conditions-0-en","8":"conditions-reduced-mobility-conditions-0-en","9":"conditions-senility-conditions-0-en","10":"product_cat-polo-shirts-product_cat-1157-en","11":"product_cat-men-autumn-winter-product_cat-0-en","13":"first","14":"instock","15":"taxable","16":"shipping-taxable","17":"purchasable","18":"product-type-variable"},"acf":[],"yoast_head":"<!-- This site is optimized with the Yoast SEO Premium plugin v26.6 (Yoast SEO v27.2) - https:\/\/yoast.com\/product\/yoast-seo-premium-wordpress\/ -->\n<title>Adaptive Long Sleeve Polo Style 2-6189 \u2013 Red Striped - Cr\u00e9ation confort<\/title>\n<meta name=\"robots\" content=\"index, follow, max-snippet:-1, max-image-preview:large, max-video-preview:-1\" \/>\n<link rel=\"canonical\" href=\"https:\/\/creationconfort.com\/en\/product\/adaptive-long-sleeve-polo-style-2-6189-raye-rouge\/\" \/>\n<meta property=\"og:locale\" content=\"en_US\" \/>\n<meta property=\"og:type\" content=\"article\" \/>\n<meta property=\"og:title\" content=\"Adaptive Long Sleeve Polo Style 2-6189 \u2013 Red Striped\" \/>\n<meta property=\"og:description\" content=\"Introducing our Adaptive Long Sleeve Polo Style 2-6189, designed to deliver exceptional comfort, functionality, and timeless elegance. Made from soft, [&hellip;]\" \/>\n<meta property=\"og:url\" content=\"https:\/\/creationconfort.com\/en\/product\/adaptive-long-sleeve-polo-style-2-6189-raye-rouge\/\" \/>\n<meta property=\"og:site_name\" content=\"Cr\u00e9ation confort\" \/>\n<meta property=\"article:publisher\" content=\"https:\/\/www.facebook.com\/creationconfortvetementsadaptes\" \/>\n<meta property=\"article:modified_time\" content=\"2026-02-02T18:11:23+00:00\" \/>\n<meta property=\"og:image\" content=\"https:\/\/creationconfort.com\/wp-content\/uploads\/2025\/10\/2-6189-raye-rouge.jpg\" \/>\n\t<meta property=\"og:image:width\" content=\"1333\" \/>\n\t<meta property=\"og:image:height\" content=\"2000\" \/>\n\t<meta property=\"og:image:type\" content=\"image\/jpeg\" \/>\n<meta name=\"twitter:card\" content=\"summary_large_image\" \/>\n<meta name=\"twitter:label1\" content=\"Est. reading time\" \/>\n\t<meta name=\"twitter:data1\" content=\"1 minute\" \/>\n<script type=\"application\/ld+json\" class=\"yoast-schema-graph\">{\"@context\":\"https:\/\/schema.org\",\"@graph\":[{\"@type\":\"WebPage\",\"@id\":\"https:\/\/creationconfort.com\/en\/product\/adaptive-long-sleeve-polo-style-2-6189-raye-rouge\/\",\"url\":\"https:\/\/creationconfort.com\/en\/product\/adaptive-long-sleeve-polo-style-2-6189-raye-rouge\/\",\"name\":\"Adaptive Long Sleeve Polo Style 2-6189 \u2013 Red Striped - Cr\u00e9ation confort\",\"isPartOf\":{\"@id\":\"https:\/\/creationconfort.com\/#website\"},\"primaryImageOfPage\":{\"@id\":\"https:\/\/creationconfort.com\/en\/product\/adaptive-long-sleeve-polo-style-2-6189-raye-rouge\/#primaryimage\"},\"image\":{\"@id\":\"https:\/\/creationconfort.com\/en\/product\/adaptive-long-sleeve-polo-style-2-6189-raye-rouge\/#primaryimage\"},\"thumbnailUrl\":\"https:\/\/creationconfort.com\/wp-content\/uploads\/2025\/10\/2-6189-raye-rouge.jpg\",\"datePublished\":\"2025-10-14T01:51:50+00:00\",\"dateModified\":\"2026-02-02T18:11:23+00:00\",\"breadcrumb\":{\"@id\":\"https:\/\/creationconfort.com\/en\/product\/adaptive-long-sleeve-polo-style-2-6189-raye-rouge\/#breadcrumb\"},\"inLanguage\":\"en-US\",\"potentialAction\":[{\"@type\":\"ReadAction\",\"target\":[\"https:\/\/creationconfort.com\/en\/product\/adaptive-long-sleeve-polo-style-2-6189-raye-rouge\/\"]}]},{\"@type\":\"ImageObject\",\"inLanguage\":\"en-US\",\"@id\":\"https:\/\/creationconfort.com\/en\/product\/adaptive-long-sleeve-polo-style-2-6189-raye-rouge\/#primaryimage\",\"url\":\"https:\/\/creationconfort.com\/wp-content\/uploads\/2025\/10\/2-6189-raye-rouge.jpg\",\"contentUrl\":\"https:\/\/creationconfort.com\/wp-content\/uploads\/2025\/10\/2-6189-raye-rouge.jpg\",\"width\":1333,\"height\":2000},{\"@type\":\"BreadcrumbList\",\"@id\":\"https:\/\/creationconfort.com\/en\/product\/adaptive-long-sleeve-polo-style-2-6189-raye-rouge\/#breadcrumb\",\"itemListElement\":[{\"@type\":\"ListItem\",\"position\":1,\"name\":\"Accueil\",\"item\":\"https:\/\/creationconfort.com\/en\/\"},{\"@type\":\"ListItem\",\"position\":2,\"name\":\"Shop\",\"item\":\"https:\/\/creationconfort.com\/en\/shop\/\"},{\"@type\":\"ListItem\",\"position\":3,\"name\":\"Adaptive Long Sleeve Polo Style 2-6189 \u2013 Red Striped\"}]},{\"@type\":\"WebSite\",\"@id\":\"https:\/\/creationconfort.com\/#website\",\"url\":\"https:\/\/creationconfort.com\/\",\"name\":\"Cr\u00e9ation confort\",\"description\":\"V\u00eatements adapt\u00e9s\",\"potentialAction\":[{\"@type\":\"SearchAction\",\"target\":{\"@type\":\"EntryPoint\",\"urlTemplate\":\"https:\/\/creationconfort.com\/?s={search_term_string}\"},\"query-input\":{\"@type\":\"PropertyValueSpecification\",\"valueRequired\":true,\"valueName\":\"search_term_string\"}}],\"inLanguage\":\"en-US\"}]}<\/script>\n<!-- \/ Yoast SEO Premium plugin. -->","yoast_head_json":{"title":"Adaptive Long Sleeve Polo Style 2-6189 \u2013 Red Striped - Cr\u00e9ation confort","robots":{"index":"index","follow":"follow","max-snippet":"max-snippet:-1","max-image-preview":"max-image-preview:large","max-video-preview":"max-video-preview:-1"},"canonical":"https:\/\/creationconfort.com\/en\/product\/adaptive-long-sleeve-polo-style-2-6189-raye-rouge\/","og_locale":"en_US","og_type":"article","og_title":"Adaptive Long Sleeve Polo Style 2-6189 \u2013 Red Striped","og_description":"Introducing our Adaptive Long Sleeve Polo Style 2-6189, designed to deliver exceptional comfort, functionality, and timeless elegance. Made from soft, [&hellip;]","og_url":"https:\/\/creationconfort.com\/en\/product\/adaptive-long-sleeve-polo-style-2-6189-raye-rouge\/","og_site_name":"Cr\u00e9ation confort","article_publisher":"https:\/\/www.facebook.com\/creationconfortvetementsadaptes","article_modified_time":"2026-02-02T18:11:23+00:00","og_image":[{"width":1333,"height":2000,"url":"https:\/\/creationconfort.com\/wp-content\/uploads\/2025\/10\/2-6189-raye-rouge.jpg","type":"image\/jpeg"}],"twitter_card":"summary_large_image","twitter_misc":{"Est. reading time":"1 minute"},"schema":{"@context":"https:\/\/schema.org","@graph":[{"@type":"WebPage","@id":"https:\/\/creationconfort.com\/en\/product\/adaptive-long-sleeve-polo-style-2-6189-raye-rouge\/","url":"https:\/\/creationconfort.com\/en\/product\/adaptive-long-sleeve-polo-style-2-6189-raye-rouge\/","name":"Adaptive Long Sleeve Polo Style 2-6189 \u2013 Red Striped - Cr\u00e9ation confort","isPartOf":{"@id":"https:\/\/creationconfort.com\/#website"},"primaryImageOfPage":{"@id":"https:\/\/creationconfort.com\/en\/product\/adaptive-long-sleeve-polo-style-2-6189-raye-rouge\/#primaryimage"},"image":{"@id":"https:\/\/creationconfort.com\/en\/product\/adaptive-long-sleeve-polo-style-2-6189-raye-rouge\/#primaryimage"},"thumbnailUrl":"https:\/\/creationconfort.com\/wp-content\/uploads\/2025\/10\/2-6189-raye-rouge.jpg","datePublished":"2025-10-14T01:51:50+00:00","dateModified":"2026-02-02T18:11:23+00:00","breadcrumb":{"@id":"https:\/\/creationconfort.com\/en\/product\/adaptive-long-sleeve-polo-style-2-6189-raye-rouge\/#breadcrumb"},"inLanguage":"en-US","potentialAction":[{"@type":"ReadAction","target":["https:\/\/creationconfort.com\/en\/product\/adaptive-long-sleeve-polo-style-2-6189-raye-rouge\/"]}]},{"@type":"ImageObject","inLanguage":"en-US","@id":"https:\/\/creationconfort.com\/en\/product\/adaptive-long-sleeve-polo-style-2-6189-raye-rouge\/#primaryimage","url":"https:\/\/creationconfort.com\/wp-content\/uploads\/2025\/10\/2-6189-raye-rouge.jpg","contentUrl":"https:\/\/creationconfort.com\/wp-content\/uploads\/2025\/10\/2-6189-raye-rouge.jpg","width":1333,"height":2000},{"@type":"BreadcrumbList","@id":"https:\/\/creationconfort.com\/en\/product\/adaptive-long-sleeve-polo-style-2-6189-raye-rouge\/#breadcrumb","itemListElement":[{"@type":"ListItem","position":1,"name":"Accueil","item":"https:\/\/creationconfort.com\/en\/"},{"@type":"ListItem","position":2,"name":"Shop","item":"https:\/\/creationconfort.com\/en\/shop\/"},{"@type":"ListItem","position":3,"name":"Adaptive Long Sleeve Polo Style 2-6189 \u2013 Red Striped"}]},{"@type":"WebSite","@id":"https:\/\/creationconfort.com\/#website","url":"https:\/\/creationconfort.com\/","name":"Cr\u00e9ation confort","description":"V\u00eatements adapt\u00e9s","potentialAction":[{"@type":"SearchAction","target":{"@type":"EntryPoint","urlTemplate":"https:\/\/creationconfort.com\/?s={search_term_string}"},"query-input":{"@type":"PropertyValueSpecification","valueRequired":true,"valueName":"search_term_string"}}],"inLanguage":"en-US"}]}},"_links":{"self":[{"href":"https:\/\/creationconfort.com\/en\/wp-json\/wp\/v2\/product\/48757","targetHints":{"allow":["GET"]}}],"collection":[{"href":"https:\/\/creationconfort.com\/en\/wp-json\/wp\/v2\/product"}],"about":[{"href":"https:\/\/creationconfort.com\/en\/wp-json\/wp\/v2\/types\/product"}],"wp:featuredmedia":[{"embeddable":true,"href":"https:\/\/creationconfort.com\/en\/wp-json\/wp\/v2\/media\/48771"}],"wp:attachment":[{"href":"https:\/\/creationconfort.com\/en\/wp-json\/wp\/v2\/media?parent=48757"}],"wp:term":[{"taxonomy":"product_brand","embeddable":true,"href":"https:\/\/creationconfort.com\/en\/wp-json\/wp\/v2\/product_brand?post=48757"},{"taxonomy":"product_cat","embeddable":true,"href":"https:\/\/creationconfort.com\/en\/wp-json\/wp\/v2\/product_cat?post=48757"},{"taxonomy":"product_tag","embeddable":true,"href":"https:\/\/creationconfort.com\/en\/wp-json\/wp\/v2\/product_tag?post=48757"}],"curies":[{"name":"wp","href":"https:\/\/api.w.org\/{rel}","templated":true}]}}