{"id":48751,"date":"2025-10-13T17:59:43","date_gmt":"2025-10-13T21:59:43","guid":{"rendered":"https:\/\/creationconfort.com\/?post_type=product&#038;p=48751"},"modified":"2025-10-13T18:03:01","modified_gmt":"2025-10-13T22:03:01","slug":"shawl-1434-fushia","status":"publish","type":"product","link":"https:\/\/creationconfort.com\/en\/product\/shawl-1434-fushia\/","title":{"rendered":"Shawl 1434 &#8211; Fushia"},"content":{"rendered":"<p>Our fleece shawl is extremely soft, and is the perfect piece to keep anyone warm and comfortable. It is offered in navy, pink and blue.<\/p>\n","protected":false},"excerpt":{"rendered":"<p>Our fleece shawl is extremely soft, and is the perfect piece to keep anyone warm and comfortable. It is offered [&hellip;]<\/p>\n","protected":false},"featured_media":48740,"template":"","meta":{"_acf_changed":false,"wp_popup_display_lightbox":0,"wp_popup_suppress":"","wp_popup_trigger":"","wp_popup_trigger_amount":0,"wp_popup_disable_on_mobile":false},"product_brand":[],"product_cat":[1068,1424,1069,1057],"product_tag":[],"class_list":{"0":"post-48751","1":"product","2":"type-product","3":"status-publish","4":"has-post-thumbnail","6":"conditions-alzheimer-conditions-0-en","7":"conditions-parkinson-conditions-0-en","8":"conditions-reduced-mobility-conditions-0-en","9":"conditions-senility-conditions-0-en","10":"product_cat-accessories-product_cat-0-en","11":"product_cat-shawls","12":"product_cat-shawl-product_cat-1068-en","13":"product_cat-women-autumn-winter-product_cat-0-en","15":"first","16":"instock","17":"taxable","18":"shipping-taxable","19":"purchasable","20":"product-type-simple"},"acf":[],"yoast_head":"<!-- This site is optimized with the Yoast SEO Premium plugin v26.6 (Yoast SEO v27.2) - https:\/\/yoast.com\/product\/yoast-seo-premium-wordpress\/ -->\n<title>Shawl 1434 - Fushia - Cr\u00e9ation confort<\/title>\n<meta name=\"description\" content=\"Stay cozy and warm with our super soft fleece shawl \u2014 the perfect accessory for comfort and relaxation. This warm, lightweight shawl comes in navy, pink, and blue.\" \/>\n<meta name=\"robots\" content=\"index, follow, max-snippet:-1, max-image-preview:large, max-video-preview:-1\" \/>\n<link rel=\"canonical\" href=\"https:\/\/creationconfort.com\/en\/product\/shawl-1434-fushia\/\" \/>\n<meta property=\"og:locale\" content=\"en_US\" \/>\n<meta property=\"og:type\" content=\"article\" \/>\n<meta property=\"og:title\" content=\"Shawl 1434 - Fushia\" \/>\n<meta property=\"og:description\" content=\"Stay cozy and warm with our super soft fleece shawl \u2014 the perfect accessory for comfort and relaxation. This warm, lightweight shawl comes in navy, pink, and blue.\" \/>\n<meta property=\"og:url\" content=\"https:\/\/creationconfort.com\/en\/product\/shawl-1434-fushia\/\" \/>\n<meta property=\"og:site_name\" content=\"Cr\u00e9ation confort\" \/>\n<meta property=\"article:publisher\" content=\"https:\/\/www.facebook.com\/creationconfortvetementsadaptes\" \/>\n<meta property=\"article:modified_time\" content=\"2025-10-13T22:03:01+00:00\" \/>\n<meta property=\"og:image\" content=\"https:\/\/creationconfort.com\/wp-content\/uploads\/2025\/10\/1434-fushia.jpg\" \/>\n\t<meta property=\"og:image:width\" content=\"1596\" \/>\n\t<meta property=\"og:image:height\" content=\"2000\" \/>\n\t<meta property=\"og:image:type\" content=\"image\/jpeg\" \/>\n<meta name=\"twitter:card\" content=\"summary_large_image\" \/>\n<meta name=\"twitter:label1\" content=\"Est. reading time\" \/>\n\t<meta name=\"twitter:data1\" content=\"1 minute\" \/>\n<script type=\"application\/ld+json\" class=\"yoast-schema-graph\">{\"@context\":\"https:\/\/schema.org\",\"@graph\":[{\"@type\":\"WebPage\",\"@id\":\"https:\/\/creationconfort.com\/en\/product\/shawl-1434-fushia\/\",\"url\":\"https:\/\/creationconfort.com\/en\/product\/shawl-1434-fushia\/\",\"name\":\"Shawl 1434 - Fushia - Cr\u00e9ation confort\",\"isPartOf\":{\"@id\":\"https:\/\/creationconfort.com\/#website\"},\"primaryImageOfPage\":{\"@id\":\"https:\/\/creationconfort.com\/en\/product\/shawl-1434-fushia\/#primaryimage\"},\"image\":{\"@id\":\"https:\/\/creationconfort.com\/en\/product\/shawl-1434-fushia\/#primaryimage\"},\"thumbnailUrl\":\"https:\/\/creationconfort.com\/wp-content\/uploads\/2025\/10\/1434-fushia.jpg\",\"datePublished\":\"2025-10-13T21:59:43+00:00\",\"dateModified\":\"2025-10-13T22:03:01+00:00\",\"description\":\"Stay cozy and warm with our super soft fleece shawl \u2014 the perfect accessory for comfort and relaxation. This warm, lightweight shawl comes in navy, pink, and blue.\",\"breadcrumb\":{\"@id\":\"https:\/\/creationconfort.com\/en\/product\/shawl-1434-fushia\/#breadcrumb\"},\"inLanguage\":\"en-US\",\"potentialAction\":[{\"@type\":\"ReadAction\",\"target\":[\"https:\/\/creationconfort.com\/en\/product\/shawl-1434-fushia\/\"]}]},{\"@type\":\"ImageObject\",\"inLanguage\":\"en-US\",\"@id\":\"https:\/\/creationconfort.com\/en\/product\/shawl-1434-fushia\/#primaryimage\",\"url\":\"https:\/\/creationconfort.com\/wp-content\/uploads\/2025\/10\/1434-fushia.jpg\",\"contentUrl\":\"https:\/\/creationconfort.com\/wp-content\/uploads\/2025\/10\/1434-fushia.jpg\",\"width\":1596,\"height\":2000},{\"@type\":\"BreadcrumbList\",\"@id\":\"https:\/\/creationconfort.com\/en\/product\/shawl-1434-fushia\/#breadcrumb\",\"itemListElement\":[{\"@type\":\"ListItem\",\"position\":1,\"name\":\"Accueil\",\"item\":\"https:\/\/creationconfort.com\/en\/\"},{\"@type\":\"ListItem\",\"position\":2,\"name\":\"Shop\",\"item\":\"https:\/\/creationconfort.com\/en\/shop\/\"},{\"@type\":\"ListItem\",\"position\":3,\"name\":\"Shawl 1434 &#8211; Fushia\"}]},{\"@type\":\"WebSite\",\"@id\":\"https:\/\/creationconfort.com\/#website\",\"url\":\"https:\/\/creationconfort.com\/\",\"name\":\"Cr\u00e9ation confort\",\"description\":\"V\u00eatements adapt\u00e9s\",\"potentialAction\":[{\"@type\":\"SearchAction\",\"target\":{\"@type\":\"EntryPoint\",\"urlTemplate\":\"https:\/\/creationconfort.com\/?s={search_term_string}\"},\"query-input\":{\"@type\":\"PropertyValueSpecification\",\"valueRequired\":true,\"valueName\":\"search_term_string\"}}],\"inLanguage\":\"en-US\"}]}<\/script>\n<!-- \/ Yoast SEO Premium plugin. -->","yoast_head_json":{"title":"Shawl 1434 - Fushia - Cr\u00e9ation confort","description":"Stay cozy and warm with our super soft fleece shawl \u2014 the perfect accessory for comfort and relaxation. This warm, lightweight shawl comes in navy, pink, and blue.","robots":{"index":"index","follow":"follow","max-snippet":"max-snippet:-1","max-image-preview":"max-image-preview:large","max-video-preview":"max-video-preview:-1"},"canonical":"https:\/\/creationconfort.com\/en\/product\/shawl-1434-fushia\/","og_locale":"en_US","og_type":"article","og_title":"Shawl 1434 - Fushia","og_description":"Stay cozy and warm with our super soft fleece shawl \u2014 the perfect accessory for comfort and relaxation. This warm, lightweight shawl comes in navy, pink, and blue.","og_url":"https:\/\/creationconfort.com\/en\/product\/shawl-1434-fushia\/","og_site_name":"Cr\u00e9ation confort","article_publisher":"https:\/\/www.facebook.com\/creationconfortvetementsadaptes","article_modified_time":"2025-10-13T22:03:01+00:00","og_image":[{"width":1596,"height":2000,"url":"https:\/\/creationconfort.com\/wp-content\/uploads\/2025\/10\/1434-fushia.jpg","type":"image\/jpeg"}],"twitter_card":"summary_large_image","twitter_misc":{"Est. reading time":"1 minute"},"schema":{"@context":"https:\/\/schema.org","@graph":[{"@type":"WebPage","@id":"https:\/\/creationconfort.com\/en\/product\/shawl-1434-fushia\/","url":"https:\/\/creationconfort.com\/en\/product\/shawl-1434-fushia\/","name":"Shawl 1434 - Fushia - Cr\u00e9ation confort","isPartOf":{"@id":"https:\/\/creationconfort.com\/#website"},"primaryImageOfPage":{"@id":"https:\/\/creationconfort.com\/en\/product\/shawl-1434-fushia\/#primaryimage"},"image":{"@id":"https:\/\/creationconfort.com\/en\/product\/shawl-1434-fushia\/#primaryimage"},"thumbnailUrl":"https:\/\/creationconfort.com\/wp-content\/uploads\/2025\/10\/1434-fushia.jpg","datePublished":"2025-10-13T21:59:43+00:00","dateModified":"2025-10-13T22:03:01+00:00","description":"Stay cozy and warm with our super soft fleece shawl \u2014 the perfect accessory for comfort and relaxation. This warm, lightweight shawl comes in navy, pink, and blue.","breadcrumb":{"@id":"https:\/\/creationconfort.com\/en\/product\/shawl-1434-fushia\/#breadcrumb"},"inLanguage":"en-US","potentialAction":[{"@type":"ReadAction","target":["https:\/\/creationconfort.com\/en\/product\/shawl-1434-fushia\/"]}]},{"@type":"ImageObject","inLanguage":"en-US","@id":"https:\/\/creationconfort.com\/en\/product\/shawl-1434-fushia\/#primaryimage","url":"https:\/\/creationconfort.com\/wp-content\/uploads\/2025\/10\/1434-fushia.jpg","contentUrl":"https:\/\/creationconfort.com\/wp-content\/uploads\/2025\/10\/1434-fushia.jpg","width":1596,"height":2000},{"@type":"BreadcrumbList","@id":"https:\/\/creationconfort.com\/en\/product\/shawl-1434-fushia\/#breadcrumb","itemListElement":[{"@type":"ListItem","position":1,"name":"Accueil","item":"https:\/\/creationconfort.com\/en\/"},{"@type":"ListItem","position":2,"name":"Shop","item":"https:\/\/creationconfort.com\/en\/shop\/"},{"@type":"ListItem","position":3,"name":"Shawl 1434 &#8211; Fushia"}]},{"@type":"WebSite","@id":"https:\/\/creationconfort.com\/#website","url":"https:\/\/creationconfort.com\/","name":"Cr\u00e9ation confort","description":"V\u00eatements adapt\u00e9s","potentialAction":[{"@type":"SearchAction","target":{"@type":"EntryPoint","urlTemplate":"https:\/\/creationconfort.com\/?s={search_term_string}"},"query-input":{"@type":"PropertyValueSpecification","valueRequired":true,"valueName":"search_term_string"}}],"inLanguage":"en-US"}]}},"_links":{"self":[{"href":"https:\/\/creationconfort.com\/en\/wp-json\/wp\/v2\/product\/48751","targetHints":{"allow":["GET"]}}],"collection":[{"href":"https:\/\/creationconfort.com\/en\/wp-json\/wp\/v2\/product"}],"about":[{"href":"https:\/\/creationconfort.com\/en\/wp-json\/wp\/v2\/types\/product"}],"wp:featuredmedia":[{"embeddable":true,"href":"https:\/\/creationconfort.com\/en\/wp-json\/wp\/v2\/media\/48740"}],"wp:attachment":[{"href":"https:\/\/creationconfort.com\/en\/wp-json\/wp\/v2\/media?parent=48751"}],"wp:term":[{"taxonomy":"product_brand","embeddable":true,"href":"https:\/\/creationconfort.com\/en\/wp-json\/wp\/v2\/product_brand?post=48751"},{"taxonomy":"product_cat","embeddable":true,"href":"https:\/\/creationconfort.com\/en\/wp-json\/wp\/v2\/product_cat?post=48751"},{"taxonomy":"product_tag","embeddable":true,"href":"https:\/\/creationconfort.com\/en\/wp-json\/wp\/v2\/product_tag?post=48751"}],"curies":[{"name":"wp","href":"https:\/\/api.w.org\/{rel}","templated":true}]}}