{"id":48749,"date":"2025-10-13T17:55:08","date_gmt":"2025-10-13T21:55:08","guid":{"rendered":"https:\/\/creationconfort.com\/?post_type=product&#038;p=48749"},"modified":"2025-10-13T17:57:51","modified_gmt":"2025-10-13T21:57:51","slug":"women-short-poncho-cape-1445-mauve","status":"publish","type":"product","link":"https:\/\/creationconfort.com\/en\/product\/women-short-poncho-cape-1445-mauve\/","title":{"rendered":"Women short Poncho Cape 1445 &#8211; Mauve"},"content":{"rendered":"<p>Our cape made of fleece is extremely soft and can be worn with any outfit. It is easy to put on and keeps the shoulders warm and comfortable. It comes in one size fits all and is offered in several colors.<\/p>\n","protected":false},"excerpt":{"rendered":"<p>Our cape made of fleece is extremely soft and can be worn with any outfit. It is easy to put [&hellip;]<\/p>\n","protected":false},"featured_media":48738,"template":"","meta":{"_acf_changed":false,"wp_popup_display_lightbox":0,"wp_popup_suppress":"","wp_popup_trigger":"","wp_popup_trigger_amount":0,"wp_popup_disable_on_mobile":false},"product_brand":[],"product_cat":[1068,1422,1084,1057],"product_tag":[],"class_list":{"0":"post-48749","1":"product","2":"type-product","3":"status-publish","4":"has-post-thumbnail","6":"conditions-alzheimer-conditions-0-en","7":"conditions-parkinson-conditions-0-en","8":"conditions-reduced-mobility-conditions-0-en","9":"conditions-senility-conditions-0-en","10":"product_cat-accessories-product_cat-0-en","11":"product_cat-cape-women","12":"product_cat-cape-product_cat-1068-en","13":"product_cat-women-autumn-winter-product_cat-0-en","15":"first","16":"instock","17":"taxable","18":"shipping-taxable","19":"purchasable","20":"product-type-simple"},"acf":[],"yoast_head":"<!-- This site is optimized with the Yoast SEO Premium plugin v26.6 (Yoast SEO v27.2) - https:\/\/yoast.com\/product\/yoast-seo-premium-wordpress\/ -->\n<title>Women short Poncho Cape 1445 - Mauve - Cr\u00e9ation confort<\/title>\n<meta name=\"description\" content=\"Stay warm and stylish with our soft fleece cape. Easy to put on and perfect for any outfit, this one-size-fits-all cape keeps your shoulders cozy and comfortable. Available in several beautiful colors.\" \/>\n<meta name=\"robots\" content=\"index, follow, max-snippet:-1, max-image-preview:large, max-video-preview:-1\" \/>\n<link rel=\"canonical\" href=\"https:\/\/creationconfort.com\/en\/product\/women-short-poncho-cape-1445-mauve\/\" \/>\n<meta property=\"og:locale\" content=\"en_US\" \/>\n<meta property=\"og:type\" content=\"article\" \/>\n<meta property=\"og:title\" content=\"Women short Poncho Cape 1445 - Mauve\" \/>\n<meta property=\"og:description\" content=\"Stay warm and stylish with our soft fleece cape. Easy to put on and perfect for any outfit, this one-size-fits-all cape keeps your shoulders cozy and comfortable. Available in several beautiful colors.\" \/>\n<meta property=\"og:url\" content=\"https:\/\/creationconfort.com\/en\/product\/women-short-poncho-cape-1445-mauve\/\" \/>\n<meta property=\"og:site_name\" content=\"Cr\u00e9ation confort\" \/>\n<meta property=\"article:publisher\" content=\"https:\/\/www.facebook.com\/creationconfortvetementsadaptes\" \/>\n<meta property=\"article:modified_time\" content=\"2025-10-13T21:57:51+00:00\" \/>\n<meta property=\"og:image\" content=\"https:\/\/creationconfort.com\/wp-content\/uploads\/2025\/10\/1445-mauve.jpg\" \/>\n\t<meta property=\"og:image:width\" content=\"1595\" \/>\n\t<meta property=\"og:image:height\" content=\"2000\" \/>\n\t<meta property=\"og:image:type\" content=\"image\/jpeg\" \/>\n<meta name=\"twitter:card\" content=\"summary_large_image\" \/>\n<meta name=\"twitter:label1\" content=\"Est. reading time\" \/>\n\t<meta name=\"twitter:data1\" content=\"1 minute\" \/>\n<script type=\"application\/ld+json\" class=\"yoast-schema-graph\">{\"@context\":\"https:\/\/schema.org\",\"@graph\":[{\"@type\":\"WebPage\",\"@id\":\"https:\/\/creationconfort.com\/en\/product\/women-short-poncho-cape-1445-mauve\/\",\"url\":\"https:\/\/creationconfort.com\/en\/product\/women-short-poncho-cape-1445-mauve\/\",\"name\":\"Women short Poncho Cape 1445 - Mauve - Cr\u00e9ation confort\",\"isPartOf\":{\"@id\":\"https:\/\/creationconfort.com\/#website\"},\"primaryImageOfPage\":{\"@id\":\"https:\/\/creationconfort.com\/en\/product\/women-short-poncho-cape-1445-mauve\/#primaryimage\"},\"image\":{\"@id\":\"https:\/\/creationconfort.com\/en\/product\/women-short-poncho-cape-1445-mauve\/#primaryimage\"},\"thumbnailUrl\":\"https:\/\/creationconfort.com\/wp-content\/uploads\/2025\/10\/1445-mauve.jpg\",\"datePublished\":\"2025-10-13T21:55:08+00:00\",\"dateModified\":\"2025-10-13T21:57:51+00:00\",\"description\":\"Stay warm and stylish with our soft fleece cape. Easy to put on and perfect for any outfit, this one-size-fits-all cape keeps your shoulders cozy and comfortable. Available in several beautiful colors.\",\"breadcrumb\":{\"@id\":\"https:\/\/creationconfort.com\/en\/product\/women-short-poncho-cape-1445-mauve\/#breadcrumb\"},\"inLanguage\":\"en-US\",\"potentialAction\":[{\"@type\":\"ReadAction\",\"target\":[\"https:\/\/creationconfort.com\/en\/product\/women-short-poncho-cape-1445-mauve\/\"]}]},{\"@type\":\"ImageObject\",\"inLanguage\":\"en-US\",\"@id\":\"https:\/\/creationconfort.com\/en\/product\/women-short-poncho-cape-1445-mauve\/#primaryimage\",\"url\":\"https:\/\/creationconfort.com\/wp-content\/uploads\/2025\/10\/1445-mauve.jpg\",\"contentUrl\":\"https:\/\/creationconfort.com\/wp-content\/uploads\/2025\/10\/1445-mauve.jpg\",\"width\":1595,\"height\":2000},{\"@type\":\"BreadcrumbList\",\"@id\":\"https:\/\/creationconfort.com\/en\/product\/women-short-poncho-cape-1445-mauve\/#breadcrumb\",\"itemListElement\":[{\"@type\":\"ListItem\",\"position\":1,\"name\":\"Accueil\",\"item\":\"https:\/\/creationconfort.com\/en\/\"},{\"@type\":\"ListItem\",\"position\":2,\"name\":\"Shop\",\"item\":\"https:\/\/creationconfort.com\/en\/shop\/\"},{\"@type\":\"ListItem\",\"position\":3,\"name\":\"Women short Poncho Cape 1445 &#8211; Mauve\"}]},{\"@type\":\"WebSite\",\"@id\":\"https:\/\/creationconfort.com\/#website\",\"url\":\"https:\/\/creationconfort.com\/\",\"name\":\"Cr\u00e9ation confort\",\"description\":\"V\u00eatements adapt\u00e9s\",\"potentialAction\":[{\"@type\":\"SearchAction\",\"target\":{\"@type\":\"EntryPoint\",\"urlTemplate\":\"https:\/\/creationconfort.com\/?s={search_term_string}\"},\"query-input\":{\"@type\":\"PropertyValueSpecification\",\"valueRequired\":true,\"valueName\":\"search_term_string\"}}],\"inLanguage\":\"en-US\"}]}<\/script>\n<!-- \/ Yoast SEO Premium plugin. -->","yoast_head_json":{"title":"Women short Poncho Cape 1445 - Mauve - Cr\u00e9ation confort","description":"Stay warm and stylish with our soft fleece cape. Easy to put on and perfect for any outfit, this one-size-fits-all cape keeps your shoulders cozy and comfortable. Available in several beautiful colors.","robots":{"index":"index","follow":"follow","max-snippet":"max-snippet:-1","max-image-preview":"max-image-preview:large","max-video-preview":"max-video-preview:-1"},"canonical":"https:\/\/creationconfort.com\/en\/product\/women-short-poncho-cape-1445-mauve\/","og_locale":"en_US","og_type":"article","og_title":"Women short Poncho Cape 1445 - Mauve","og_description":"Stay warm and stylish with our soft fleece cape. Easy to put on and perfect for any outfit, this one-size-fits-all cape keeps your shoulders cozy and comfortable. Available in several beautiful colors.","og_url":"https:\/\/creationconfort.com\/en\/product\/women-short-poncho-cape-1445-mauve\/","og_site_name":"Cr\u00e9ation confort","article_publisher":"https:\/\/www.facebook.com\/creationconfortvetementsadaptes","article_modified_time":"2025-10-13T21:57:51+00:00","og_image":[{"width":1595,"height":2000,"url":"https:\/\/creationconfort.com\/wp-content\/uploads\/2025\/10\/1445-mauve.jpg","type":"image\/jpeg"}],"twitter_card":"summary_large_image","twitter_misc":{"Est. reading time":"1 minute"},"schema":{"@context":"https:\/\/schema.org","@graph":[{"@type":"WebPage","@id":"https:\/\/creationconfort.com\/en\/product\/women-short-poncho-cape-1445-mauve\/","url":"https:\/\/creationconfort.com\/en\/product\/women-short-poncho-cape-1445-mauve\/","name":"Women short Poncho Cape 1445 - Mauve - Cr\u00e9ation confort","isPartOf":{"@id":"https:\/\/creationconfort.com\/#website"},"primaryImageOfPage":{"@id":"https:\/\/creationconfort.com\/en\/product\/women-short-poncho-cape-1445-mauve\/#primaryimage"},"image":{"@id":"https:\/\/creationconfort.com\/en\/product\/women-short-poncho-cape-1445-mauve\/#primaryimage"},"thumbnailUrl":"https:\/\/creationconfort.com\/wp-content\/uploads\/2025\/10\/1445-mauve.jpg","datePublished":"2025-10-13T21:55:08+00:00","dateModified":"2025-10-13T21:57:51+00:00","description":"Stay warm and stylish with our soft fleece cape. Easy to put on and perfect for any outfit, this one-size-fits-all cape keeps your shoulders cozy and comfortable. Available in several beautiful colors.","breadcrumb":{"@id":"https:\/\/creationconfort.com\/en\/product\/women-short-poncho-cape-1445-mauve\/#breadcrumb"},"inLanguage":"en-US","potentialAction":[{"@type":"ReadAction","target":["https:\/\/creationconfort.com\/en\/product\/women-short-poncho-cape-1445-mauve\/"]}]},{"@type":"ImageObject","inLanguage":"en-US","@id":"https:\/\/creationconfort.com\/en\/product\/women-short-poncho-cape-1445-mauve\/#primaryimage","url":"https:\/\/creationconfort.com\/wp-content\/uploads\/2025\/10\/1445-mauve.jpg","contentUrl":"https:\/\/creationconfort.com\/wp-content\/uploads\/2025\/10\/1445-mauve.jpg","width":1595,"height":2000},{"@type":"BreadcrumbList","@id":"https:\/\/creationconfort.com\/en\/product\/women-short-poncho-cape-1445-mauve\/#breadcrumb","itemListElement":[{"@type":"ListItem","position":1,"name":"Accueil","item":"https:\/\/creationconfort.com\/en\/"},{"@type":"ListItem","position":2,"name":"Shop","item":"https:\/\/creationconfort.com\/en\/shop\/"},{"@type":"ListItem","position":3,"name":"Women short Poncho Cape 1445 &#8211; Mauve"}]},{"@type":"WebSite","@id":"https:\/\/creationconfort.com\/#website","url":"https:\/\/creationconfort.com\/","name":"Cr\u00e9ation confort","description":"V\u00eatements adapt\u00e9s","potentialAction":[{"@type":"SearchAction","target":{"@type":"EntryPoint","urlTemplate":"https:\/\/creationconfort.com\/?s={search_term_string}"},"query-input":{"@type":"PropertyValueSpecification","valueRequired":true,"valueName":"search_term_string"}}],"inLanguage":"en-US"}]}},"_links":{"self":[{"href":"https:\/\/creationconfort.com\/en\/wp-json\/wp\/v2\/product\/48749","targetHints":{"allow":["GET"]}}],"collection":[{"href":"https:\/\/creationconfort.com\/en\/wp-json\/wp\/v2\/product"}],"about":[{"href":"https:\/\/creationconfort.com\/en\/wp-json\/wp\/v2\/types\/product"}],"wp:featuredmedia":[{"embeddable":true,"href":"https:\/\/creationconfort.com\/en\/wp-json\/wp\/v2\/media\/48738"}],"wp:attachment":[{"href":"https:\/\/creationconfort.com\/en\/wp-json\/wp\/v2\/media?parent=48749"}],"wp:term":[{"taxonomy":"product_brand","embeddable":true,"href":"https:\/\/creationconfort.com\/en\/wp-json\/wp\/v2\/product_brand?post=48749"},{"taxonomy":"product_cat","embeddable":true,"href":"https:\/\/creationconfort.com\/en\/wp-json\/wp\/v2\/product_cat?post=48749"},{"taxonomy":"product_tag","embeddable":true,"href":"https:\/\/creationconfort.com\/en\/wp-json\/wp\/v2\/product_tag?post=48749"}],"curies":[{"name":"wp","href":"https:\/\/api.w.org\/{rel}","templated":true}]}}