{"id":47583,"date":"2025-04-11T10:27:59","date_gmt":"2025-04-11T14:27:59","guid":{"rendered":"https:\/\/creationconfort.com\/?post_type=product&#038;p=47583"},"modified":"2025-08-21T10:02:57","modified_gmt":"2025-08-21T14:02:57","slug":"adaptive-polo-shirt-style-1-6189-dark-indigo-blue","status":"publish","type":"product","link":"https:\/\/creationconfort.com\/en\/product\/adaptive-polo-shirt-style-1-6189-dark-indigo-blue\/","title":{"rendered":"Adaptive Polo Shirt Style 1-6189 &#8211; Dark Indigo Blue"},"content":{"rendered":"<p class=\"\" data-start=\"1707\" data-end=\"2048\">Our <strong data-start=\"1711\" data-end=\"1775\">men&#8217;s adaptive polo with back closure featuring snap buttons<\/strong> is specially designed to meet the needs of individuals experiencing <strong data-start=\"1844\" data-end=\"1864\">loss of autonomy<\/strong> or living with <strong data-start=\"1880\" data-end=\"1900\">reduced mobility<\/strong>. This practical and stylish garment combines <strong data-start=\"1946\" data-end=\"1957\">comfort<\/strong>, <strong data-start=\"1959\" data-end=\"1976\">functionality<\/strong>, and <strong data-start=\"1982\" data-end=\"1993\">dignity<\/strong>, while maintaining a classic and masculine appearance.<\/p>\n<p class=\"\" data-start=\"2050\" data-end=\"2382\">Thanks to its <strong data-start=\"2064\" data-end=\"2108\">discreet snap button closure at the back<\/strong>, the polo opens fully, making it easy to dress without raising the arms or causing discomfort. This design is especially helpful for <strong data-start=\"2242\" data-end=\"2256\">caregivers<\/strong> and <strong data-start=\"2261\" data-end=\"2289\">personal support workers<\/strong>, allowing them to assist with dressing in a <strong data-start=\"2334\" data-end=\"2352\">quicker, safer<\/strong>, and more <strong data-start=\"2363\" data-end=\"2377\">respectful<\/strong> way.<\/p>\n<p class=\"\" data-start=\"2384\" data-end=\"2577\">The <strong data-start=\"2388\" data-end=\"2418\">adaptive clothing features<\/strong> are seamlessly integrated into a timeless polo design, with <strong data-start=\"2479\" data-end=\"2506\">soft, breathable fabric<\/strong> for all-day comfort and a <strong data-start=\"2533\" data-end=\"2546\">loose fit<\/strong> to allow for ease of movement.<\/p>\n<p class=\"\" data-start=\"2579\" data-end=\"2876\">Our <strong data-start=\"2583\" data-end=\"2661\">adaptive polos for men with limited mobility or non-autonomous individuals<\/strong> are the ideal solution for daily dressing \u2014 offering a balance of <strong data-start=\"2728\" data-end=\"2754\">practicality, elegance<\/strong>, and <strong data-start=\"2760\" data-end=\"2784\">dignity preservation<\/strong>. Perfect for <strong data-start=\"2798\" data-end=\"2815\">care settings<\/strong>, <strong data-start=\"2817\" data-end=\"2838\">senior residences<\/strong>, or <strong data-start=\"2843\" data-end=\"2875\">at-home care with loved ones<\/strong>.<\/p>\n<p class=\"\" data-start=\"2878\" data-end=\"2961\">\ud83d\udc49 <strong data-start=\"2881\" data-end=\"2961\">Don&#8217;t forget to check our <a href=\"https:\/\/creationconfort.com\/en\/size-chart\/\">size guide<\/a> to find the perfect fit for your needs.<\/strong><\/p>\n","protected":false},"excerpt":{"rendered":"<p>Our men&#8217;s adaptive polo with back closure featuring snap buttons is specially designed to meet the needs of individuals experiencing [&hellip;]<\/p>\n","protected":false},"featured_media":47600,"template":"","meta":{"_acf_changed":false,"wp_popup_display_lightbox":0,"wp_popup_suppress":"","wp_popup_trigger":"","wp_popup_trigger_amount":0,"wp_popup_disable_on_mobile":false},"product_brand":[],"product_cat":[1258,1155],"product_tag":[],"class_list":{"0":"post-47583","1":"product","2":"type-product","3":"status-publish","4":"has-post-thumbnail","6":"conditions-alzheimer-conditions-0-en","7":"conditions-parkinson-conditions-0-en","8":"conditions-reduced-mobility-conditions-0-en","9":"conditions-senility-conditions-0-en","10":"product_cat-polo-shirts-product_cat-1155-en","11":"product_cat-men-spring-summer-product_cat-0-en","13":"first","14":"instock","15":"taxable","16":"shipping-taxable","17":"purchasable","18":"product-type-variable"},"acf":[],"yoast_head":"<!-- This site is optimized with the Yoast SEO Premium plugin v26.6 (Yoast SEO v27.2) - https:\/\/yoast.com\/product\/yoast-seo-premium-wordpress\/ -->\n<title>Adaptive Polo Shirt Style 1-6189 - Dark Indigo Blue - Cr\u00e9ation confort<\/title>\n<meta name=\"description\" content=\"Men&#039;s adaptive polo with back snap buttons. Ideal for individuals with reduced mobility or loss of autonomy. Easy to dress for caregivers, preserves dignity.\" \/>\n<meta name=\"robots\" content=\"index, follow, max-snippet:-1, max-image-preview:large, max-video-preview:-1\" \/>\n<link rel=\"canonical\" href=\"https:\/\/creationconfort.com\/en\/product\/adaptive-polo-shirt-style-1-6189-dark-indigo-blue\/\" \/>\n<meta property=\"og:locale\" content=\"en_US\" \/>\n<meta property=\"og:type\" content=\"article\" \/>\n<meta property=\"og:title\" content=\"Adaptive Polo Shirt Style 1-6189 - Dark Indigo Blue\" \/>\n<meta property=\"og:description\" content=\"Men&#039;s adaptive polo with back snap buttons. Ideal for individuals with reduced mobility or loss of autonomy. Easy to dress for caregivers, preserves dignity.\" \/>\n<meta property=\"og:url\" content=\"https:\/\/creationconfort.com\/en\/product\/adaptive-polo-shirt-style-1-6189-dark-indigo-blue\/\" \/>\n<meta property=\"og:site_name\" content=\"Cr\u00e9ation confort\" \/>\n<meta property=\"article:publisher\" content=\"https:\/\/www.facebook.com\/creationconfortvetementsadaptes\" \/>\n<meta property=\"article:modified_time\" content=\"2025-08-21T14:02:57+00:00\" \/>\n<meta property=\"og:image\" content=\"https:\/\/creationconfort.com\/wp-content\/uploads\/2025\/04\/1-6189-bleu-indigo-fonce.png\" \/>\n\t<meta property=\"og:image:width\" content=\"970\" \/>\n\t<meta property=\"og:image:height\" content=\"1301\" \/>\n\t<meta property=\"og:image:type\" content=\"image\/png\" \/>\n<meta name=\"twitter:card\" content=\"summary_large_image\" \/>\n<meta name=\"twitter:label1\" content=\"Est. reading time\" \/>\n\t<meta name=\"twitter:data1\" content=\"2 minutes\" \/>\n<script type=\"application\/ld+json\" class=\"yoast-schema-graph\">{\"@context\":\"https:\/\/schema.org\",\"@graph\":[{\"@type\":\"WebPage\",\"@id\":\"https:\/\/creationconfort.com\/en\/product\/adaptive-polo-shirt-style-1-6189-dark-indigo-blue\/\",\"url\":\"https:\/\/creationconfort.com\/en\/product\/adaptive-polo-shirt-style-1-6189-dark-indigo-blue\/\",\"name\":\"Adaptive Polo Shirt Style 1-6189 - Dark Indigo Blue - Cr\u00e9ation confort\",\"isPartOf\":{\"@id\":\"https:\/\/creationconfort.com\/#website\"},\"primaryImageOfPage\":{\"@id\":\"https:\/\/creationconfort.com\/en\/product\/adaptive-polo-shirt-style-1-6189-dark-indigo-blue\/#primaryimage\"},\"image\":{\"@id\":\"https:\/\/creationconfort.com\/en\/product\/adaptive-polo-shirt-style-1-6189-dark-indigo-blue\/#primaryimage\"},\"thumbnailUrl\":\"https:\/\/creationconfort.com\/wp-content\/uploads\/2025\/04\/1-6189-bleu-indigo-fonce.png\",\"datePublished\":\"2025-04-11T14:27:59+00:00\",\"dateModified\":\"2025-08-21T14:02:57+00:00\",\"description\":\"Men's adaptive polo with back snap buttons. Ideal for individuals with reduced mobility or loss of autonomy. Easy to dress for caregivers, preserves dignity.\",\"breadcrumb\":{\"@id\":\"https:\/\/creationconfort.com\/en\/product\/adaptive-polo-shirt-style-1-6189-dark-indigo-blue\/#breadcrumb\"},\"inLanguage\":\"en-US\",\"potentialAction\":[{\"@type\":\"ReadAction\",\"target\":[\"https:\/\/creationconfort.com\/en\/product\/adaptive-polo-shirt-style-1-6189-dark-indigo-blue\/\"]}]},{\"@type\":\"ImageObject\",\"inLanguage\":\"en-US\",\"@id\":\"https:\/\/creationconfort.com\/en\/product\/adaptive-polo-shirt-style-1-6189-dark-indigo-blue\/#primaryimage\",\"url\":\"https:\/\/creationconfort.com\/wp-content\/uploads\/2025\/04\/1-6189-bleu-indigo-fonce.png\",\"contentUrl\":\"https:\/\/creationconfort.com\/wp-content\/uploads\/2025\/04\/1-6189-bleu-indigo-fonce.png\",\"width\":970,\"height\":1301},{\"@type\":\"BreadcrumbList\",\"@id\":\"https:\/\/creationconfort.com\/en\/product\/adaptive-polo-shirt-style-1-6189-dark-indigo-blue\/#breadcrumb\",\"itemListElement\":[{\"@type\":\"ListItem\",\"position\":1,\"name\":\"Accueil\",\"item\":\"https:\/\/creationconfort.com\/en\/\"},{\"@type\":\"ListItem\",\"position\":2,\"name\":\"Shop\",\"item\":\"https:\/\/creationconfort.com\/en\/shop\/\"},{\"@type\":\"ListItem\",\"position\":3,\"name\":\"Adaptive Polo Shirt Style 1-6189 &#8211; Dark Indigo Blue\"}]},{\"@type\":\"WebSite\",\"@id\":\"https:\/\/creationconfort.com\/#website\",\"url\":\"https:\/\/creationconfort.com\/\",\"name\":\"Cr\u00e9ation confort\",\"description\":\"V\u00eatements adapt\u00e9s\",\"potentialAction\":[{\"@type\":\"SearchAction\",\"target\":{\"@type\":\"EntryPoint\",\"urlTemplate\":\"https:\/\/creationconfort.com\/?s={search_term_string}\"},\"query-input\":{\"@type\":\"PropertyValueSpecification\",\"valueRequired\":true,\"valueName\":\"search_term_string\"}}],\"inLanguage\":\"en-US\"}]}<\/script>\n<!-- \/ Yoast SEO Premium plugin. -->","yoast_head_json":{"title":"Adaptive Polo Shirt Style 1-6189 - Dark Indigo Blue - Cr\u00e9ation confort","description":"Men's adaptive polo with back snap buttons. Ideal for individuals with reduced mobility or loss of autonomy. Easy to dress for caregivers, preserves dignity.","robots":{"index":"index","follow":"follow","max-snippet":"max-snippet:-1","max-image-preview":"max-image-preview:large","max-video-preview":"max-video-preview:-1"},"canonical":"https:\/\/creationconfort.com\/en\/product\/adaptive-polo-shirt-style-1-6189-dark-indigo-blue\/","og_locale":"en_US","og_type":"article","og_title":"Adaptive Polo Shirt Style 1-6189 - Dark Indigo Blue","og_description":"Men's adaptive polo with back snap buttons. Ideal for individuals with reduced mobility or loss of autonomy. Easy to dress for caregivers, preserves dignity.","og_url":"https:\/\/creationconfort.com\/en\/product\/adaptive-polo-shirt-style-1-6189-dark-indigo-blue\/","og_site_name":"Cr\u00e9ation confort","article_publisher":"https:\/\/www.facebook.com\/creationconfortvetementsadaptes","article_modified_time":"2025-08-21T14:02:57+00:00","og_image":[{"width":970,"height":1301,"url":"https:\/\/creationconfort.com\/wp-content\/uploads\/2025\/04\/1-6189-bleu-indigo-fonce.png","type":"image\/png"}],"twitter_card":"summary_large_image","twitter_misc":{"Est. reading time":"2 minutes"},"schema":{"@context":"https:\/\/schema.org","@graph":[{"@type":"WebPage","@id":"https:\/\/creationconfort.com\/en\/product\/adaptive-polo-shirt-style-1-6189-dark-indigo-blue\/","url":"https:\/\/creationconfort.com\/en\/product\/adaptive-polo-shirt-style-1-6189-dark-indigo-blue\/","name":"Adaptive Polo Shirt Style 1-6189 - Dark Indigo Blue - Cr\u00e9ation confort","isPartOf":{"@id":"https:\/\/creationconfort.com\/#website"},"primaryImageOfPage":{"@id":"https:\/\/creationconfort.com\/en\/product\/adaptive-polo-shirt-style-1-6189-dark-indigo-blue\/#primaryimage"},"image":{"@id":"https:\/\/creationconfort.com\/en\/product\/adaptive-polo-shirt-style-1-6189-dark-indigo-blue\/#primaryimage"},"thumbnailUrl":"https:\/\/creationconfort.com\/wp-content\/uploads\/2025\/04\/1-6189-bleu-indigo-fonce.png","datePublished":"2025-04-11T14:27:59+00:00","dateModified":"2025-08-21T14:02:57+00:00","description":"Men's adaptive polo with back snap buttons. Ideal for individuals with reduced mobility or loss of autonomy. Easy to dress for caregivers, preserves dignity.","breadcrumb":{"@id":"https:\/\/creationconfort.com\/en\/product\/adaptive-polo-shirt-style-1-6189-dark-indigo-blue\/#breadcrumb"},"inLanguage":"en-US","potentialAction":[{"@type":"ReadAction","target":["https:\/\/creationconfort.com\/en\/product\/adaptive-polo-shirt-style-1-6189-dark-indigo-blue\/"]}]},{"@type":"ImageObject","inLanguage":"en-US","@id":"https:\/\/creationconfort.com\/en\/product\/adaptive-polo-shirt-style-1-6189-dark-indigo-blue\/#primaryimage","url":"https:\/\/creationconfort.com\/wp-content\/uploads\/2025\/04\/1-6189-bleu-indigo-fonce.png","contentUrl":"https:\/\/creationconfort.com\/wp-content\/uploads\/2025\/04\/1-6189-bleu-indigo-fonce.png","width":970,"height":1301},{"@type":"BreadcrumbList","@id":"https:\/\/creationconfort.com\/en\/product\/adaptive-polo-shirt-style-1-6189-dark-indigo-blue\/#breadcrumb","itemListElement":[{"@type":"ListItem","position":1,"name":"Accueil","item":"https:\/\/creationconfort.com\/en\/"},{"@type":"ListItem","position":2,"name":"Shop","item":"https:\/\/creationconfort.com\/en\/shop\/"},{"@type":"ListItem","position":3,"name":"Adaptive Polo Shirt Style 1-6189 &#8211; Dark Indigo Blue"}]},{"@type":"WebSite","@id":"https:\/\/creationconfort.com\/#website","url":"https:\/\/creationconfort.com\/","name":"Cr\u00e9ation confort","description":"V\u00eatements adapt\u00e9s","potentialAction":[{"@type":"SearchAction","target":{"@type":"EntryPoint","urlTemplate":"https:\/\/creationconfort.com\/?s={search_term_string}"},"query-input":{"@type":"PropertyValueSpecification","valueRequired":true,"valueName":"search_term_string"}}],"inLanguage":"en-US"}]}},"_links":{"self":[{"href":"https:\/\/creationconfort.com\/en\/wp-json\/wp\/v2\/product\/47583","targetHints":{"allow":["GET"]}}],"collection":[{"href":"https:\/\/creationconfort.com\/en\/wp-json\/wp\/v2\/product"}],"about":[{"href":"https:\/\/creationconfort.com\/en\/wp-json\/wp\/v2\/types\/product"}],"wp:featuredmedia":[{"embeddable":true,"href":"https:\/\/creationconfort.com\/en\/wp-json\/wp\/v2\/media\/47600"}],"wp:attachment":[{"href":"https:\/\/creationconfort.com\/en\/wp-json\/wp\/v2\/media?parent=47583"}],"wp:term":[{"taxonomy":"product_brand","embeddable":true,"href":"https:\/\/creationconfort.com\/en\/wp-json\/wp\/v2\/product_brand?post=47583"},{"taxonomy":"product_cat","embeddable":true,"href":"https:\/\/creationconfort.com\/en\/wp-json\/wp\/v2\/product_cat?post=47583"},{"taxonomy":"product_tag","embeddable":true,"href":"https:\/\/creationconfort.com\/en\/wp-json\/wp\/v2\/product_tag?post=47583"}],"curies":[{"name":"wp","href":"https:\/\/api.w.org\/{rel}","templated":true}]}}