{"id":46460,"date":"2024-12-11T13:26:52","date_gmt":"2024-12-11T18:26:52","guid":{"rendered":"https:\/\/creationconfort.com\/?post_type=product&#038;p=46460"},"modified":"2026-03-25T10:25:19","modified_gmt":"2026-03-25T14:25:19","slug":"bottomless-pants-style-7051-blue-jeans","status":"publish","type":"product","link":"https:\/\/creationconfort.com\/en\/product\/bottomless-pants-style-7051-blue-jeans\/","title":{"rendered":"Bottomless Pants Style 7051 in Blue Jeans"},"content":{"rendered":"<p>Discover our bottomless denim pants, specially designed for individuals with reduced mobility who are non-ambulatory. Created to provide both comfort and dignity, these pants are ideal for wheelchair users. They combine the look of classic pants with practical features: a Velcro closure at the back for easy dressing, great adjustability, and quick access to incontinence wear. This unisex model meets essential needs while ensuring a discreet and stylish appearance.<\/p>\n","protected":false},"excerpt":{"rendered":"<p>Discover our bottomless denim pants, specially designed for individuals with reduced mobility who are non-ambulatory. Created to provide both comfort [&hellip;]<\/p>\n","protected":false},"featured_media":22495,"template":"","meta":{"_acf_changed":false,"wp_popup_display_lightbox":0,"wp_popup_suppress":"","wp_popup_trigger":"","wp_popup_trigger_amount":0,"wp_popup_disable_on_mobile":false},"product_brand":[],"product_cat":[1153,1154,1057,1016],"product_tag":[],"class_list":{"0":"post-46460","1":"product","2":"type-product","3":"status-publish","4":"has-post-thumbnail","6":"conditions-alzheimer-conditions-0-en","7":"conditions-parkinson-conditions-0-en","8":"conditions-reduced-mobility-conditions-0-en","9":"conditions-senility-conditions-0-en","10":"product_cat-bottomless-pants-product_cat-1016-en","11":"product_cat-bottomless-pants-product_cat-1057-en","12":"product_cat-women-autumn-winter-product_cat-0-en","13":"product_cat-women-spring-summer-product_cat-0-en","15":"first","16":"instock","17":"taxable","18":"shipping-taxable","19":"purchasable","20":"product-type-variable"},"acf":[],"yoast_head":"<!-- This site is optimized with the Yoast SEO Premium plugin v26.6 (Yoast SEO v27.2) - https:\/\/yoast.com\/product\/yoast-seo-premium-wordpress\/ -->\n<title>Bottomless Pants Style 7051 in Blue Jeans - Cr\u00e9ation confort<\/title>\n<meta name=\"robots\" content=\"index, follow, max-snippet:-1, max-image-preview:large, max-video-preview:-1\" \/>\n<link rel=\"canonical\" href=\"https:\/\/creationconfort.com\/en\/product\/bottomless-pants-style-7051-blue-jeans\/\" \/>\n<meta property=\"og:locale\" content=\"en_US\" \/>\n<meta property=\"og:type\" content=\"article\" \/>\n<meta property=\"og:title\" content=\"Bottomless Pants Style 7051 in Blue Jeans\" \/>\n<meta property=\"og:description\" content=\"Discover our bottomless denim pants, specially designed for individuals with reduced mobility who are non-ambulatory. Created to provide both comfort [&hellip;]\" \/>\n<meta property=\"og:url\" content=\"https:\/\/creationconfort.com\/en\/product\/bottomless-pants-style-7051-blue-jeans\/\" \/>\n<meta property=\"og:site_name\" content=\"Cr\u00e9ation confort\" \/>\n<meta property=\"article:publisher\" content=\"https:\/\/www.facebook.com\/creationconfortvetementsadaptes\" \/>\n<meta property=\"article:modified_time\" content=\"2026-03-25T14:25:19+00:00\" \/>\n<meta property=\"og:image\" content=\"https:\/\/creationconfort.com\/wp-content\/uploads\/2021\/04\/1309-11.jpg\" \/>\n\t<meta property=\"og:image:width\" content=\"700\" \/>\n\t<meta property=\"og:image:height\" content=\"1500\" \/>\n\t<meta property=\"og:image:type\" content=\"image\/jpeg\" \/>\n<meta name=\"twitter:card\" content=\"summary_large_image\" \/>\n<meta name=\"twitter:label1\" content=\"Est. reading time\" \/>\n\t<meta name=\"twitter:data1\" content=\"1 minute\" \/>\n<script type=\"application\/ld+json\" class=\"yoast-schema-graph\">{\"@context\":\"https:\/\/schema.org\",\"@graph\":[{\"@type\":\"WebPage\",\"@id\":\"https:\/\/creationconfort.com\/en\/product\/bottomless-pants-style-7051-blue-jeans\/\",\"url\":\"https:\/\/creationconfort.com\/en\/product\/bottomless-pants-style-7051-blue-jeans\/\",\"name\":\"Bottomless Pants Style 7051 in Blue Jeans - Cr\u00e9ation confort\",\"isPartOf\":{\"@id\":\"https:\/\/creationconfort.com\/#website\"},\"primaryImageOfPage\":{\"@id\":\"https:\/\/creationconfort.com\/en\/product\/bottomless-pants-style-7051-blue-jeans\/#primaryimage\"},\"image\":{\"@id\":\"https:\/\/creationconfort.com\/en\/product\/bottomless-pants-style-7051-blue-jeans\/#primaryimage\"},\"thumbnailUrl\":\"https:\/\/creationconfort.com\/wp-content\/uploads\/2021\/04\/1309-11.jpg\",\"datePublished\":\"2024-12-11T18:26:52+00:00\",\"dateModified\":\"2026-03-25T14:25:19+00:00\",\"breadcrumb\":{\"@id\":\"https:\/\/creationconfort.com\/en\/product\/bottomless-pants-style-7051-blue-jeans\/#breadcrumb\"},\"inLanguage\":\"en-US\",\"potentialAction\":[{\"@type\":\"ReadAction\",\"target\":[\"https:\/\/creationconfort.com\/en\/product\/bottomless-pants-style-7051-blue-jeans\/\"]}]},{\"@type\":\"ImageObject\",\"inLanguage\":\"en-US\",\"@id\":\"https:\/\/creationconfort.com\/en\/product\/bottomless-pants-style-7051-blue-jeans\/#primaryimage\",\"url\":\"https:\/\/creationconfort.com\/wp-content\/uploads\/2021\/04\/1309-11.jpg\",\"contentUrl\":\"https:\/\/creationconfort.com\/wp-content\/uploads\/2021\/04\/1309-11.jpg\",\"width\":700,\"height\":1500},{\"@type\":\"BreadcrumbList\",\"@id\":\"https:\/\/creationconfort.com\/en\/product\/bottomless-pants-style-7051-blue-jeans\/#breadcrumb\",\"itemListElement\":[{\"@type\":\"ListItem\",\"position\":1,\"name\":\"Accueil\",\"item\":\"https:\/\/creationconfort.com\/en\/\"},{\"@type\":\"ListItem\",\"position\":2,\"name\":\"Shop\",\"item\":\"https:\/\/creationconfort.com\/en\/shop\/\"},{\"@type\":\"ListItem\",\"position\":3,\"name\":\"Bottomless Pants Style 7051 in Blue Jeans\"}]},{\"@type\":\"WebSite\",\"@id\":\"https:\/\/creationconfort.com\/#website\",\"url\":\"https:\/\/creationconfort.com\/\",\"name\":\"Cr\u00e9ation confort\",\"description\":\"V\u00eatements adapt\u00e9s\",\"potentialAction\":[{\"@type\":\"SearchAction\",\"target\":{\"@type\":\"EntryPoint\",\"urlTemplate\":\"https:\/\/creationconfort.com\/?s={search_term_string}\"},\"query-input\":{\"@type\":\"PropertyValueSpecification\",\"valueRequired\":true,\"valueName\":\"search_term_string\"}}],\"inLanguage\":\"en-US\"}]}<\/script>\n<!-- \/ Yoast SEO Premium plugin. -->","yoast_head_json":{"title":"Bottomless Pants Style 7051 in Blue Jeans - Cr\u00e9ation confort","robots":{"index":"index","follow":"follow","max-snippet":"max-snippet:-1","max-image-preview":"max-image-preview:large","max-video-preview":"max-video-preview:-1"},"canonical":"https:\/\/creationconfort.com\/en\/product\/bottomless-pants-style-7051-blue-jeans\/","og_locale":"en_US","og_type":"article","og_title":"Bottomless Pants Style 7051 in Blue Jeans","og_description":"Discover our bottomless denim pants, specially designed for individuals with reduced mobility who are non-ambulatory. Created to provide both comfort [&hellip;]","og_url":"https:\/\/creationconfort.com\/en\/product\/bottomless-pants-style-7051-blue-jeans\/","og_site_name":"Cr\u00e9ation confort","article_publisher":"https:\/\/www.facebook.com\/creationconfortvetementsadaptes","article_modified_time":"2026-03-25T14:25:19+00:00","og_image":[{"width":700,"height":1500,"url":"https:\/\/creationconfort.com\/wp-content\/uploads\/2021\/04\/1309-11.jpg","type":"image\/jpeg"}],"twitter_card":"summary_large_image","twitter_misc":{"Est. reading time":"1 minute"},"schema":{"@context":"https:\/\/schema.org","@graph":[{"@type":"WebPage","@id":"https:\/\/creationconfort.com\/en\/product\/bottomless-pants-style-7051-blue-jeans\/","url":"https:\/\/creationconfort.com\/en\/product\/bottomless-pants-style-7051-blue-jeans\/","name":"Bottomless Pants Style 7051 in Blue Jeans - Cr\u00e9ation confort","isPartOf":{"@id":"https:\/\/creationconfort.com\/#website"},"primaryImageOfPage":{"@id":"https:\/\/creationconfort.com\/en\/product\/bottomless-pants-style-7051-blue-jeans\/#primaryimage"},"image":{"@id":"https:\/\/creationconfort.com\/en\/product\/bottomless-pants-style-7051-blue-jeans\/#primaryimage"},"thumbnailUrl":"https:\/\/creationconfort.com\/wp-content\/uploads\/2021\/04\/1309-11.jpg","datePublished":"2024-12-11T18:26:52+00:00","dateModified":"2026-03-25T14:25:19+00:00","breadcrumb":{"@id":"https:\/\/creationconfort.com\/en\/product\/bottomless-pants-style-7051-blue-jeans\/#breadcrumb"},"inLanguage":"en-US","potentialAction":[{"@type":"ReadAction","target":["https:\/\/creationconfort.com\/en\/product\/bottomless-pants-style-7051-blue-jeans\/"]}]},{"@type":"ImageObject","inLanguage":"en-US","@id":"https:\/\/creationconfort.com\/en\/product\/bottomless-pants-style-7051-blue-jeans\/#primaryimage","url":"https:\/\/creationconfort.com\/wp-content\/uploads\/2021\/04\/1309-11.jpg","contentUrl":"https:\/\/creationconfort.com\/wp-content\/uploads\/2021\/04\/1309-11.jpg","width":700,"height":1500},{"@type":"BreadcrumbList","@id":"https:\/\/creationconfort.com\/en\/product\/bottomless-pants-style-7051-blue-jeans\/#breadcrumb","itemListElement":[{"@type":"ListItem","position":1,"name":"Accueil","item":"https:\/\/creationconfort.com\/en\/"},{"@type":"ListItem","position":2,"name":"Shop","item":"https:\/\/creationconfort.com\/en\/shop\/"},{"@type":"ListItem","position":3,"name":"Bottomless Pants Style 7051 in Blue Jeans"}]},{"@type":"WebSite","@id":"https:\/\/creationconfort.com\/#website","url":"https:\/\/creationconfort.com\/","name":"Cr\u00e9ation confort","description":"V\u00eatements adapt\u00e9s","potentialAction":[{"@type":"SearchAction","target":{"@type":"EntryPoint","urlTemplate":"https:\/\/creationconfort.com\/?s={search_term_string}"},"query-input":{"@type":"PropertyValueSpecification","valueRequired":true,"valueName":"search_term_string"}}],"inLanguage":"en-US"}]}},"_links":{"self":[{"href":"https:\/\/creationconfort.com\/en\/wp-json\/wp\/v2\/product\/46460","targetHints":{"allow":["GET"]}}],"collection":[{"href":"https:\/\/creationconfort.com\/en\/wp-json\/wp\/v2\/product"}],"about":[{"href":"https:\/\/creationconfort.com\/en\/wp-json\/wp\/v2\/types\/product"}],"wp:featuredmedia":[{"embeddable":true,"href":"https:\/\/creationconfort.com\/en\/wp-json\/wp\/v2\/media\/22495"}],"wp:attachment":[{"href":"https:\/\/creationconfort.com\/en\/wp-json\/wp\/v2\/media?parent=46460"}],"wp:term":[{"taxonomy":"product_brand","embeddable":true,"href":"https:\/\/creationconfort.com\/en\/wp-json\/wp\/v2\/product_brand?post=46460"},{"taxonomy":"product_cat","embeddable":true,"href":"https:\/\/creationconfort.com\/en\/wp-json\/wp\/v2\/product_cat?post=46460"},{"taxonomy":"product_tag","embeddable":true,"href":"https:\/\/creationconfort.com\/en\/wp-json\/wp\/v2\/product_tag?post=46460"}],"curies":[{"name":"wp","href":"https:\/\/api.w.org\/{rel}","templated":true}]}}