{"id":45645,"date":"2024-10-01T09:58:00","date_gmt":"2024-10-01T13:58:00","guid":{"rendered":"https:\/\/creationconfort.com\/?post_type=product&#038;p=45645"},"modified":"2025-09-26T14:40:16","modified_gmt":"2025-09-26T18:40:16","slug":"adaptive-dress-style-2-4603-blue-flower","status":"publish","type":"product","link":"https:\/\/creationconfort.com\/en\/product\/adaptive-dress-style-2-4603-blue-flower\/","title":{"rendered":"Adaptive Dress Style 2-4603 Blue Flower"},"content":{"rendered":"<p>&nbsp;<\/p>\n<p>Discover the perfect blend of style and functionality with our Beautiful Long Sleeve Adaptive Dress, designed specifically for women who need a little extra assistance getting dressed. Crafted from high-quality, durable fabric that withstands industrial washing, this dress is not only practical but also incredibly comfortable for all-day wear.<\/p>\n<p>The thoughtful design features snap closures at the back, making it easy to put on and take off, while ensuring a secure fit. Whether for everyday use or special occasions, this dress allows for effortless dressing without compromising on elegance.<\/p>\n<p>Embrace comfort and style with our Beautiful Long Sleeve Adaptive Dress\u2014because every woman deserves to feel beautiful and confident. Ideal for caregivers and individuals alike, this dress is a reliable addition to any wardrobe. Experience the perfect combination of convenience and grace!<\/p>\n","protected":false},"excerpt":{"rendered":"<p>&nbsp; Discover the perfect blend of style and functionality with our Beautiful Long Sleeve Adaptive Dress, designed specifically for women [&hellip;]<\/p>\n","protected":false},"featured_media":45659,"template":"","meta":{"_acf_changed":false,"wp_popup_display_lightbox":0,"wp_popup_suppress":"","wp_popup_trigger":"","wp_popup_trigger_amount":0,"wp_popup_disable_on_mobile":false},"product_brand":[],"product_cat":[1213,1057],"product_tag":[],"class_list":{"0":"post-45645","1":"product","2":"type-product","3":"status-publish","4":"has-post-thumbnail","6":"conditions-alzheimer-conditions-0-en","7":"conditions-parkinson-conditions-0-en","8":"conditions-reduced-mobility-conditions-0-en","9":"product_cat-dress-product_cat-1057-en","10":"product_cat-women-autumn-winter-product_cat-0-en","12":"first","13":"instock","14":"taxable","15":"shipping-taxable","16":"purchasable","17":"product-type-variable"},"acf":[],"yoast_head":"<!-- This site is optimized with the Yoast SEO Premium plugin v26.6 (Yoast SEO v27.2) - https:\/\/yoast.com\/product\/yoast-seo-premium-wordpress\/ -->\n<title>Adaptive Dress Style 2-4603 Blue Flower - Cr\u00e9ation confort<\/title>\n<meta name=\"robots\" content=\"index, follow, max-snippet:-1, max-image-preview:large, max-video-preview:-1\" \/>\n<link rel=\"canonical\" href=\"https:\/\/creationconfort.com\/en\/product\/adaptive-dress-style-2-4603-blue-flower\/\" \/>\n<meta property=\"og:locale\" content=\"en_US\" \/>\n<meta property=\"og:type\" content=\"article\" \/>\n<meta property=\"og:title\" content=\"Adaptive Dress Style 2-4603 Blue Flower\" \/>\n<meta property=\"og:description\" content=\"&nbsp; Discover the perfect blend of style and functionality with our Beautiful Long Sleeve Adaptive Dress, designed specifically for women [&hellip;]\" \/>\n<meta property=\"og:url\" content=\"https:\/\/creationconfort.com\/en\/product\/adaptive-dress-style-2-4603-blue-flower\/\" \/>\n<meta property=\"og:site_name\" content=\"Cr\u00e9ation confort\" \/>\n<meta property=\"article:publisher\" content=\"https:\/\/www.facebook.com\/creationconfortvetementsadaptes\" \/>\n<meta property=\"article:modified_time\" content=\"2025-09-26T18:40:16+00:00\" \/>\n<meta property=\"og:image\" content=\"https:\/\/creationconfort.com\/wp-content\/uploads\/2024\/10\/2-4603-bleu-4.jpg\" \/>\n\t<meta property=\"og:image:width\" content=\"870\" \/>\n\t<meta property=\"og:image:height\" content=\"2000\" \/>\n\t<meta property=\"og:image:type\" content=\"image\/jpeg\" \/>\n<meta name=\"twitter:card\" content=\"summary_large_image\" \/>\n<meta name=\"twitter:label1\" content=\"Est. reading time\" \/>\n\t<meta name=\"twitter:data1\" content=\"1 minute\" \/>\n<script type=\"application\/ld+json\" class=\"yoast-schema-graph\">{\"@context\":\"https:\/\/schema.org\",\"@graph\":[{\"@type\":\"WebPage\",\"@id\":\"https:\/\/creationconfort.com\/en\/product\/adaptive-dress-style-2-4603-blue-flower\/\",\"url\":\"https:\/\/creationconfort.com\/en\/product\/adaptive-dress-style-2-4603-blue-flower\/\",\"name\":\"Adaptive Dress Style 2-4603 Blue Flower - Cr\u00e9ation confort\",\"isPartOf\":{\"@id\":\"https:\/\/creationconfort.com\/#website\"},\"primaryImageOfPage\":{\"@id\":\"https:\/\/creationconfort.com\/en\/product\/adaptive-dress-style-2-4603-blue-flower\/#primaryimage\"},\"image\":{\"@id\":\"https:\/\/creationconfort.com\/en\/product\/adaptive-dress-style-2-4603-blue-flower\/#primaryimage\"},\"thumbnailUrl\":\"https:\/\/creationconfort.com\/wp-content\/uploads\/2024\/10\/2-4603-bleu-4.jpg\",\"datePublished\":\"2024-10-01T13:58:00+00:00\",\"dateModified\":\"2025-09-26T18:40:16+00:00\",\"breadcrumb\":{\"@id\":\"https:\/\/creationconfort.com\/en\/product\/adaptive-dress-style-2-4603-blue-flower\/#breadcrumb\"},\"inLanguage\":\"en-US\",\"potentialAction\":[{\"@type\":\"ReadAction\",\"target\":[\"https:\/\/creationconfort.com\/en\/product\/adaptive-dress-style-2-4603-blue-flower\/\"]}]},{\"@type\":\"ImageObject\",\"inLanguage\":\"en-US\",\"@id\":\"https:\/\/creationconfort.com\/en\/product\/adaptive-dress-style-2-4603-blue-flower\/#primaryimage\",\"url\":\"https:\/\/creationconfort.com\/wp-content\/uploads\/2024\/10\/2-4603-bleu-4.jpg\",\"contentUrl\":\"https:\/\/creationconfort.com\/wp-content\/uploads\/2024\/10\/2-4603-bleu-4.jpg\",\"width\":870,\"height\":2000},{\"@type\":\"BreadcrumbList\",\"@id\":\"https:\/\/creationconfort.com\/en\/product\/adaptive-dress-style-2-4603-blue-flower\/#breadcrumb\",\"itemListElement\":[{\"@type\":\"ListItem\",\"position\":1,\"name\":\"Accueil\",\"item\":\"https:\/\/creationconfort.com\/en\/\"},{\"@type\":\"ListItem\",\"position\":2,\"name\":\"Shop\",\"item\":\"https:\/\/creationconfort.com\/en\/shop\/\"},{\"@type\":\"ListItem\",\"position\":3,\"name\":\"Adaptive Dress Style 2-4603 Blue Flower\"}]},{\"@type\":\"WebSite\",\"@id\":\"https:\/\/creationconfort.com\/#website\",\"url\":\"https:\/\/creationconfort.com\/\",\"name\":\"Cr\u00e9ation confort\",\"description\":\"V\u00eatements adapt\u00e9s\",\"potentialAction\":[{\"@type\":\"SearchAction\",\"target\":{\"@type\":\"EntryPoint\",\"urlTemplate\":\"https:\/\/creationconfort.com\/?s={search_term_string}\"},\"query-input\":{\"@type\":\"PropertyValueSpecification\",\"valueRequired\":true,\"valueName\":\"search_term_string\"}}],\"inLanguage\":\"en-US\"}]}<\/script>\n<!-- \/ Yoast SEO Premium plugin. -->","yoast_head_json":{"title":"Adaptive Dress Style 2-4603 Blue Flower - Cr\u00e9ation confort","robots":{"index":"index","follow":"follow","max-snippet":"max-snippet:-1","max-image-preview":"max-image-preview:large","max-video-preview":"max-video-preview:-1"},"canonical":"https:\/\/creationconfort.com\/en\/product\/adaptive-dress-style-2-4603-blue-flower\/","og_locale":"en_US","og_type":"article","og_title":"Adaptive Dress Style 2-4603 Blue Flower","og_description":"&nbsp; Discover the perfect blend of style and functionality with our Beautiful Long Sleeve Adaptive Dress, designed specifically for women [&hellip;]","og_url":"https:\/\/creationconfort.com\/en\/product\/adaptive-dress-style-2-4603-blue-flower\/","og_site_name":"Cr\u00e9ation confort","article_publisher":"https:\/\/www.facebook.com\/creationconfortvetementsadaptes","article_modified_time":"2025-09-26T18:40:16+00:00","og_image":[{"width":870,"height":2000,"url":"https:\/\/creationconfort.com\/wp-content\/uploads\/2024\/10\/2-4603-bleu-4.jpg","type":"image\/jpeg"}],"twitter_card":"summary_large_image","twitter_misc":{"Est. reading time":"1 minute"},"schema":{"@context":"https:\/\/schema.org","@graph":[{"@type":"WebPage","@id":"https:\/\/creationconfort.com\/en\/product\/adaptive-dress-style-2-4603-blue-flower\/","url":"https:\/\/creationconfort.com\/en\/product\/adaptive-dress-style-2-4603-blue-flower\/","name":"Adaptive Dress Style 2-4603 Blue Flower - Cr\u00e9ation confort","isPartOf":{"@id":"https:\/\/creationconfort.com\/#website"},"primaryImageOfPage":{"@id":"https:\/\/creationconfort.com\/en\/product\/adaptive-dress-style-2-4603-blue-flower\/#primaryimage"},"image":{"@id":"https:\/\/creationconfort.com\/en\/product\/adaptive-dress-style-2-4603-blue-flower\/#primaryimage"},"thumbnailUrl":"https:\/\/creationconfort.com\/wp-content\/uploads\/2024\/10\/2-4603-bleu-4.jpg","datePublished":"2024-10-01T13:58:00+00:00","dateModified":"2025-09-26T18:40:16+00:00","breadcrumb":{"@id":"https:\/\/creationconfort.com\/en\/product\/adaptive-dress-style-2-4603-blue-flower\/#breadcrumb"},"inLanguage":"en-US","potentialAction":[{"@type":"ReadAction","target":["https:\/\/creationconfort.com\/en\/product\/adaptive-dress-style-2-4603-blue-flower\/"]}]},{"@type":"ImageObject","inLanguage":"en-US","@id":"https:\/\/creationconfort.com\/en\/product\/adaptive-dress-style-2-4603-blue-flower\/#primaryimage","url":"https:\/\/creationconfort.com\/wp-content\/uploads\/2024\/10\/2-4603-bleu-4.jpg","contentUrl":"https:\/\/creationconfort.com\/wp-content\/uploads\/2024\/10\/2-4603-bleu-4.jpg","width":870,"height":2000},{"@type":"BreadcrumbList","@id":"https:\/\/creationconfort.com\/en\/product\/adaptive-dress-style-2-4603-blue-flower\/#breadcrumb","itemListElement":[{"@type":"ListItem","position":1,"name":"Accueil","item":"https:\/\/creationconfort.com\/en\/"},{"@type":"ListItem","position":2,"name":"Shop","item":"https:\/\/creationconfort.com\/en\/shop\/"},{"@type":"ListItem","position":3,"name":"Adaptive Dress Style 2-4603 Blue Flower"}]},{"@type":"WebSite","@id":"https:\/\/creationconfort.com\/#website","url":"https:\/\/creationconfort.com\/","name":"Cr\u00e9ation confort","description":"V\u00eatements adapt\u00e9s","potentialAction":[{"@type":"SearchAction","target":{"@type":"EntryPoint","urlTemplate":"https:\/\/creationconfort.com\/?s={search_term_string}"},"query-input":{"@type":"PropertyValueSpecification","valueRequired":true,"valueName":"search_term_string"}}],"inLanguage":"en-US"}]}},"_links":{"self":[{"href":"https:\/\/creationconfort.com\/en\/wp-json\/wp\/v2\/product\/45645","targetHints":{"allow":["GET"]}}],"collection":[{"href":"https:\/\/creationconfort.com\/en\/wp-json\/wp\/v2\/product"}],"about":[{"href":"https:\/\/creationconfort.com\/en\/wp-json\/wp\/v2\/types\/product"}],"wp:featuredmedia":[{"embeddable":true,"href":"https:\/\/creationconfort.com\/en\/wp-json\/wp\/v2\/media\/45659"}],"wp:attachment":[{"href":"https:\/\/creationconfort.com\/en\/wp-json\/wp\/v2\/media?parent=45645"}],"wp:term":[{"taxonomy":"product_brand","embeddable":true,"href":"https:\/\/creationconfort.com\/en\/wp-json\/wp\/v2\/product_brand?post=45645"},{"taxonomy":"product_cat","embeddable":true,"href":"https:\/\/creationconfort.com\/en\/wp-json\/wp\/v2\/product_cat?post=45645"},{"taxonomy":"product_tag","embeddable":true,"href":"https:\/\/creationconfort.com\/en\/wp-json\/wp\/v2\/product_tag?post=45645"}],"curies":[{"name":"wp","href":"https:\/\/api.w.org\/{rel}","templated":true}]}}