{"id":44863,"date":"2024-07-30T09:01:33","date_gmt":"2024-07-30T13:01:33","guid":{"rendered":"https:\/\/creationconfort.com\/?post_type=product&#038;p=44863"},"modified":"2024-07-30T09:45:09","modified_gmt":"2024-07-30T13:45:09","slug":"shawl-vest-lilac","status":"publish","type":"product","link":"https:\/\/creationconfort.com\/en\/product\/shawl-vest-lilac\/","title":{"rendered":"Shawl Vest Style 1421- Lilac"},"content":{"rendered":"<p>A women&#8217;s reading shawl is an elegant and practical accessory designed to provide warmth and comfort while adding a touch of sophistication to your outfit. This shawl is made from 100% acrylic, a soft and lightweight material that ensures pleasant warmth and easy care. Acrylic is known for its durability and resistance to pilling, making it an ideal choice for everyday use.<\/p>\n<p>Perfect for women of all ages, this shawl also makes a wonderful gift, symbolizing thoughtfulness and care through its comforting functionality.<\/p>\n","protected":false},"excerpt":{"rendered":"<p>A women&#8217;s reading shawl is an elegant and practical accessory designed to provide warmth and comfort while adding a touch [&hellip;]<\/p>\n","protected":false},"featured_media":44864,"template":"","meta":{"_acf_changed":false,"wp_popup_display_lightbox":0,"wp_popup_suppress":"","wp_popup_trigger":"","wp_popup_trigger_amount":0,"wp_popup_disable_on_mobile":false},"product_brand":[],"product_cat":[1068,1084,1422],"product_tag":[],"class_list":{"0":"post-44863","1":"product","2":"type-product","3":"status-publish","4":"has-post-thumbnail","6":"conditions-alzheimer-conditions-0-en","7":"conditions-parkinson-conditions-0-en","8":"conditions-reduced-mobility-conditions-0-en","9":"product_cat-accessories-product_cat-0-en","10":"product_cat-cape-product_cat-1068-en","11":"product_cat-cape-women","13":"first","14":"instock","15":"taxable","16":"shipping-taxable","17":"purchasable","18":"product-type-simple"},"acf":[],"yoast_head":"<!-- This site is optimized with the Yoast SEO Premium plugin v26.6 (Yoast SEO v27.2) - https:\/\/yoast.com\/product\/yoast-seo-premium-wordpress\/ -->\n<title>Shawl Vest Style 1421- Lilac - Cr\u00e9ation confort<\/title>\n<meta name=\"robots\" content=\"index, follow, max-snippet:-1, max-image-preview:large, max-video-preview:-1\" \/>\n<link rel=\"canonical\" href=\"https:\/\/creationconfort.com\/en\/product\/shawl-vest-lilac\/\" \/>\n<meta property=\"og:locale\" content=\"en_US\" \/>\n<meta property=\"og:type\" content=\"article\" \/>\n<meta property=\"og:title\" content=\"Shawl Vest Style 1421- Lilac\" \/>\n<meta property=\"og:description\" content=\"A women&#8217;s reading shawl is an elegant and practical accessory designed to provide warmth and comfort while adding a touch [&hellip;]\" \/>\n<meta property=\"og:url\" content=\"https:\/\/creationconfort.com\/en\/product\/shawl-vest-lilac\/\" \/>\n<meta property=\"og:site_name\" content=\"Cr\u00e9ation confort\" \/>\n<meta property=\"article:publisher\" content=\"https:\/\/www.facebook.com\/creationconfortvetementsadaptes\" \/>\n<meta property=\"article:modified_time\" content=\"2024-07-30T13:45:09+00:00\" \/>\n<meta property=\"og:image\" content=\"https:\/\/creationconfort.com\/wp-content\/uploads\/2024\/07\/1421lilas1.jpg\" \/>\n\t<meta property=\"og:image:width\" content=\"666\" \/>\n\t<meta property=\"og:image:height\" content=\"912\" \/>\n\t<meta property=\"og:image:type\" content=\"image\/jpeg\" \/>\n<meta name=\"twitter:card\" content=\"summary_large_image\" \/>\n<meta name=\"twitter:label1\" content=\"Est. reading time\" \/>\n\t<meta name=\"twitter:data1\" content=\"1 minute\" \/>\n<script type=\"application\/ld+json\" class=\"yoast-schema-graph\">{\"@context\":\"https:\/\/schema.org\",\"@graph\":[{\"@type\":\"WebPage\",\"@id\":\"https:\/\/creationconfort.com\/en\/product\/shawl-vest-lilac\/\",\"url\":\"https:\/\/creationconfort.com\/en\/product\/shawl-vest-lilac\/\",\"name\":\"Shawl Vest Style 1421- Lilac - Cr\u00e9ation confort\",\"isPartOf\":{\"@id\":\"https:\/\/creationconfort.com\/#website\"},\"primaryImageOfPage\":{\"@id\":\"https:\/\/creationconfort.com\/en\/product\/shawl-vest-lilac\/#primaryimage\"},\"image\":{\"@id\":\"https:\/\/creationconfort.com\/en\/product\/shawl-vest-lilac\/#primaryimage\"},\"thumbnailUrl\":\"https:\/\/creationconfort.com\/wp-content\/uploads\/2024\/07\/1421lilas1.jpg\",\"datePublished\":\"2024-07-30T13:01:33+00:00\",\"dateModified\":\"2024-07-30T13:45:09+00:00\",\"breadcrumb\":{\"@id\":\"https:\/\/creationconfort.com\/en\/product\/shawl-vest-lilac\/#breadcrumb\"},\"inLanguage\":\"en-US\",\"potentialAction\":[{\"@type\":\"ReadAction\",\"target\":[\"https:\/\/creationconfort.com\/en\/product\/shawl-vest-lilac\/\"]}]},{\"@type\":\"ImageObject\",\"inLanguage\":\"en-US\",\"@id\":\"https:\/\/creationconfort.com\/en\/product\/shawl-vest-lilac\/#primaryimage\",\"url\":\"https:\/\/creationconfort.com\/wp-content\/uploads\/2024\/07\/1421lilas1.jpg\",\"contentUrl\":\"https:\/\/creationconfort.com\/wp-content\/uploads\/2024\/07\/1421lilas1.jpg\",\"width\":666,\"height\":912},{\"@type\":\"BreadcrumbList\",\"@id\":\"https:\/\/creationconfort.com\/en\/product\/shawl-vest-lilac\/#breadcrumb\",\"itemListElement\":[{\"@type\":\"ListItem\",\"position\":1,\"name\":\"Accueil\",\"item\":\"https:\/\/creationconfort.com\/en\/\"},{\"@type\":\"ListItem\",\"position\":2,\"name\":\"Shop\",\"item\":\"https:\/\/creationconfort.com\/en\/shop\/\"},{\"@type\":\"ListItem\",\"position\":3,\"name\":\"Shawl Vest Style 1421- Lilac\"}]},{\"@type\":\"WebSite\",\"@id\":\"https:\/\/creationconfort.com\/#website\",\"url\":\"https:\/\/creationconfort.com\/\",\"name\":\"Cr\u00e9ation confort\",\"description\":\"V\u00eatements adapt\u00e9s\",\"potentialAction\":[{\"@type\":\"SearchAction\",\"target\":{\"@type\":\"EntryPoint\",\"urlTemplate\":\"https:\/\/creationconfort.com\/?s={search_term_string}\"},\"query-input\":{\"@type\":\"PropertyValueSpecification\",\"valueRequired\":true,\"valueName\":\"search_term_string\"}}],\"inLanguage\":\"en-US\"}]}<\/script>\n<!-- \/ Yoast SEO Premium plugin. -->","yoast_head_json":{"title":"Shawl Vest Style 1421- Lilac - Cr\u00e9ation confort","robots":{"index":"index","follow":"follow","max-snippet":"max-snippet:-1","max-image-preview":"max-image-preview:large","max-video-preview":"max-video-preview:-1"},"canonical":"https:\/\/creationconfort.com\/en\/product\/shawl-vest-lilac\/","og_locale":"en_US","og_type":"article","og_title":"Shawl Vest Style 1421- Lilac","og_description":"A women&#8217;s reading shawl is an elegant and practical accessory designed to provide warmth and comfort while adding a touch [&hellip;]","og_url":"https:\/\/creationconfort.com\/en\/product\/shawl-vest-lilac\/","og_site_name":"Cr\u00e9ation confort","article_publisher":"https:\/\/www.facebook.com\/creationconfortvetementsadaptes","article_modified_time":"2024-07-30T13:45:09+00:00","og_image":[{"width":666,"height":912,"url":"https:\/\/creationconfort.com\/wp-content\/uploads\/2024\/07\/1421lilas1.jpg","type":"image\/jpeg"}],"twitter_card":"summary_large_image","twitter_misc":{"Est. reading time":"1 minute"},"schema":{"@context":"https:\/\/schema.org","@graph":[{"@type":"WebPage","@id":"https:\/\/creationconfort.com\/en\/product\/shawl-vest-lilac\/","url":"https:\/\/creationconfort.com\/en\/product\/shawl-vest-lilac\/","name":"Shawl Vest Style 1421- Lilac - Cr\u00e9ation confort","isPartOf":{"@id":"https:\/\/creationconfort.com\/#website"},"primaryImageOfPage":{"@id":"https:\/\/creationconfort.com\/en\/product\/shawl-vest-lilac\/#primaryimage"},"image":{"@id":"https:\/\/creationconfort.com\/en\/product\/shawl-vest-lilac\/#primaryimage"},"thumbnailUrl":"https:\/\/creationconfort.com\/wp-content\/uploads\/2024\/07\/1421lilas1.jpg","datePublished":"2024-07-30T13:01:33+00:00","dateModified":"2024-07-30T13:45:09+00:00","breadcrumb":{"@id":"https:\/\/creationconfort.com\/en\/product\/shawl-vest-lilac\/#breadcrumb"},"inLanguage":"en-US","potentialAction":[{"@type":"ReadAction","target":["https:\/\/creationconfort.com\/en\/product\/shawl-vest-lilac\/"]}]},{"@type":"ImageObject","inLanguage":"en-US","@id":"https:\/\/creationconfort.com\/en\/product\/shawl-vest-lilac\/#primaryimage","url":"https:\/\/creationconfort.com\/wp-content\/uploads\/2024\/07\/1421lilas1.jpg","contentUrl":"https:\/\/creationconfort.com\/wp-content\/uploads\/2024\/07\/1421lilas1.jpg","width":666,"height":912},{"@type":"BreadcrumbList","@id":"https:\/\/creationconfort.com\/en\/product\/shawl-vest-lilac\/#breadcrumb","itemListElement":[{"@type":"ListItem","position":1,"name":"Accueil","item":"https:\/\/creationconfort.com\/en\/"},{"@type":"ListItem","position":2,"name":"Shop","item":"https:\/\/creationconfort.com\/en\/shop\/"},{"@type":"ListItem","position":3,"name":"Shawl Vest Style 1421- Lilac"}]},{"@type":"WebSite","@id":"https:\/\/creationconfort.com\/#website","url":"https:\/\/creationconfort.com\/","name":"Cr\u00e9ation confort","description":"V\u00eatements adapt\u00e9s","potentialAction":[{"@type":"SearchAction","target":{"@type":"EntryPoint","urlTemplate":"https:\/\/creationconfort.com\/?s={search_term_string}"},"query-input":{"@type":"PropertyValueSpecification","valueRequired":true,"valueName":"search_term_string"}}],"inLanguage":"en-US"}]}},"_links":{"self":[{"href":"https:\/\/creationconfort.com\/en\/wp-json\/wp\/v2\/product\/44863","targetHints":{"allow":["GET"]}}],"collection":[{"href":"https:\/\/creationconfort.com\/en\/wp-json\/wp\/v2\/product"}],"about":[{"href":"https:\/\/creationconfort.com\/en\/wp-json\/wp\/v2\/types\/product"}],"wp:featuredmedia":[{"embeddable":true,"href":"https:\/\/creationconfort.com\/en\/wp-json\/wp\/v2\/media\/44864"}],"wp:attachment":[{"href":"https:\/\/creationconfort.com\/en\/wp-json\/wp\/v2\/media?parent=44863"}],"wp:term":[{"taxonomy":"product_brand","embeddable":true,"href":"https:\/\/creationconfort.com\/en\/wp-json\/wp\/v2\/product_brand?post=44863"},{"taxonomy":"product_cat","embeddable":true,"href":"https:\/\/creationconfort.com\/en\/wp-json\/wp\/v2\/product_cat?post=44863"},{"taxonomy":"product_tag","embeddable":true,"href":"https:\/\/creationconfort.com\/en\/wp-json\/wp\/v2\/product_tag?post=44863"}],"curies":[{"name":"wp","href":"https:\/\/api.w.org\/{rel}","templated":true}]}}