{"id":44319,"date":"2024-06-18T12:37:16","date_gmt":"2024-06-18T16:37:16","guid":{"rendered":"https:\/\/creationconfort.com\/?post_type=product&#038;p=44319"},"modified":"2026-04-03T14:58:01","modified_gmt":"2026-04-03T18:58:01","slug":"adapted-skirt-style-1259-brown","status":"publish","type":"product","link":"https:\/\/creationconfort.com\/en\/product\/adapted-skirt-style-1259-brown\/","title":{"rendered":"Adapted Skirt Style 1259 &#8211; Brown"},"content":{"rendered":"<p>Our adapted skirt features a full side opening, a velcro closure, and a patch pocket on the back.<\/p>\n","protected":false},"excerpt":{"rendered":"<p>Our adapted skirt features a full side opening, a velcro closure, and a patch pocket on the back.<\/p>\n","protected":false},"featured_media":44236,"template":"","meta":{"_acf_changed":false,"wp_popup_display_lightbox":0,"wp_popup_suppress":"","wp_popup_trigger":"","wp_popup_trigger_amount":0,"wp_popup_disable_on_mobile":false},"product_brand":[],"product_cat":[1426,1017,1057,1016],"product_tag":[],"class_list":{"0":"post-44319","1":"product","2":"type-product","3":"status-publish","4":"has-post-thumbnail","6":"conditions-alzheimer-conditions-0-en","7":"conditions-parkinson-conditions-0-en","8":"conditions-reduced-mobility-conditions-0-en","9":"product_cat-adaptive-skirts","10":"product_cat-skirts-product_cat-1016-en","11":"product_cat-women-autumn-winter-product_cat-0-en","12":"product_cat-women-spring-summer-product_cat-0-en","14":"first","15":"instock","16":"taxable","17":"shipping-taxable","18":"purchasable","19":"product-type-variable"},"acf":[],"yoast_head":"<!-- This site is optimized with the Yoast SEO Premium plugin v26.6 (Yoast SEO v27.2) - https:\/\/yoast.com\/product\/yoast-seo-premium-wordpress\/ -->\n<title>Adapted Skirt Style 1259 - Brown - Cr\u00e9ation confort<\/title>\n<meta name=\"robots\" content=\"index, follow, max-snippet:-1, max-image-preview:large, max-video-preview:-1\" \/>\n<link rel=\"canonical\" href=\"https:\/\/creationconfort.com\/en\/product\/adapted-skirt-style-1259-brown\/\" \/>\n<meta property=\"og:locale\" content=\"en_US\" \/>\n<meta property=\"og:type\" content=\"article\" \/>\n<meta property=\"og:title\" content=\"Adapted Skirt Style 1259 - Brown\" \/>\n<meta property=\"og:description\" content=\"Our adapted skirt features a full side opening, a velcro closure, and a patch pocket on the back.\" \/>\n<meta property=\"og:url\" content=\"https:\/\/creationconfort.com\/en\/product\/adapted-skirt-style-1259-brown\/\" \/>\n<meta property=\"og:site_name\" content=\"Cr\u00e9ation confort\" \/>\n<meta property=\"article:publisher\" content=\"https:\/\/www.facebook.com\/creationconfortvetementsadaptes\" \/>\n<meta property=\"article:modified_time\" content=\"2026-04-03T18:58:01+00:00\" \/>\n<meta property=\"og:image\" content=\"https:\/\/creationconfort.com\/wp-content\/uploads\/2024\/06\/1259-brun42.jpg\" \/>\n\t<meta property=\"og:image:width\" content=\"970\" \/>\n\t<meta property=\"og:image:height\" content=\"1817\" \/>\n\t<meta property=\"og:image:type\" content=\"image\/jpeg\" \/>\n<meta name=\"twitter:card\" content=\"summary_large_image\" \/>\n<meta name=\"twitter:label1\" content=\"Est. reading time\" \/>\n\t<meta name=\"twitter:data1\" content=\"1 minute\" \/>\n<script type=\"application\/ld+json\" class=\"yoast-schema-graph\">{\"@context\":\"https:\/\/schema.org\",\"@graph\":[{\"@type\":\"WebPage\",\"@id\":\"https:\/\/creationconfort.com\/en\/product\/adapted-skirt-style-1259-brown\/\",\"url\":\"https:\/\/creationconfort.com\/en\/product\/adapted-skirt-style-1259-brown\/\",\"name\":\"Adapted Skirt Style 1259 - Brown - Cr\u00e9ation confort\",\"isPartOf\":{\"@id\":\"https:\/\/creationconfort.com\/#website\"},\"primaryImageOfPage\":{\"@id\":\"https:\/\/creationconfort.com\/en\/product\/adapted-skirt-style-1259-brown\/#primaryimage\"},\"image\":{\"@id\":\"https:\/\/creationconfort.com\/en\/product\/adapted-skirt-style-1259-brown\/#primaryimage\"},\"thumbnailUrl\":\"https:\/\/creationconfort.com\/wp-content\/uploads\/2024\/06\/1259-brun42.jpg\",\"datePublished\":\"2024-06-18T16:37:16+00:00\",\"dateModified\":\"2026-04-03T18:58:01+00:00\",\"breadcrumb\":{\"@id\":\"https:\/\/creationconfort.com\/en\/product\/adapted-skirt-style-1259-brown\/#breadcrumb\"},\"inLanguage\":\"en-US\",\"potentialAction\":[{\"@type\":\"ReadAction\",\"target\":[\"https:\/\/creationconfort.com\/en\/product\/adapted-skirt-style-1259-brown\/\"]}]},{\"@type\":\"ImageObject\",\"inLanguage\":\"en-US\",\"@id\":\"https:\/\/creationconfort.com\/en\/product\/adapted-skirt-style-1259-brown\/#primaryimage\",\"url\":\"https:\/\/creationconfort.com\/wp-content\/uploads\/2024\/06\/1259-brun42.jpg\",\"contentUrl\":\"https:\/\/creationconfort.com\/wp-content\/uploads\/2024\/06\/1259-brun42.jpg\",\"width\":970,\"height\":1817},{\"@type\":\"BreadcrumbList\",\"@id\":\"https:\/\/creationconfort.com\/en\/product\/adapted-skirt-style-1259-brown\/#breadcrumb\",\"itemListElement\":[{\"@type\":\"ListItem\",\"position\":1,\"name\":\"Accueil\",\"item\":\"https:\/\/creationconfort.com\/en\/\"},{\"@type\":\"ListItem\",\"position\":2,\"name\":\"Shop\",\"item\":\"https:\/\/creationconfort.com\/en\/shop\/\"},{\"@type\":\"ListItem\",\"position\":3,\"name\":\"Adapted Skirt Style 1259 &#8211; Brown\"}]},{\"@type\":\"WebSite\",\"@id\":\"https:\/\/creationconfort.com\/#website\",\"url\":\"https:\/\/creationconfort.com\/\",\"name\":\"Cr\u00e9ation confort\",\"description\":\"V\u00eatements adapt\u00e9s\",\"potentialAction\":[{\"@type\":\"SearchAction\",\"target\":{\"@type\":\"EntryPoint\",\"urlTemplate\":\"https:\/\/creationconfort.com\/?s={search_term_string}\"},\"query-input\":{\"@type\":\"PropertyValueSpecification\",\"valueRequired\":true,\"valueName\":\"search_term_string\"}}],\"inLanguage\":\"en-US\"}]}<\/script>\n<!-- \/ Yoast SEO Premium plugin. -->","yoast_head_json":{"title":"Adapted Skirt Style 1259 - Brown - Cr\u00e9ation confort","robots":{"index":"index","follow":"follow","max-snippet":"max-snippet:-1","max-image-preview":"max-image-preview:large","max-video-preview":"max-video-preview:-1"},"canonical":"https:\/\/creationconfort.com\/en\/product\/adapted-skirt-style-1259-brown\/","og_locale":"en_US","og_type":"article","og_title":"Adapted Skirt Style 1259 - Brown","og_description":"Our adapted skirt features a full side opening, a velcro closure, and a patch pocket on the back.","og_url":"https:\/\/creationconfort.com\/en\/product\/adapted-skirt-style-1259-brown\/","og_site_name":"Cr\u00e9ation confort","article_publisher":"https:\/\/www.facebook.com\/creationconfortvetementsadaptes","article_modified_time":"2026-04-03T18:58:01+00:00","og_image":[{"width":970,"height":1817,"url":"https:\/\/creationconfort.com\/wp-content\/uploads\/2024\/06\/1259-brun42.jpg","type":"image\/jpeg"}],"twitter_card":"summary_large_image","twitter_misc":{"Est. reading time":"1 minute"},"schema":{"@context":"https:\/\/schema.org","@graph":[{"@type":"WebPage","@id":"https:\/\/creationconfort.com\/en\/product\/adapted-skirt-style-1259-brown\/","url":"https:\/\/creationconfort.com\/en\/product\/adapted-skirt-style-1259-brown\/","name":"Adapted Skirt Style 1259 - Brown - Cr\u00e9ation confort","isPartOf":{"@id":"https:\/\/creationconfort.com\/#website"},"primaryImageOfPage":{"@id":"https:\/\/creationconfort.com\/en\/product\/adapted-skirt-style-1259-brown\/#primaryimage"},"image":{"@id":"https:\/\/creationconfort.com\/en\/product\/adapted-skirt-style-1259-brown\/#primaryimage"},"thumbnailUrl":"https:\/\/creationconfort.com\/wp-content\/uploads\/2024\/06\/1259-brun42.jpg","datePublished":"2024-06-18T16:37:16+00:00","dateModified":"2026-04-03T18:58:01+00:00","breadcrumb":{"@id":"https:\/\/creationconfort.com\/en\/product\/adapted-skirt-style-1259-brown\/#breadcrumb"},"inLanguage":"en-US","potentialAction":[{"@type":"ReadAction","target":["https:\/\/creationconfort.com\/en\/product\/adapted-skirt-style-1259-brown\/"]}]},{"@type":"ImageObject","inLanguage":"en-US","@id":"https:\/\/creationconfort.com\/en\/product\/adapted-skirt-style-1259-brown\/#primaryimage","url":"https:\/\/creationconfort.com\/wp-content\/uploads\/2024\/06\/1259-brun42.jpg","contentUrl":"https:\/\/creationconfort.com\/wp-content\/uploads\/2024\/06\/1259-brun42.jpg","width":970,"height":1817},{"@type":"BreadcrumbList","@id":"https:\/\/creationconfort.com\/en\/product\/adapted-skirt-style-1259-brown\/#breadcrumb","itemListElement":[{"@type":"ListItem","position":1,"name":"Accueil","item":"https:\/\/creationconfort.com\/en\/"},{"@type":"ListItem","position":2,"name":"Shop","item":"https:\/\/creationconfort.com\/en\/shop\/"},{"@type":"ListItem","position":3,"name":"Adapted Skirt Style 1259 &#8211; Brown"}]},{"@type":"WebSite","@id":"https:\/\/creationconfort.com\/#website","url":"https:\/\/creationconfort.com\/","name":"Cr\u00e9ation confort","description":"V\u00eatements adapt\u00e9s","potentialAction":[{"@type":"SearchAction","target":{"@type":"EntryPoint","urlTemplate":"https:\/\/creationconfort.com\/?s={search_term_string}"},"query-input":{"@type":"PropertyValueSpecification","valueRequired":true,"valueName":"search_term_string"}}],"inLanguage":"en-US"}]}},"_links":{"self":[{"href":"https:\/\/creationconfort.com\/en\/wp-json\/wp\/v2\/product\/44319","targetHints":{"allow":["GET"]}}],"collection":[{"href":"https:\/\/creationconfort.com\/en\/wp-json\/wp\/v2\/product"}],"about":[{"href":"https:\/\/creationconfort.com\/en\/wp-json\/wp\/v2\/types\/product"}],"wp:featuredmedia":[{"embeddable":true,"href":"https:\/\/creationconfort.com\/en\/wp-json\/wp\/v2\/media\/44236"}],"wp:attachment":[{"href":"https:\/\/creationconfort.com\/en\/wp-json\/wp\/v2\/media?parent=44319"}],"wp:term":[{"taxonomy":"product_brand","embeddable":true,"href":"https:\/\/creationconfort.com\/en\/wp-json\/wp\/v2\/product_brand?post=44319"},{"taxonomy":"product_cat","embeddable":true,"href":"https:\/\/creationconfort.com\/en\/wp-json\/wp\/v2\/product_cat?post=44319"},{"taxonomy":"product_tag","embeddable":true,"href":"https:\/\/creationconfort.com\/en\/wp-json\/wp\/v2\/product_tag?post=44319"}],"curies":[{"name":"wp","href":"https:\/\/api.w.org\/{rel}","templated":true}]}}