{"id":43370,"date":"2024-04-25T18:28:18","date_gmt":"2024-04-25T22:28:18","guid":{"rendered":"https:\/\/creationconfort.com\/?post_type=product&#038;p=43370"},"modified":"2025-06-04T11:24:54","modified_gmt":"2025-06-04T15:24:54","slug":"womens-adaptive-top-crop-pant-set-color-pink-floral","status":"publish","type":"product","link":"https:\/\/creationconfort.com\/en\/product\/womens-adaptive-top-crop-pant-set-color-pink-floral\/","title":{"rendered":"Women&#8217;s Adaptive Top &#038; Crop Pant Set Color Pink Floral"},"content":{"rendered":"<p>Two-piece set featuring a top and crop pants in lightweight fabric, designed to provide maximum comfort and ease for individuals needing assistance with dressing. This set includes a\u00a0 top and crop pants, both crafted from lightweight fabric to facilitate dressing and offer optimal comfort.<\/p>\n","protected":false},"excerpt":{"rendered":"<p>Two-piece set featuring a top and crop pants in lightweight fabric, designed to provide maximum comfort and ease for individuals [&hellip;]<\/p>\n","protected":false},"featured_media":43283,"template":"","meta":{"_acf_changed":false,"wp_popup_display_lightbox":0,"wp_popup_suppress":"","wp_popup_trigger":"","wp_popup_trigger_amount":0,"wp_popup_disable_on_mobile":false},"product_brand":[],"product_cat":[1274,1016],"product_tag":[],"class_list":{"0":"post-43370","1":"product","2":"type-product","3":"status-publish","4":"has-post-thumbnail","6":"conditions-alzheimer-conditions-0-en","7":"conditions-parkinson-conditions-0-en","8":"conditions-reduced-mobility-conditions-0-en","9":"product_cat-tops-product_cat-1016-en","10":"product_cat-women-spring-summer-product_cat-0-en","12":"first","13":"instock","14":"taxable","15":"shipping-taxable","16":"purchasable","17":"product-type-variable"},"acf":[],"yoast_head":"<!-- This site is optimized with the Yoast SEO Premium plugin v26.6 (Yoast SEO v27.2) - https:\/\/yoast.com\/product\/yoast-seo-premium-wordpress\/ -->\n<title>Women&#039;s Adaptive Top &amp; Crop Pant Set Color Pink Floral - Cr\u00e9ation confort<\/title>\n<meta name=\"robots\" content=\"index, follow, max-snippet:-1, max-image-preview:large, max-video-preview:-1\" \/>\n<link rel=\"canonical\" href=\"https:\/\/creationconfort.com\/en\/product\/womens-adaptive-top-crop-pant-set-color-pink-floral\/\" \/>\n<meta property=\"og:locale\" content=\"en_US\" \/>\n<meta property=\"og:type\" content=\"article\" \/>\n<meta property=\"og:title\" content=\"Women&#039;s Adaptive Top &amp; Crop Pant Set Color Pink Floral\" \/>\n<meta property=\"og:description\" content=\"Two-piece set featuring a top and crop pants in lightweight fabric, designed to provide maximum comfort and ease for individuals [&hellip;]\" \/>\n<meta property=\"og:url\" content=\"https:\/\/creationconfort.com\/en\/product\/womens-adaptive-top-crop-pant-set-color-pink-floral\/\" \/>\n<meta property=\"og:site_name\" content=\"Cr\u00e9ation confort\" \/>\n<meta property=\"article:publisher\" content=\"https:\/\/www.facebook.com\/creationconfortvetementsadaptes\" \/>\n<meta property=\"article:modified_time\" content=\"2025-06-04T15:24:54+00:00\" \/>\n<meta property=\"og:image\" content=\"https:\/\/creationconfort.com\/wp-content\/uploads\/2024\/04\/capri-rose1.jpg\" \/>\n\t<meta property=\"og:image:width\" content=\"783\" \/>\n\t<meta property=\"og:image:height\" content=\"2000\" \/>\n\t<meta property=\"og:image:type\" content=\"image\/jpeg\" \/>\n<meta name=\"twitter:card\" content=\"summary_large_image\" \/>\n<meta name=\"twitter:label1\" content=\"Est. reading time\" \/>\n\t<meta name=\"twitter:data1\" content=\"1 minute\" \/>\n<script type=\"application\/ld+json\" class=\"yoast-schema-graph\">{\"@context\":\"https:\/\/schema.org\",\"@graph\":[{\"@type\":\"WebPage\",\"@id\":\"https:\/\/creationconfort.com\/en\/product\/womens-adaptive-top-crop-pant-set-color-pink-floral\/\",\"url\":\"https:\/\/creationconfort.com\/en\/product\/womens-adaptive-top-crop-pant-set-color-pink-floral\/\",\"name\":\"Women's Adaptive Top & Crop Pant Set Color Pink Floral - Cr\u00e9ation confort\",\"isPartOf\":{\"@id\":\"https:\/\/creationconfort.com\/#website\"},\"primaryImageOfPage\":{\"@id\":\"https:\/\/creationconfort.com\/en\/product\/womens-adaptive-top-crop-pant-set-color-pink-floral\/#primaryimage\"},\"image\":{\"@id\":\"https:\/\/creationconfort.com\/en\/product\/womens-adaptive-top-crop-pant-set-color-pink-floral\/#primaryimage\"},\"thumbnailUrl\":\"https:\/\/creationconfort.com\/wp-content\/uploads\/2024\/04\/capri-rose1.jpg\",\"datePublished\":\"2024-04-25T22:28:18+00:00\",\"dateModified\":\"2025-06-04T15:24:54+00:00\",\"breadcrumb\":{\"@id\":\"https:\/\/creationconfort.com\/en\/product\/womens-adaptive-top-crop-pant-set-color-pink-floral\/#breadcrumb\"},\"inLanguage\":\"en-US\",\"potentialAction\":[{\"@type\":\"ReadAction\",\"target\":[\"https:\/\/creationconfort.com\/en\/product\/womens-adaptive-top-crop-pant-set-color-pink-floral\/\"]}]},{\"@type\":\"ImageObject\",\"inLanguage\":\"en-US\",\"@id\":\"https:\/\/creationconfort.com\/en\/product\/womens-adaptive-top-crop-pant-set-color-pink-floral\/#primaryimage\",\"url\":\"https:\/\/creationconfort.com\/wp-content\/uploads\/2024\/04\/capri-rose1.jpg\",\"contentUrl\":\"https:\/\/creationconfort.com\/wp-content\/uploads\/2024\/04\/capri-rose1.jpg\",\"width\":783,\"height\":2000},{\"@type\":\"BreadcrumbList\",\"@id\":\"https:\/\/creationconfort.com\/en\/product\/womens-adaptive-top-crop-pant-set-color-pink-floral\/#breadcrumb\",\"itemListElement\":[{\"@type\":\"ListItem\",\"position\":1,\"name\":\"Accueil\",\"item\":\"https:\/\/creationconfort.com\/en\/\"},{\"@type\":\"ListItem\",\"position\":2,\"name\":\"Shop\",\"item\":\"https:\/\/creationconfort.com\/en\/shop\/\"},{\"@type\":\"ListItem\",\"position\":3,\"name\":\"Women&rsquo;s Adaptive Top &#038; Crop Pant Set Color Pink Floral\"}]},{\"@type\":\"WebSite\",\"@id\":\"https:\/\/creationconfort.com\/#website\",\"url\":\"https:\/\/creationconfort.com\/\",\"name\":\"Cr\u00e9ation confort\",\"description\":\"V\u00eatements adapt\u00e9s\",\"potentialAction\":[{\"@type\":\"SearchAction\",\"target\":{\"@type\":\"EntryPoint\",\"urlTemplate\":\"https:\/\/creationconfort.com\/?s={search_term_string}\"},\"query-input\":{\"@type\":\"PropertyValueSpecification\",\"valueRequired\":true,\"valueName\":\"search_term_string\"}}],\"inLanguage\":\"en-US\"}]}<\/script>\n<!-- \/ Yoast SEO Premium plugin. -->","yoast_head_json":{"title":"Women's Adaptive Top & Crop Pant Set Color Pink Floral - Cr\u00e9ation confort","robots":{"index":"index","follow":"follow","max-snippet":"max-snippet:-1","max-image-preview":"max-image-preview:large","max-video-preview":"max-video-preview:-1"},"canonical":"https:\/\/creationconfort.com\/en\/product\/womens-adaptive-top-crop-pant-set-color-pink-floral\/","og_locale":"en_US","og_type":"article","og_title":"Women's Adaptive Top & Crop Pant Set Color Pink Floral","og_description":"Two-piece set featuring a top and crop pants in lightweight fabric, designed to provide maximum comfort and ease for individuals [&hellip;]","og_url":"https:\/\/creationconfort.com\/en\/product\/womens-adaptive-top-crop-pant-set-color-pink-floral\/","og_site_name":"Cr\u00e9ation confort","article_publisher":"https:\/\/www.facebook.com\/creationconfortvetementsadaptes","article_modified_time":"2025-06-04T15:24:54+00:00","og_image":[{"width":783,"height":2000,"url":"https:\/\/creationconfort.com\/wp-content\/uploads\/2024\/04\/capri-rose1.jpg","type":"image\/jpeg"}],"twitter_card":"summary_large_image","twitter_misc":{"Est. reading time":"1 minute"},"schema":{"@context":"https:\/\/schema.org","@graph":[{"@type":"WebPage","@id":"https:\/\/creationconfort.com\/en\/product\/womens-adaptive-top-crop-pant-set-color-pink-floral\/","url":"https:\/\/creationconfort.com\/en\/product\/womens-adaptive-top-crop-pant-set-color-pink-floral\/","name":"Women's Adaptive Top & Crop Pant Set Color Pink Floral - Cr\u00e9ation confort","isPartOf":{"@id":"https:\/\/creationconfort.com\/#website"},"primaryImageOfPage":{"@id":"https:\/\/creationconfort.com\/en\/product\/womens-adaptive-top-crop-pant-set-color-pink-floral\/#primaryimage"},"image":{"@id":"https:\/\/creationconfort.com\/en\/product\/womens-adaptive-top-crop-pant-set-color-pink-floral\/#primaryimage"},"thumbnailUrl":"https:\/\/creationconfort.com\/wp-content\/uploads\/2024\/04\/capri-rose1.jpg","datePublished":"2024-04-25T22:28:18+00:00","dateModified":"2025-06-04T15:24:54+00:00","breadcrumb":{"@id":"https:\/\/creationconfort.com\/en\/product\/womens-adaptive-top-crop-pant-set-color-pink-floral\/#breadcrumb"},"inLanguage":"en-US","potentialAction":[{"@type":"ReadAction","target":["https:\/\/creationconfort.com\/en\/product\/womens-adaptive-top-crop-pant-set-color-pink-floral\/"]}]},{"@type":"ImageObject","inLanguage":"en-US","@id":"https:\/\/creationconfort.com\/en\/product\/womens-adaptive-top-crop-pant-set-color-pink-floral\/#primaryimage","url":"https:\/\/creationconfort.com\/wp-content\/uploads\/2024\/04\/capri-rose1.jpg","contentUrl":"https:\/\/creationconfort.com\/wp-content\/uploads\/2024\/04\/capri-rose1.jpg","width":783,"height":2000},{"@type":"BreadcrumbList","@id":"https:\/\/creationconfort.com\/en\/product\/womens-adaptive-top-crop-pant-set-color-pink-floral\/#breadcrumb","itemListElement":[{"@type":"ListItem","position":1,"name":"Accueil","item":"https:\/\/creationconfort.com\/en\/"},{"@type":"ListItem","position":2,"name":"Shop","item":"https:\/\/creationconfort.com\/en\/shop\/"},{"@type":"ListItem","position":3,"name":"Women&rsquo;s Adaptive Top &#038; Crop Pant Set Color Pink Floral"}]},{"@type":"WebSite","@id":"https:\/\/creationconfort.com\/#website","url":"https:\/\/creationconfort.com\/","name":"Cr\u00e9ation confort","description":"V\u00eatements adapt\u00e9s","potentialAction":[{"@type":"SearchAction","target":{"@type":"EntryPoint","urlTemplate":"https:\/\/creationconfort.com\/?s={search_term_string}"},"query-input":{"@type":"PropertyValueSpecification","valueRequired":true,"valueName":"search_term_string"}}],"inLanguage":"en-US"}]}},"_links":{"self":[{"href":"https:\/\/creationconfort.com\/en\/wp-json\/wp\/v2\/product\/43370","targetHints":{"allow":["GET"]}}],"collection":[{"href":"https:\/\/creationconfort.com\/en\/wp-json\/wp\/v2\/product"}],"about":[{"href":"https:\/\/creationconfort.com\/en\/wp-json\/wp\/v2\/types\/product"}],"wp:featuredmedia":[{"embeddable":true,"href":"https:\/\/creationconfort.com\/en\/wp-json\/wp\/v2\/media\/43283"}],"wp:attachment":[{"href":"https:\/\/creationconfort.com\/en\/wp-json\/wp\/v2\/media?parent=43370"}],"wp:term":[{"taxonomy":"product_brand","embeddable":true,"href":"https:\/\/creationconfort.com\/en\/wp-json\/wp\/v2\/product_brand?post=43370"},{"taxonomy":"product_cat","embeddable":true,"href":"https:\/\/creationconfort.com\/en\/wp-json\/wp\/v2\/product_cat?post=43370"},{"taxonomy":"product_tag","embeddable":true,"href":"https:\/\/creationconfort.com\/en\/wp-json\/wp\/v2\/product_tag?post=43370"}],"curies":[{"name":"wp","href":"https:\/\/api.w.org\/{rel}","templated":true}]}}