{"id":43049,"date":"2024-04-09T08:19:22","date_gmt":"2024-04-09T12:19:22","guid":{"rendered":"https:\/\/creationconfort.com\/?post_type=product&#038;p=43049"},"modified":"2026-04-04T15:46:16","modified_gmt":"2026-04-04T19:46:16","slug":"womens-adaptive-pants-1301-blue-jeans","status":"publish","type":"product","link":"https:\/\/creationconfort.com\/en\/product\/womens-adaptive-pants-1301-blue-jeans\/","title":{"rendered":"Women&#8217;s Adaptive Pants 1301 &#8211; Blue Jeans"},"content":{"rendered":"<p>Our adaptive pants close with side snap buttons on each side of the waist. The material is extremely comfortable and this color pairs well with many of our tops.<\/p>\n","protected":false},"excerpt":{"rendered":"<p>Our adaptive pants close with side snap buttons on each side of the waist. The material is extremely comfortable and [&hellip;]<\/p>\n","protected":false},"featured_media":22495,"template":"","meta":{"_acf_changed":false,"wp_popup_display_lightbox":0,"wp_popup_suppress":"","wp_popup_trigger":"","wp_popup_trigger_amount":0,"wp_popup_disable_on_mobile":false},"product_brand":[],"product_cat":[1058,1056,1057,1016],"product_tag":[1436],"class_list":{"0":"post-43049","1":"product","2":"type-product","3":"status-publish","4":"has-post-thumbnail","6":"conditions-alzheimer-conditions-0-en","7":"conditions-parkinson-conditions-0-en","8":"conditions-reduced-mobility-conditions-0-en","9":"product_cat-adaptive-pants-product_cat-1057-en","10":"product_cat-adaptive-pants-product_cat-1016-en","11":"product_cat-women-autumn-winter-product_cat-0-en","12":"product_cat-women-spring-summer-product_cat-0-en","13":"product_tag-new","15":"first","16":"instock","17":"taxable","18":"shipping-taxable","19":"purchasable","20":"product-type-variable"},"acf":[],"yoast_head":"<!-- This site is optimized with the Yoast SEO Premium plugin v26.6 (Yoast SEO v27.2) - https:\/\/yoast.com\/product\/yoast-seo-premium-wordpress\/ -->\n<title>Women&#039;s Adaptive Pants 1301 - Blue Jeans - Cr\u00e9ation confort<\/title>\n<meta name=\"robots\" content=\"index, follow, max-snippet:-1, max-image-preview:large, max-video-preview:-1\" \/>\n<link rel=\"canonical\" href=\"https:\/\/creationconfort.com\/en\/product\/womens-adaptive-pants-1301-blue-jeans\/\" \/>\n<meta property=\"og:locale\" content=\"en_US\" \/>\n<meta property=\"og:type\" content=\"article\" \/>\n<meta property=\"og:title\" content=\"Women&#039;s Adaptive Pants 1301 - Blue Jeans\" \/>\n<meta property=\"og:description\" content=\"Our adaptive pants close with side snap buttons on each side of the waist. The material is extremely comfortable and [&hellip;]\" \/>\n<meta property=\"og:url\" content=\"https:\/\/creationconfort.com\/en\/product\/womens-adaptive-pants-1301-blue-jeans\/\" \/>\n<meta property=\"og:site_name\" content=\"Cr\u00e9ation confort\" \/>\n<meta property=\"article:publisher\" content=\"https:\/\/www.facebook.com\/creationconfortvetementsadaptes\" \/>\n<meta property=\"article:modified_time\" content=\"2026-04-04T19:46:16+00:00\" \/>\n<meta property=\"og:image\" content=\"https:\/\/creationconfort.com\/wp-content\/uploads\/2021\/04\/1309-11.jpg\" \/>\n\t<meta property=\"og:image:width\" content=\"700\" \/>\n\t<meta property=\"og:image:height\" content=\"1500\" \/>\n\t<meta property=\"og:image:type\" content=\"image\/jpeg\" \/>\n<meta name=\"twitter:card\" content=\"summary_large_image\" \/>\n<meta name=\"twitter:label1\" content=\"Est. reading time\" \/>\n\t<meta name=\"twitter:data1\" content=\"1 minute\" \/>\n<script type=\"application\/ld+json\" class=\"yoast-schema-graph\">{\"@context\":\"https:\/\/schema.org\",\"@graph\":[{\"@type\":\"WebPage\",\"@id\":\"https:\/\/creationconfort.com\/en\/product\/womens-adaptive-pants-1301-blue-jeans\/\",\"url\":\"https:\/\/creationconfort.com\/en\/product\/womens-adaptive-pants-1301-blue-jeans\/\",\"name\":\"Women's Adaptive Pants 1301 - Blue Jeans - Cr\u00e9ation confort\",\"isPartOf\":{\"@id\":\"https:\/\/creationconfort.com\/#website\"},\"primaryImageOfPage\":{\"@id\":\"https:\/\/creationconfort.com\/en\/product\/womens-adaptive-pants-1301-blue-jeans\/#primaryimage\"},\"image\":{\"@id\":\"https:\/\/creationconfort.com\/en\/product\/womens-adaptive-pants-1301-blue-jeans\/#primaryimage\"},\"thumbnailUrl\":\"https:\/\/creationconfort.com\/wp-content\/uploads\/2021\/04\/1309-11.jpg\",\"datePublished\":\"2024-04-09T12:19:22+00:00\",\"dateModified\":\"2026-04-04T19:46:16+00:00\",\"breadcrumb\":{\"@id\":\"https:\/\/creationconfort.com\/en\/product\/womens-adaptive-pants-1301-blue-jeans\/#breadcrumb\"},\"inLanguage\":\"en-US\",\"potentialAction\":[{\"@type\":\"ReadAction\",\"target\":[\"https:\/\/creationconfort.com\/en\/product\/womens-adaptive-pants-1301-blue-jeans\/\"]}]},{\"@type\":\"ImageObject\",\"inLanguage\":\"en-US\",\"@id\":\"https:\/\/creationconfort.com\/en\/product\/womens-adaptive-pants-1301-blue-jeans\/#primaryimage\",\"url\":\"https:\/\/creationconfort.com\/wp-content\/uploads\/2021\/04\/1309-11.jpg\",\"contentUrl\":\"https:\/\/creationconfort.com\/wp-content\/uploads\/2021\/04\/1309-11.jpg\",\"width\":700,\"height\":1500},{\"@type\":\"BreadcrumbList\",\"@id\":\"https:\/\/creationconfort.com\/en\/product\/womens-adaptive-pants-1301-blue-jeans\/#breadcrumb\",\"itemListElement\":[{\"@type\":\"ListItem\",\"position\":1,\"name\":\"Accueil\",\"item\":\"https:\/\/creationconfort.com\/en\/\"},{\"@type\":\"ListItem\",\"position\":2,\"name\":\"Shop\",\"item\":\"https:\/\/creationconfort.com\/en\/shop\/\"},{\"@type\":\"ListItem\",\"position\":3,\"name\":\"Women&rsquo;s Adaptive Pants 1301 &#8211; Blue Jeans\"}]},{\"@type\":\"WebSite\",\"@id\":\"https:\/\/creationconfort.com\/#website\",\"url\":\"https:\/\/creationconfort.com\/\",\"name\":\"Cr\u00e9ation confort\",\"description\":\"V\u00eatements adapt\u00e9s\",\"potentialAction\":[{\"@type\":\"SearchAction\",\"target\":{\"@type\":\"EntryPoint\",\"urlTemplate\":\"https:\/\/creationconfort.com\/?s={search_term_string}\"},\"query-input\":{\"@type\":\"PropertyValueSpecification\",\"valueRequired\":true,\"valueName\":\"search_term_string\"}}],\"inLanguage\":\"en-US\"}]}<\/script>\n<!-- \/ Yoast SEO Premium plugin. -->","yoast_head_json":{"title":"Women's Adaptive Pants 1301 - Blue Jeans - Cr\u00e9ation confort","robots":{"index":"index","follow":"follow","max-snippet":"max-snippet:-1","max-image-preview":"max-image-preview:large","max-video-preview":"max-video-preview:-1"},"canonical":"https:\/\/creationconfort.com\/en\/product\/womens-adaptive-pants-1301-blue-jeans\/","og_locale":"en_US","og_type":"article","og_title":"Women's Adaptive Pants 1301 - Blue Jeans","og_description":"Our adaptive pants close with side snap buttons on each side of the waist. The material is extremely comfortable and [&hellip;]","og_url":"https:\/\/creationconfort.com\/en\/product\/womens-adaptive-pants-1301-blue-jeans\/","og_site_name":"Cr\u00e9ation confort","article_publisher":"https:\/\/www.facebook.com\/creationconfortvetementsadaptes","article_modified_time":"2026-04-04T19:46:16+00:00","og_image":[{"width":700,"height":1500,"url":"https:\/\/creationconfort.com\/wp-content\/uploads\/2021\/04\/1309-11.jpg","type":"image\/jpeg"}],"twitter_card":"summary_large_image","twitter_misc":{"Est. reading time":"1 minute"},"schema":{"@context":"https:\/\/schema.org","@graph":[{"@type":"WebPage","@id":"https:\/\/creationconfort.com\/en\/product\/womens-adaptive-pants-1301-blue-jeans\/","url":"https:\/\/creationconfort.com\/en\/product\/womens-adaptive-pants-1301-blue-jeans\/","name":"Women's Adaptive Pants 1301 - Blue Jeans - Cr\u00e9ation confort","isPartOf":{"@id":"https:\/\/creationconfort.com\/#website"},"primaryImageOfPage":{"@id":"https:\/\/creationconfort.com\/en\/product\/womens-adaptive-pants-1301-blue-jeans\/#primaryimage"},"image":{"@id":"https:\/\/creationconfort.com\/en\/product\/womens-adaptive-pants-1301-blue-jeans\/#primaryimage"},"thumbnailUrl":"https:\/\/creationconfort.com\/wp-content\/uploads\/2021\/04\/1309-11.jpg","datePublished":"2024-04-09T12:19:22+00:00","dateModified":"2026-04-04T19:46:16+00:00","breadcrumb":{"@id":"https:\/\/creationconfort.com\/en\/product\/womens-adaptive-pants-1301-blue-jeans\/#breadcrumb"},"inLanguage":"en-US","potentialAction":[{"@type":"ReadAction","target":["https:\/\/creationconfort.com\/en\/product\/womens-adaptive-pants-1301-blue-jeans\/"]}]},{"@type":"ImageObject","inLanguage":"en-US","@id":"https:\/\/creationconfort.com\/en\/product\/womens-adaptive-pants-1301-blue-jeans\/#primaryimage","url":"https:\/\/creationconfort.com\/wp-content\/uploads\/2021\/04\/1309-11.jpg","contentUrl":"https:\/\/creationconfort.com\/wp-content\/uploads\/2021\/04\/1309-11.jpg","width":700,"height":1500},{"@type":"BreadcrumbList","@id":"https:\/\/creationconfort.com\/en\/product\/womens-adaptive-pants-1301-blue-jeans\/#breadcrumb","itemListElement":[{"@type":"ListItem","position":1,"name":"Accueil","item":"https:\/\/creationconfort.com\/en\/"},{"@type":"ListItem","position":2,"name":"Shop","item":"https:\/\/creationconfort.com\/en\/shop\/"},{"@type":"ListItem","position":3,"name":"Women&rsquo;s Adaptive Pants 1301 &#8211; Blue Jeans"}]},{"@type":"WebSite","@id":"https:\/\/creationconfort.com\/#website","url":"https:\/\/creationconfort.com\/","name":"Cr\u00e9ation confort","description":"V\u00eatements adapt\u00e9s","potentialAction":[{"@type":"SearchAction","target":{"@type":"EntryPoint","urlTemplate":"https:\/\/creationconfort.com\/?s={search_term_string}"},"query-input":{"@type":"PropertyValueSpecification","valueRequired":true,"valueName":"search_term_string"}}],"inLanguage":"en-US"}]}},"_links":{"self":[{"href":"https:\/\/creationconfort.com\/en\/wp-json\/wp\/v2\/product\/43049","targetHints":{"allow":["GET"]}}],"collection":[{"href":"https:\/\/creationconfort.com\/en\/wp-json\/wp\/v2\/product"}],"about":[{"href":"https:\/\/creationconfort.com\/en\/wp-json\/wp\/v2\/types\/product"}],"wp:featuredmedia":[{"embeddable":true,"href":"https:\/\/creationconfort.com\/en\/wp-json\/wp\/v2\/media\/22495"}],"wp:attachment":[{"href":"https:\/\/creationconfort.com\/en\/wp-json\/wp\/v2\/media?parent=43049"}],"wp:term":[{"taxonomy":"product_brand","embeddable":true,"href":"https:\/\/creationconfort.com\/en\/wp-json\/wp\/v2\/product_brand?post=43049"},{"taxonomy":"product_cat","embeddable":true,"href":"https:\/\/creationconfort.com\/en\/wp-json\/wp\/v2\/product_cat?post=43049"},{"taxonomy":"product_tag","embeddable":true,"href":"https:\/\/creationconfort.com\/en\/wp-json\/wp\/v2\/product_tag?post=43049"}],"curies":[{"name":"wp","href":"https:\/\/api.w.org\/{rel}","templated":true}]}}