{"id":40414,"date":"2023-08-22T10:14:54","date_gmt":"2023-08-22T14:14:54","guid":{"rendered":"https:\/\/creationconfort.com\/?post_type=product&#038;p=40414"},"modified":"2026-02-26T16:05:24","modified_gmt":"2026-02-26T21:05:24","slug":"open-back-adaptive-clothing-style-2-3154-color-n","status":"publish","type":"product","link":"https:\/\/creationconfort.com\/en\/product\/open-back-adaptive-clothing-style-2-3154-color-n\/","title":{"rendered":"Open Back Adaptive Clothing Style 2-3154 &#8211; Multi-Pink"},"content":{"rendered":"<p>Introducing our collection of adaptive clothing.Designed for both style and convenience, this long sleeve top boasts a seamless blend of beauty and comfort. Its premium fabric ensures a gentle touch against the skin, while the thoughtfully incorporated snap pressure buttons at the back guarantee a hassle-free wearing experience.<\/p>\n<p>Whether you&#8217;re dressing up for a special occasion or simply looking for everyday comfort, our adaptive\u00a0 long sleeve top effortlessly combines sophistication with practicality. Explore the epitome of adaptive fashion that celebrates both individuality and ease, ensuring you feel confident and at ease throughout your day.<\/p>\n","protected":false},"excerpt":{"rendered":"<p>Introducing our collection of adaptive clothing.Designed for both style and convenience, this long sleeve top boasts a seamless blend of [&hellip;]<\/p>\n","protected":false},"featured_media":40428,"template":"","meta":{"_acf_changed":false,"wp_popup_display_lightbox":0,"wp_popup_suppress":"","wp_popup_trigger":"","wp_popup_trigger_amount":0,"wp_popup_disable_on_mobile":false},"product_brand":[],"product_cat":[1207,1057],"product_tag":[],"class_list":{"0":"post-40414","1":"product","2":"type-product","3":"status-publish","4":"has-post-thumbnail","6":"conditions-alzheimer-conditions-0-en","7":"conditions-parkinson-conditions-0-en","8":"conditions-reduced-mobility-conditions-0-en","9":"product_cat-tops-product_cat-1057-en","10":"product_cat-women-autumn-winter-product_cat-0-en","12":"first","13":"outofstock","14":"taxable","15":"shipping-taxable","16":"purchasable","17":"product-type-variable"},"acf":[],"yoast_head":"<!-- This site is optimized with the Yoast SEO Premium plugin v26.6 (Yoast SEO v27.2) - https:\/\/yoast.com\/product\/yoast-seo-premium-wordpress\/ -->\n<title>Open Back Adaptive Clothing Style 2-3154 - Multi-Pink - Cr\u00e9ation confort<\/title>\n<meta name=\"robots\" content=\"index, follow, max-snippet:-1, max-image-preview:large, max-video-preview:-1\" \/>\n<link rel=\"canonical\" href=\"https:\/\/creationconfort.com\/en\/product\/open-back-adaptive-clothing-style-2-3154-color-n\/\" \/>\n<meta property=\"og:locale\" content=\"en_US\" \/>\n<meta property=\"og:type\" content=\"article\" \/>\n<meta property=\"og:title\" content=\"Open Back Adaptive Clothing Style 2-3154 - Multi-Pink\" \/>\n<meta property=\"og:description\" content=\"Introducing our collection of adaptive clothing.Designed for both style and convenience, this long sleeve top boasts a seamless blend of [&hellip;]\" \/>\n<meta property=\"og:url\" content=\"https:\/\/creationconfort.com\/en\/product\/open-back-adaptive-clothing-style-2-3154-color-n\/\" \/>\n<meta property=\"og:site_name\" content=\"Cr\u00e9ation confort\" \/>\n<meta property=\"article:publisher\" content=\"https:\/\/www.facebook.com\/creationconfortvetementsadaptes\" \/>\n<meta property=\"article:modified_time\" content=\"2026-02-26T21:05:24+00:00\" \/>\n<meta property=\"og:image\" content=\"https:\/\/creationconfort.com\/wp-content\/uploads\/2023\/08\/2-3154-raye.jpg\" \/>\n\t<meta property=\"og:image:width\" content=\"970\" \/>\n\t<meta property=\"og:image:height\" content=\"1591\" \/>\n\t<meta property=\"og:image:type\" content=\"image\/jpeg\" \/>\n<meta name=\"twitter:card\" content=\"summary_large_image\" \/>\n<meta name=\"twitter:label1\" content=\"Est. reading time\" \/>\n\t<meta name=\"twitter:data1\" content=\"1 minute\" \/>\n<script type=\"application\/ld+json\" class=\"yoast-schema-graph\">{\"@context\":\"https:\/\/schema.org\",\"@graph\":[{\"@type\":\"WebPage\",\"@id\":\"https:\/\/creationconfort.com\/en\/product\/open-back-adaptive-clothing-style-2-3154-color-n\/\",\"url\":\"https:\/\/creationconfort.com\/en\/product\/open-back-adaptive-clothing-style-2-3154-color-n\/\",\"name\":\"Open Back Adaptive Clothing Style 2-3154 - Multi-Pink - Cr\u00e9ation confort\",\"isPartOf\":{\"@id\":\"https:\/\/creationconfort.com\/#website\"},\"primaryImageOfPage\":{\"@id\":\"https:\/\/creationconfort.com\/en\/product\/open-back-adaptive-clothing-style-2-3154-color-n\/#primaryimage\"},\"image\":{\"@id\":\"https:\/\/creationconfort.com\/en\/product\/open-back-adaptive-clothing-style-2-3154-color-n\/#primaryimage\"},\"thumbnailUrl\":\"https:\/\/creationconfort.com\/wp-content\/uploads\/2023\/08\/2-3154-raye.jpg\",\"datePublished\":\"2023-08-22T14:14:54+00:00\",\"dateModified\":\"2026-02-26T21:05:24+00:00\",\"breadcrumb\":{\"@id\":\"https:\/\/creationconfort.com\/en\/product\/open-back-adaptive-clothing-style-2-3154-color-n\/#breadcrumb\"},\"inLanguage\":\"en-US\",\"potentialAction\":[{\"@type\":\"ReadAction\",\"target\":[\"https:\/\/creationconfort.com\/en\/product\/open-back-adaptive-clothing-style-2-3154-color-n\/\"]}]},{\"@type\":\"ImageObject\",\"inLanguage\":\"en-US\",\"@id\":\"https:\/\/creationconfort.com\/en\/product\/open-back-adaptive-clothing-style-2-3154-color-n\/#primaryimage\",\"url\":\"https:\/\/creationconfort.com\/wp-content\/uploads\/2023\/08\/2-3154-raye.jpg\",\"contentUrl\":\"https:\/\/creationconfort.com\/wp-content\/uploads\/2023\/08\/2-3154-raye.jpg\",\"width\":970,\"height\":1591},{\"@type\":\"BreadcrumbList\",\"@id\":\"https:\/\/creationconfort.com\/en\/product\/open-back-adaptive-clothing-style-2-3154-color-n\/#breadcrumb\",\"itemListElement\":[{\"@type\":\"ListItem\",\"position\":1,\"name\":\"Accueil\",\"item\":\"https:\/\/creationconfort.com\/en\/\"},{\"@type\":\"ListItem\",\"position\":2,\"name\":\"Shop\",\"item\":\"https:\/\/creationconfort.com\/en\/shop\/\"},{\"@type\":\"ListItem\",\"position\":3,\"name\":\"Open Back Adaptive Clothing Style 2-3154 &#8211; Multi-Pink\"}]},{\"@type\":\"WebSite\",\"@id\":\"https:\/\/creationconfort.com\/#website\",\"url\":\"https:\/\/creationconfort.com\/\",\"name\":\"Cr\u00e9ation confort\",\"description\":\"V\u00eatements adapt\u00e9s\",\"potentialAction\":[{\"@type\":\"SearchAction\",\"target\":{\"@type\":\"EntryPoint\",\"urlTemplate\":\"https:\/\/creationconfort.com\/?s={search_term_string}\"},\"query-input\":{\"@type\":\"PropertyValueSpecification\",\"valueRequired\":true,\"valueName\":\"search_term_string\"}}],\"inLanguage\":\"en-US\"}]}<\/script>\n<!-- \/ Yoast SEO Premium plugin. -->","yoast_head_json":{"title":"Open Back Adaptive Clothing Style 2-3154 - Multi-Pink - Cr\u00e9ation confort","robots":{"index":"index","follow":"follow","max-snippet":"max-snippet:-1","max-image-preview":"max-image-preview:large","max-video-preview":"max-video-preview:-1"},"canonical":"https:\/\/creationconfort.com\/en\/product\/open-back-adaptive-clothing-style-2-3154-color-n\/","og_locale":"en_US","og_type":"article","og_title":"Open Back Adaptive Clothing Style 2-3154 - Multi-Pink","og_description":"Introducing our collection of adaptive clothing.Designed for both style and convenience, this long sleeve top boasts a seamless blend of [&hellip;]","og_url":"https:\/\/creationconfort.com\/en\/product\/open-back-adaptive-clothing-style-2-3154-color-n\/","og_site_name":"Cr\u00e9ation confort","article_publisher":"https:\/\/www.facebook.com\/creationconfortvetementsadaptes","article_modified_time":"2026-02-26T21:05:24+00:00","og_image":[{"width":970,"height":1591,"url":"https:\/\/creationconfort.com\/wp-content\/uploads\/2023\/08\/2-3154-raye.jpg","type":"image\/jpeg"}],"twitter_card":"summary_large_image","twitter_misc":{"Est. reading time":"1 minute"},"schema":{"@context":"https:\/\/schema.org","@graph":[{"@type":"WebPage","@id":"https:\/\/creationconfort.com\/en\/product\/open-back-adaptive-clothing-style-2-3154-color-n\/","url":"https:\/\/creationconfort.com\/en\/product\/open-back-adaptive-clothing-style-2-3154-color-n\/","name":"Open Back Adaptive Clothing Style 2-3154 - Multi-Pink - Cr\u00e9ation confort","isPartOf":{"@id":"https:\/\/creationconfort.com\/#website"},"primaryImageOfPage":{"@id":"https:\/\/creationconfort.com\/en\/product\/open-back-adaptive-clothing-style-2-3154-color-n\/#primaryimage"},"image":{"@id":"https:\/\/creationconfort.com\/en\/product\/open-back-adaptive-clothing-style-2-3154-color-n\/#primaryimage"},"thumbnailUrl":"https:\/\/creationconfort.com\/wp-content\/uploads\/2023\/08\/2-3154-raye.jpg","datePublished":"2023-08-22T14:14:54+00:00","dateModified":"2026-02-26T21:05:24+00:00","breadcrumb":{"@id":"https:\/\/creationconfort.com\/en\/product\/open-back-adaptive-clothing-style-2-3154-color-n\/#breadcrumb"},"inLanguage":"en-US","potentialAction":[{"@type":"ReadAction","target":["https:\/\/creationconfort.com\/en\/product\/open-back-adaptive-clothing-style-2-3154-color-n\/"]}]},{"@type":"ImageObject","inLanguage":"en-US","@id":"https:\/\/creationconfort.com\/en\/product\/open-back-adaptive-clothing-style-2-3154-color-n\/#primaryimage","url":"https:\/\/creationconfort.com\/wp-content\/uploads\/2023\/08\/2-3154-raye.jpg","contentUrl":"https:\/\/creationconfort.com\/wp-content\/uploads\/2023\/08\/2-3154-raye.jpg","width":970,"height":1591},{"@type":"BreadcrumbList","@id":"https:\/\/creationconfort.com\/en\/product\/open-back-adaptive-clothing-style-2-3154-color-n\/#breadcrumb","itemListElement":[{"@type":"ListItem","position":1,"name":"Accueil","item":"https:\/\/creationconfort.com\/en\/"},{"@type":"ListItem","position":2,"name":"Shop","item":"https:\/\/creationconfort.com\/en\/shop\/"},{"@type":"ListItem","position":3,"name":"Open Back Adaptive Clothing Style 2-3154 &#8211; Multi-Pink"}]},{"@type":"WebSite","@id":"https:\/\/creationconfort.com\/#website","url":"https:\/\/creationconfort.com\/","name":"Cr\u00e9ation confort","description":"V\u00eatements adapt\u00e9s","potentialAction":[{"@type":"SearchAction","target":{"@type":"EntryPoint","urlTemplate":"https:\/\/creationconfort.com\/?s={search_term_string}"},"query-input":{"@type":"PropertyValueSpecification","valueRequired":true,"valueName":"search_term_string"}}],"inLanguage":"en-US"}]}},"_links":{"self":[{"href":"https:\/\/creationconfort.com\/en\/wp-json\/wp\/v2\/product\/40414","targetHints":{"allow":["GET"]}}],"collection":[{"href":"https:\/\/creationconfort.com\/en\/wp-json\/wp\/v2\/product"}],"about":[{"href":"https:\/\/creationconfort.com\/en\/wp-json\/wp\/v2\/types\/product"}],"wp:featuredmedia":[{"embeddable":true,"href":"https:\/\/creationconfort.com\/en\/wp-json\/wp\/v2\/media\/40428"}],"wp:attachment":[{"href":"https:\/\/creationconfort.com\/en\/wp-json\/wp\/v2\/media?parent=40414"}],"wp:term":[{"taxonomy":"product_brand","embeddable":true,"href":"https:\/\/creationconfort.com\/en\/wp-json\/wp\/v2\/product_brand?post=40414"},{"taxonomy":"product_cat","embeddable":true,"href":"https:\/\/creationconfort.com\/en\/wp-json\/wp\/v2\/product_cat?post=40414"},{"taxonomy":"product_tag","embeddable":true,"href":"https:\/\/creationconfort.com\/en\/wp-json\/wp\/v2\/product_tag?post=40414"}],"curies":[{"name":"wp","href":"https:\/\/api.w.org\/{rel}","templated":true}]}}