{"id":39193,"date":"2023-05-26T08:50:20","date_gmt":"2023-05-26T12:50:20","guid":{"rendered":"https:\/\/creationconfort.com\/?post_type=product&#038;p=39193"},"modified":"2026-01-17T10:57:34","modified_gmt":"2026-01-17T15:57:34","slug":"adaptive-embroidered-top-in-sage","status":"publish","type":"product","link":"https:\/\/creationconfort.com\/en\/product\/adaptive-embroidered-top-in-sage\/","title":{"rendered":"Adaptive Embroidered Top 1-1850 in Sage"},"content":{"rendered":"<p>Adaptive short sleeve top, easy to put on, and featuring overlapping fabric at the back that closes with snap buttons. This t-shirt comes in bright solid colors and has beautiful embroidered details.<\/p>\n","protected":false},"excerpt":{"rendered":"<p>Adaptive short sleeve top, easy to put on, and featuring overlapping fabric at the back that closes with snap buttons. [&hellip;]<\/p>\n","protected":false},"featured_media":10963,"template":"","meta":{"_acf_changed":false,"wp_popup_display_lightbox":0,"wp_popup_suppress":"","wp_popup_trigger":"","wp_popup_trigger_amount":0,"wp_popup_disable_on_mobile":false},"product_brand":[],"product_cat":[1274,1016],"product_tag":[],"class_list":{"0":"post-39193","1":"product","2":"type-product","3":"status-publish","4":"has-post-thumbnail","6":"conditions-alzheimer-conditions-0-en","7":"conditions-parkinson-conditions-0-en","8":"conditions-reduced-mobility-conditions-0-en","9":"product_cat-tops-product_cat-1016-en","10":"product_cat-women-spring-summer-product_cat-0-en","12":"first","13":"instock","14":"taxable","15":"shipping-taxable","16":"purchasable","17":"product-type-variable"},"acf":[],"yoast_head":"<!-- This site is optimized with the Yoast SEO Premium plugin v26.6 (Yoast SEO v27.2) - https:\/\/yoast.com\/product\/yoast-seo-premium-wordpress\/ -->\n<title>Adaptive Embroidered Top 1-1850 in Sage - Cr\u00e9ation confort<\/title>\n<meta name=\"robots\" content=\"index, follow, max-snippet:-1, max-image-preview:large, max-video-preview:-1\" \/>\n<link rel=\"canonical\" href=\"https:\/\/creationconfort.com\/en\/product\/adaptive-embroidered-top-in-sage\/\" \/>\n<meta property=\"og:locale\" content=\"en_US\" \/>\n<meta property=\"og:type\" content=\"article\" \/>\n<meta property=\"og:title\" content=\"Adaptive Embroidered Top 1-1850 in Sage\" \/>\n<meta property=\"og:description\" content=\"Adaptive short sleeve top, easy to put on, and featuring overlapping fabric at the back that closes with snap buttons. [&hellip;]\" \/>\n<meta property=\"og:url\" content=\"https:\/\/creationconfort.com\/en\/product\/adaptive-embroidered-top-in-sage\/\" \/>\n<meta property=\"og:site_name\" content=\"Cr\u00e9ation confort\" \/>\n<meta property=\"article:publisher\" content=\"https:\/\/www.facebook.com\/creationconfortvetementsadaptes\" \/>\n<meta property=\"article:modified_time\" content=\"2026-01-17T15:57:34+00:00\" \/>\n<meta property=\"og:image\" content=\"https:\/\/creationconfort.com\/wp-content\/uploads\/2021\/03\/1-1850-3.jpg\" \/>\n\t<meta property=\"og:image:width\" content=\"708\" \/>\n\t<meta property=\"og:image:height\" content=\"1500\" \/>\n\t<meta property=\"og:image:type\" content=\"image\/jpeg\" \/>\n<meta name=\"twitter:card\" content=\"summary_large_image\" \/>\n<meta name=\"twitter:label1\" content=\"Est. reading time\" \/>\n\t<meta name=\"twitter:data1\" content=\"1 minute\" \/>\n<script type=\"application\/ld+json\" class=\"yoast-schema-graph\">{\"@context\":\"https:\/\/schema.org\",\"@graph\":[{\"@type\":\"WebPage\",\"@id\":\"https:\/\/creationconfort.com\/en\/product\/adaptive-embroidered-top-in-sage\/\",\"url\":\"https:\/\/creationconfort.com\/en\/product\/adaptive-embroidered-top-in-sage\/\",\"name\":\"Adaptive Embroidered Top 1-1850 in Sage - Cr\u00e9ation confort\",\"isPartOf\":{\"@id\":\"https:\/\/creationconfort.com\/#website\"},\"primaryImageOfPage\":{\"@id\":\"https:\/\/creationconfort.com\/en\/product\/adaptive-embroidered-top-in-sage\/#primaryimage\"},\"image\":{\"@id\":\"https:\/\/creationconfort.com\/en\/product\/adaptive-embroidered-top-in-sage\/#primaryimage\"},\"thumbnailUrl\":\"https:\/\/creationconfort.com\/wp-content\/uploads\/2021\/03\/1-1850-3.jpg\",\"datePublished\":\"2023-05-26T12:50:20+00:00\",\"dateModified\":\"2026-01-17T15:57:34+00:00\",\"breadcrumb\":{\"@id\":\"https:\/\/creationconfort.com\/en\/product\/adaptive-embroidered-top-in-sage\/#breadcrumb\"},\"inLanguage\":\"en-US\",\"potentialAction\":[{\"@type\":\"ReadAction\",\"target\":[\"https:\/\/creationconfort.com\/en\/product\/adaptive-embroidered-top-in-sage\/\"]}]},{\"@type\":\"ImageObject\",\"inLanguage\":\"en-US\",\"@id\":\"https:\/\/creationconfort.com\/en\/product\/adaptive-embroidered-top-in-sage\/#primaryimage\",\"url\":\"https:\/\/creationconfort.com\/wp-content\/uploads\/2021\/03\/1-1850-3.jpg\",\"contentUrl\":\"https:\/\/creationconfort.com\/wp-content\/uploads\/2021\/03\/1-1850-3.jpg\",\"width\":708,\"height\":1500},{\"@type\":\"BreadcrumbList\",\"@id\":\"https:\/\/creationconfort.com\/en\/product\/adaptive-embroidered-top-in-sage\/#breadcrumb\",\"itemListElement\":[{\"@type\":\"ListItem\",\"position\":1,\"name\":\"Accueil\",\"item\":\"https:\/\/creationconfort.com\/en\/\"},{\"@type\":\"ListItem\",\"position\":2,\"name\":\"Shop\",\"item\":\"https:\/\/creationconfort.com\/en\/shop\/\"},{\"@type\":\"ListItem\",\"position\":3,\"name\":\"Adaptive Embroidered Top 1-1850 in Sage\"}]},{\"@type\":\"WebSite\",\"@id\":\"https:\/\/creationconfort.com\/#website\",\"url\":\"https:\/\/creationconfort.com\/\",\"name\":\"Cr\u00e9ation confort\",\"description\":\"V\u00eatements adapt\u00e9s\",\"potentialAction\":[{\"@type\":\"SearchAction\",\"target\":{\"@type\":\"EntryPoint\",\"urlTemplate\":\"https:\/\/creationconfort.com\/?s={search_term_string}\"},\"query-input\":{\"@type\":\"PropertyValueSpecification\",\"valueRequired\":true,\"valueName\":\"search_term_string\"}}],\"inLanguage\":\"en-US\"}]}<\/script>\n<!-- \/ Yoast SEO Premium plugin. -->","yoast_head_json":{"title":"Adaptive Embroidered Top 1-1850 in Sage - Cr\u00e9ation confort","robots":{"index":"index","follow":"follow","max-snippet":"max-snippet:-1","max-image-preview":"max-image-preview:large","max-video-preview":"max-video-preview:-1"},"canonical":"https:\/\/creationconfort.com\/en\/product\/adaptive-embroidered-top-in-sage\/","og_locale":"en_US","og_type":"article","og_title":"Adaptive Embroidered Top 1-1850 in Sage","og_description":"Adaptive short sleeve top, easy to put on, and featuring overlapping fabric at the back that closes with snap buttons. [&hellip;]","og_url":"https:\/\/creationconfort.com\/en\/product\/adaptive-embroidered-top-in-sage\/","og_site_name":"Cr\u00e9ation confort","article_publisher":"https:\/\/www.facebook.com\/creationconfortvetementsadaptes","article_modified_time":"2026-01-17T15:57:34+00:00","og_image":[{"width":708,"height":1500,"url":"https:\/\/creationconfort.com\/wp-content\/uploads\/2021\/03\/1-1850-3.jpg","type":"image\/jpeg"}],"twitter_card":"summary_large_image","twitter_misc":{"Est. reading time":"1 minute"},"schema":{"@context":"https:\/\/schema.org","@graph":[{"@type":"WebPage","@id":"https:\/\/creationconfort.com\/en\/product\/adaptive-embroidered-top-in-sage\/","url":"https:\/\/creationconfort.com\/en\/product\/adaptive-embroidered-top-in-sage\/","name":"Adaptive Embroidered Top 1-1850 in Sage - Cr\u00e9ation confort","isPartOf":{"@id":"https:\/\/creationconfort.com\/#website"},"primaryImageOfPage":{"@id":"https:\/\/creationconfort.com\/en\/product\/adaptive-embroidered-top-in-sage\/#primaryimage"},"image":{"@id":"https:\/\/creationconfort.com\/en\/product\/adaptive-embroidered-top-in-sage\/#primaryimage"},"thumbnailUrl":"https:\/\/creationconfort.com\/wp-content\/uploads\/2021\/03\/1-1850-3.jpg","datePublished":"2023-05-26T12:50:20+00:00","dateModified":"2026-01-17T15:57:34+00:00","breadcrumb":{"@id":"https:\/\/creationconfort.com\/en\/product\/adaptive-embroidered-top-in-sage\/#breadcrumb"},"inLanguage":"en-US","potentialAction":[{"@type":"ReadAction","target":["https:\/\/creationconfort.com\/en\/product\/adaptive-embroidered-top-in-sage\/"]}]},{"@type":"ImageObject","inLanguage":"en-US","@id":"https:\/\/creationconfort.com\/en\/product\/adaptive-embroidered-top-in-sage\/#primaryimage","url":"https:\/\/creationconfort.com\/wp-content\/uploads\/2021\/03\/1-1850-3.jpg","contentUrl":"https:\/\/creationconfort.com\/wp-content\/uploads\/2021\/03\/1-1850-3.jpg","width":708,"height":1500},{"@type":"BreadcrumbList","@id":"https:\/\/creationconfort.com\/en\/product\/adaptive-embroidered-top-in-sage\/#breadcrumb","itemListElement":[{"@type":"ListItem","position":1,"name":"Accueil","item":"https:\/\/creationconfort.com\/en\/"},{"@type":"ListItem","position":2,"name":"Shop","item":"https:\/\/creationconfort.com\/en\/shop\/"},{"@type":"ListItem","position":3,"name":"Adaptive Embroidered Top 1-1850 in Sage"}]},{"@type":"WebSite","@id":"https:\/\/creationconfort.com\/#website","url":"https:\/\/creationconfort.com\/","name":"Cr\u00e9ation confort","description":"V\u00eatements adapt\u00e9s","potentialAction":[{"@type":"SearchAction","target":{"@type":"EntryPoint","urlTemplate":"https:\/\/creationconfort.com\/?s={search_term_string}"},"query-input":{"@type":"PropertyValueSpecification","valueRequired":true,"valueName":"search_term_string"}}],"inLanguage":"en-US"}]}},"_links":{"self":[{"href":"https:\/\/creationconfort.com\/en\/wp-json\/wp\/v2\/product\/39193","targetHints":{"allow":["GET"]}}],"collection":[{"href":"https:\/\/creationconfort.com\/en\/wp-json\/wp\/v2\/product"}],"about":[{"href":"https:\/\/creationconfort.com\/en\/wp-json\/wp\/v2\/types\/product"}],"wp:featuredmedia":[{"embeddable":true,"href":"https:\/\/creationconfort.com\/en\/wp-json\/wp\/v2\/media\/10963"}],"wp:attachment":[{"href":"https:\/\/creationconfort.com\/en\/wp-json\/wp\/v2\/media?parent=39193"}],"wp:term":[{"taxonomy":"product_brand","embeddable":true,"href":"https:\/\/creationconfort.com\/en\/wp-json\/wp\/v2\/product_brand?post=39193"},{"taxonomy":"product_cat","embeddable":true,"href":"https:\/\/creationconfort.com\/en\/wp-json\/wp\/v2\/product_cat?post=39193"},{"taxonomy":"product_tag","embeddable":true,"href":"https:\/\/creationconfort.com\/en\/wp-json\/wp\/v2\/product_tag?post=39193"}],"curies":[{"name":"wp","href":"https:\/\/api.w.org\/{rel}","templated":true}]}}