{"id":37837,"date":"2023-03-02T10:31:15","date_gmt":"2023-03-02T15:31:15","guid":{"rendered":"https:\/\/creationconfort.com\/?post_type=product&#038;p=37837"},"modified":"2026-01-10T11:24:33","modified_gmt":"2026-01-10T16:24:33","slug":"adaptive-top-open-back-clothing-style-2-3154-rust","status":"publish","type":"product","link":"https:\/\/creationconfort.com\/en\/product\/adaptive-top-open-back-clothing-style-2-3154-rust\/","title":{"rendered":"Adaptive Top Open Back Clothing Style 2-3154  Rust"},"content":{"rendered":"<p>Our beautiful and soft long sleeve top is not just stylish, but also adaptive to meet the unique needs of those who require adaptive clothing. Designed with functional snap pressure buttons at the back, this top is perfect for individuals with limited mobility or dexterity, making it easier to dress and undress. Our commitment to providing adaptive clothing that is both fashionable and functional is evident in every stitch of this top. Whether you&#8217;re living with a disability or caring for someone who is, our adaptive clothing options can make a world of difference in your daily life. Shop our collection today and discover the comfort and convenience of adaptive clothing.<\/p>\n","protected":false},"excerpt":{"rendered":"<p>Our beautiful and soft long sleeve top is not just stylish, but also adaptive to meet the unique needs of [&hellip;]<\/p>\n","protected":false},"featured_media":37851,"template":"","meta":{"_acf_changed":false,"wp_popup_display_lightbox":0,"wp_popup_suppress":"","wp_popup_trigger":"","wp_popup_trigger_amount":0,"wp_popup_disable_on_mobile":false},"product_brand":[],"product_cat":[1207,1057],"product_tag":[],"class_list":{"0":"post-37837","1":"product","2":"type-product","3":"status-publish","4":"has-post-thumbnail","6":"conditions-alzheimer-conditions-0-en","7":"conditions-parkinson-conditions-0-en","8":"conditions-reduced-mobility-conditions-0-en","9":"conditions-senility-conditions-0-en","10":"product_cat-tops-product_cat-1057-en","11":"product_cat-women-autumn-winter-product_cat-0-en","13":"first","14":"instock","15":"taxable","16":"shipping-taxable","17":"purchasable","18":"product-type-variable"},"acf":[],"yoast_head":"<!-- This site is optimized with the Yoast SEO Premium plugin v26.6 (Yoast SEO v27.2) - https:\/\/yoast.com\/product\/yoast-seo-premium-wordpress\/ -->\n<title>Adaptive Top Open Back Clothing Style 2-3154 Rust - Cr\u00e9ation confort<\/title>\n<meta name=\"robots\" content=\"index, follow, max-snippet:-1, max-image-preview:large, max-video-preview:-1\" \/>\n<link rel=\"canonical\" href=\"https:\/\/creationconfort.com\/en\/product\/adaptive-top-open-back-clothing-style-2-3154-rust\/\" \/>\n<meta property=\"og:locale\" content=\"en_US\" \/>\n<meta property=\"og:type\" content=\"article\" \/>\n<meta property=\"og:title\" content=\"Adaptive Top Open Back Clothing Style 2-3154 Rust\" \/>\n<meta property=\"og:description\" content=\"Our beautiful and soft long sleeve top is not just stylish, but also adaptive to meet the unique needs of [&hellip;]\" \/>\n<meta property=\"og:url\" content=\"https:\/\/creationconfort.com\/en\/product\/adaptive-top-open-back-clothing-style-2-3154-rust\/\" \/>\n<meta property=\"og:site_name\" content=\"Cr\u00e9ation confort\" \/>\n<meta property=\"article:publisher\" content=\"https:\/\/www.facebook.com\/creationconfortvetementsadaptes\" \/>\n<meta property=\"article:modified_time\" content=\"2026-01-10T16:24:33+00:00\" \/>\n<meta property=\"og:image\" content=\"https:\/\/creationconfort.com\/wp-content\/uploads\/2023\/03\/2-3165-rouille.jpg\" \/>\n\t<meta property=\"og:image:width\" content=\"970\" \/>\n\t<meta property=\"og:image:height\" content=\"1707\" \/>\n\t<meta property=\"og:image:type\" content=\"image\/jpeg\" \/>\n<meta name=\"twitter:card\" content=\"summary_large_image\" \/>\n<meta name=\"twitter:label1\" content=\"Est. reading time\" \/>\n\t<meta name=\"twitter:data1\" content=\"1 minute\" \/>\n<script type=\"application\/ld+json\" class=\"yoast-schema-graph\">{\"@context\":\"https:\/\/schema.org\",\"@graph\":[{\"@type\":\"WebPage\",\"@id\":\"https:\/\/creationconfort.com\/en\/product\/adaptive-top-open-back-clothing-style-2-3154-rust\/\",\"url\":\"https:\/\/creationconfort.com\/en\/product\/adaptive-top-open-back-clothing-style-2-3154-rust\/\",\"name\":\"Adaptive Top Open Back Clothing Style 2-3154 Rust - Cr\u00e9ation confort\",\"isPartOf\":{\"@id\":\"https:\/\/creationconfort.com\/#website\"},\"primaryImageOfPage\":{\"@id\":\"https:\/\/creationconfort.com\/en\/product\/adaptive-top-open-back-clothing-style-2-3154-rust\/#primaryimage\"},\"image\":{\"@id\":\"https:\/\/creationconfort.com\/en\/product\/adaptive-top-open-back-clothing-style-2-3154-rust\/#primaryimage\"},\"thumbnailUrl\":\"https:\/\/creationconfort.com\/wp-content\/uploads\/2023\/03\/2-3165-rouille.jpg\",\"datePublished\":\"2023-03-02T15:31:15+00:00\",\"dateModified\":\"2026-01-10T16:24:33+00:00\",\"breadcrumb\":{\"@id\":\"https:\/\/creationconfort.com\/en\/product\/adaptive-top-open-back-clothing-style-2-3154-rust\/#breadcrumb\"},\"inLanguage\":\"en-US\",\"potentialAction\":[{\"@type\":\"ReadAction\",\"target\":[\"https:\/\/creationconfort.com\/en\/product\/adaptive-top-open-back-clothing-style-2-3154-rust\/\"]}]},{\"@type\":\"ImageObject\",\"inLanguage\":\"en-US\",\"@id\":\"https:\/\/creationconfort.com\/en\/product\/adaptive-top-open-back-clothing-style-2-3154-rust\/#primaryimage\",\"url\":\"https:\/\/creationconfort.com\/wp-content\/uploads\/2023\/03\/2-3165-rouille.jpg\",\"contentUrl\":\"https:\/\/creationconfort.com\/wp-content\/uploads\/2023\/03\/2-3165-rouille.jpg\",\"width\":970,\"height\":1707},{\"@type\":\"BreadcrumbList\",\"@id\":\"https:\/\/creationconfort.com\/en\/product\/adaptive-top-open-back-clothing-style-2-3154-rust\/#breadcrumb\",\"itemListElement\":[{\"@type\":\"ListItem\",\"position\":1,\"name\":\"Accueil\",\"item\":\"https:\/\/creationconfort.com\/en\/\"},{\"@type\":\"ListItem\",\"position\":2,\"name\":\"Shop\",\"item\":\"https:\/\/creationconfort.com\/en\/shop\/\"},{\"@type\":\"ListItem\",\"position\":3,\"name\":\"Adaptive Top Open Back Clothing Style 2-3154 Rust\"}]},{\"@type\":\"WebSite\",\"@id\":\"https:\/\/creationconfort.com\/#website\",\"url\":\"https:\/\/creationconfort.com\/\",\"name\":\"Cr\u00e9ation confort\",\"description\":\"V\u00eatements adapt\u00e9s\",\"potentialAction\":[{\"@type\":\"SearchAction\",\"target\":{\"@type\":\"EntryPoint\",\"urlTemplate\":\"https:\/\/creationconfort.com\/?s={search_term_string}\"},\"query-input\":{\"@type\":\"PropertyValueSpecification\",\"valueRequired\":true,\"valueName\":\"search_term_string\"}}],\"inLanguage\":\"en-US\"}]}<\/script>\n<!-- \/ Yoast SEO Premium plugin. -->","yoast_head_json":{"title":"Adaptive Top Open Back Clothing Style 2-3154 Rust - Cr\u00e9ation confort","robots":{"index":"index","follow":"follow","max-snippet":"max-snippet:-1","max-image-preview":"max-image-preview:large","max-video-preview":"max-video-preview:-1"},"canonical":"https:\/\/creationconfort.com\/en\/product\/adaptive-top-open-back-clothing-style-2-3154-rust\/","og_locale":"en_US","og_type":"article","og_title":"Adaptive Top Open Back Clothing Style 2-3154 Rust","og_description":"Our beautiful and soft long sleeve top is not just stylish, but also adaptive to meet the unique needs of [&hellip;]","og_url":"https:\/\/creationconfort.com\/en\/product\/adaptive-top-open-back-clothing-style-2-3154-rust\/","og_site_name":"Cr\u00e9ation confort","article_publisher":"https:\/\/www.facebook.com\/creationconfortvetementsadaptes","article_modified_time":"2026-01-10T16:24:33+00:00","og_image":[{"width":970,"height":1707,"url":"https:\/\/creationconfort.com\/wp-content\/uploads\/2023\/03\/2-3165-rouille.jpg","type":"image\/jpeg"}],"twitter_card":"summary_large_image","twitter_misc":{"Est. reading time":"1 minute"},"schema":{"@context":"https:\/\/schema.org","@graph":[{"@type":"WebPage","@id":"https:\/\/creationconfort.com\/en\/product\/adaptive-top-open-back-clothing-style-2-3154-rust\/","url":"https:\/\/creationconfort.com\/en\/product\/adaptive-top-open-back-clothing-style-2-3154-rust\/","name":"Adaptive Top Open Back Clothing Style 2-3154 Rust - Cr\u00e9ation confort","isPartOf":{"@id":"https:\/\/creationconfort.com\/#website"},"primaryImageOfPage":{"@id":"https:\/\/creationconfort.com\/en\/product\/adaptive-top-open-back-clothing-style-2-3154-rust\/#primaryimage"},"image":{"@id":"https:\/\/creationconfort.com\/en\/product\/adaptive-top-open-back-clothing-style-2-3154-rust\/#primaryimage"},"thumbnailUrl":"https:\/\/creationconfort.com\/wp-content\/uploads\/2023\/03\/2-3165-rouille.jpg","datePublished":"2023-03-02T15:31:15+00:00","dateModified":"2026-01-10T16:24:33+00:00","breadcrumb":{"@id":"https:\/\/creationconfort.com\/en\/product\/adaptive-top-open-back-clothing-style-2-3154-rust\/#breadcrumb"},"inLanguage":"en-US","potentialAction":[{"@type":"ReadAction","target":["https:\/\/creationconfort.com\/en\/product\/adaptive-top-open-back-clothing-style-2-3154-rust\/"]}]},{"@type":"ImageObject","inLanguage":"en-US","@id":"https:\/\/creationconfort.com\/en\/product\/adaptive-top-open-back-clothing-style-2-3154-rust\/#primaryimage","url":"https:\/\/creationconfort.com\/wp-content\/uploads\/2023\/03\/2-3165-rouille.jpg","contentUrl":"https:\/\/creationconfort.com\/wp-content\/uploads\/2023\/03\/2-3165-rouille.jpg","width":970,"height":1707},{"@type":"BreadcrumbList","@id":"https:\/\/creationconfort.com\/en\/product\/adaptive-top-open-back-clothing-style-2-3154-rust\/#breadcrumb","itemListElement":[{"@type":"ListItem","position":1,"name":"Accueil","item":"https:\/\/creationconfort.com\/en\/"},{"@type":"ListItem","position":2,"name":"Shop","item":"https:\/\/creationconfort.com\/en\/shop\/"},{"@type":"ListItem","position":3,"name":"Adaptive Top Open Back Clothing Style 2-3154 Rust"}]},{"@type":"WebSite","@id":"https:\/\/creationconfort.com\/#website","url":"https:\/\/creationconfort.com\/","name":"Cr\u00e9ation confort","description":"V\u00eatements adapt\u00e9s","potentialAction":[{"@type":"SearchAction","target":{"@type":"EntryPoint","urlTemplate":"https:\/\/creationconfort.com\/?s={search_term_string}"},"query-input":{"@type":"PropertyValueSpecification","valueRequired":true,"valueName":"search_term_string"}}],"inLanguage":"en-US"}]}},"_links":{"self":[{"href":"https:\/\/creationconfort.com\/en\/wp-json\/wp\/v2\/product\/37837","targetHints":{"allow":["GET"]}}],"collection":[{"href":"https:\/\/creationconfort.com\/en\/wp-json\/wp\/v2\/product"}],"about":[{"href":"https:\/\/creationconfort.com\/en\/wp-json\/wp\/v2\/types\/product"}],"wp:featuredmedia":[{"embeddable":true,"href":"https:\/\/creationconfort.com\/en\/wp-json\/wp\/v2\/media\/37851"}],"wp:attachment":[{"href":"https:\/\/creationconfort.com\/en\/wp-json\/wp\/v2\/media?parent=37837"}],"wp:term":[{"taxonomy":"product_brand","embeddable":true,"href":"https:\/\/creationconfort.com\/en\/wp-json\/wp\/v2\/product_brand?post=37837"},{"taxonomy":"product_cat","embeddable":true,"href":"https:\/\/creationconfort.com\/en\/wp-json\/wp\/v2\/product_cat?post=37837"},{"taxonomy":"product_tag","embeddable":true,"href":"https:\/\/creationconfort.com\/en\/wp-json\/wp\/v2\/product_tag?post=37837"}],"curies":[{"name":"wp","href":"https:\/\/api.w.org\/{rel}","templated":true}]}}