{"id":37723,"date":"2023-02-20T10:41:48","date_gmt":"2023-02-20T15:41:48","guid":{"rendered":"https:\/\/creationconfort.com\/?post_type=product&#038;p=37723"},"modified":"2025-04-23T15:44:23","modified_gmt":"2025-04-23T19:44:23","slug":"flannel-nightgown-2-2298-coral","status":"publish","type":"product","link":"https:\/\/creationconfort.com\/en\/product\/flannel-nightgown-2-2298-coral\/","title":{"rendered":"Flannel Nightgown 2-2298 Coral"},"content":{"rendered":"<p>Our adaptive nightgown dress for women is designed for comfort and convenience. This versatile garment is perfect for people who need help with dressing, as well as caregivers who want to make dressing easier for their loved ones.<\/p>\n<p>Our adaptive nightgown dress for women features a wrap-style with snap closures, making it easy to put on and take off with minimal assistance. The collar adds a touch of style to the dress, and the fabric is soft and breathable, ensuring a comfortable and relaxing night&#8217;s sleep.<\/p>\n<p>This dress is perfect for women with reduced mobility, arthritis, or other conditions that make dressing difficult.<\/p>\n<p>This adaptive nightgown dress for women is on sale now, so you can enjoy the comfort and convenience it offers at an affordable price.\u00a0<\/p>\n","protected":false},"excerpt":{"rendered":"<p>Our adaptive nightgown dress for women is designed for comfort and convenience. This versatile garment is perfect for people who [&hellip;]<\/p>\n","protected":false},"featured_media":37731,"template":"","meta":{"_acf_changed":false,"wp_popup_display_lightbox":0,"wp_popup_suppress":"","wp_popup_trigger":"","wp_popup_trigger_amount":0,"wp_popup_disable_on_mobile":false},"product_brand":[],"product_cat":[1433,1057],"product_tag":[],"class_list":{"0":"post-37723","1":"product","2":"type-product","3":"status-publish","4":"has-post-thumbnail","6":"conditions-alzheimer-conditions-0-en","7":"conditions-parkinson-conditions-0-en","8":"conditions-reduced-mobility-conditions-0-en","9":"conditions-senility-conditions-0-en","10":"product_cat-women-sales","11":"product_cat-women-autumn-winter-product_cat-0-en","13":"first","14":"instock","15":"sale","16":"taxable","17":"shipping-taxable","18":"purchasable","19":"product-type-variable"},"acf":[],"yoast_head":"<!-- This site is optimized with the Yoast SEO Premium plugin v26.6 (Yoast SEO v27.2) - https:\/\/yoast.com\/product\/yoast-seo-premium-wordpress\/ -->\n<title>Flannel Nightgown 2-2298 Coral - Cr\u00e9ation confort<\/title>\n<meta name=\"robots\" content=\"index, follow, max-snippet:-1, max-image-preview:large, max-video-preview:-1\" \/>\n<link rel=\"canonical\" href=\"https:\/\/creationconfort.com\/en\/product\/flannel-nightgown-2-2298-coral\/\" \/>\n<meta property=\"og:locale\" content=\"en_US\" \/>\n<meta property=\"og:type\" content=\"article\" \/>\n<meta property=\"og:title\" content=\"Flannel Nightgown 2-2298 Coral\" \/>\n<meta property=\"og:description\" content=\"Our adaptive nightgown dress for women is designed for comfort and convenience. This versatile garment is perfect for people who [&hellip;]\" \/>\n<meta property=\"og:url\" content=\"https:\/\/creationconfort.com\/en\/product\/flannel-nightgown-2-2298-coral\/\" \/>\n<meta property=\"og:site_name\" content=\"Cr\u00e9ation confort\" \/>\n<meta property=\"article:publisher\" content=\"https:\/\/www.facebook.com\/creationconfortvetementsadaptes\" \/>\n<meta property=\"article:modified_time\" content=\"2025-04-23T19:44:23+00:00\" \/>\n<meta property=\"og:image\" content=\"https:\/\/creationconfort.com\/wp-content\/uploads\/2023\/02\/2-22986-jaune.jpg\" \/>\n\t<meta property=\"og:image:width\" content=\"923\" \/>\n\t<meta property=\"og:image:height\" content=\"2000\" \/>\n\t<meta property=\"og:image:type\" content=\"image\/jpeg\" \/>\n<meta name=\"twitter:card\" content=\"summary_large_image\" \/>\n<meta name=\"twitter:label1\" content=\"Est. reading time\" \/>\n\t<meta name=\"twitter:data1\" content=\"1 minute\" \/>\n<script type=\"application\/ld+json\" class=\"yoast-schema-graph\">{\"@context\":\"https:\/\/schema.org\",\"@graph\":[{\"@type\":\"WebPage\",\"@id\":\"https:\/\/creationconfort.com\/en\/product\/flannel-nightgown-2-2298-coral\/\",\"url\":\"https:\/\/creationconfort.com\/en\/product\/flannel-nightgown-2-2298-coral\/\",\"name\":\"Flannel Nightgown 2-2298 Coral - Cr\u00e9ation confort\",\"isPartOf\":{\"@id\":\"https:\/\/creationconfort.com\/#website\"},\"primaryImageOfPage\":{\"@id\":\"https:\/\/creationconfort.com\/en\/product\/flannel-nightgown-2-2298-coral\/#primaryimage\"},\"image\":{\"@id\":\"https:\/\/creationconfort.com\/en\/product\/flannel-nightgown-2-2298-coral\/#primaryimage\"},\"thumbnailUrl\":\"https:\/\/creationconfort.com\/wp-content\/uploads\/2023\/02\/2-22986-jaune.jpg\",\"datePublished\":\"2023-02-20T15:41:48+00:00\",\"dateModified\":\"2025-04-23T19:44:23+00:00\",\"breadcrumb\":{\"@id\":\"https:\/\/creationconfort.com\/en\/product\/flannel-nightgown-2-2298-coral\/#breadcrumb\"},\"inLanguage\":\"en-US\",\"potentialAction\":[{\"@type\":\"ReadAction\",\"target\":[\"https:\/\/creationconfort.com\/en\/product\/flannel-nightgown-2-2298-coral\/\"]}]},{\"@type\":\"ImageObject\",\"inLanguage\":\"en-US\",\"@id\":\"https:\/\/creationconfort.com\/en\/product\/flannel-nightgown-2-2298-coral\/#primaryimage\",\"url\":\"https:\/\/creationconfort.com\/wp-content\/uploads\/2023\/02\/2-22986-jaune.jpg\",\"contentUrl\":\"https:\/\/creationconfort.com\/wp-content\/uploads\/2023\/02\/2-22986-jaune.jpg\",\"width\":923,\"height\":2000},{\"@type\":\"BreadcrumbList\",\"@id\":\"https:\/\/creationconfort.com\/en\/product\/flannel-nightgown-2-2298-coral\/#breadcrumb\",\"itemListElement\":[{\"@type\":\"ListItem\",\"position\":1,\"name\":\"Accueil\",\"item\":\"https:\/\/creationconfort.com\/en\/\"},{\"@type\":\"ListItem\",\"position\":2,\"name\":\"Shop\",\"item\":\"https:\/\/creationconfort.com\/en\/shop\/\"},{\"@type\":\"ListItem\",\"position\":3,\"name\":\"Flannel Nightgown 2-2298 Coral\"}]},{\"@type\":\"WebSite\",\"@id\":\"https:\/\/creationconfort.com\/#website\",\"url\":\"https:\/\/creationconfort.com\/\",\"name\":\"Cr\u00e9ation confort\",\"description\":\"V\u00eatements adapt\u00e9s\",\"potentialAction\":[{\"@type\":\"SearchAction\",\"target\":{\"@type\":\"EntryPoint\",\"urlTemplate\":\"https:\/\/creationconfort.com\/?s={search_term_string}\"},\"query-input\":{\"@type\":\"PropertyValueSpecification\",\"valueRequired\":true,\"valueName\":\"search_term_string\"}}],\"inLanguage\":\"en-US\"}]}<\/script>\n<!-- \/ Yoast SEO Premium plugin. -->","yoast_head_json":{"title":"Flannel Nightgown 2-2298 Coral - Cr\u00e9ation confort","robots":{"index":"index","follow":"follow","max-snippet":"max-snippet:-1","max-image-preview":"max-image-preview:large","max-video-preview":"max-video-preview:-1"},"canonical":"https:\/\/creationconfort.com\/en\/product\/flannel-nightgown-2-2298-coral\/","og_locale":"en_US","og_type":"article","og_title":"Flannel Nightgown 2-2298 Coral","og_description":"Our adaptive nightgown dress for women is designed for comfort and convenience. This versatile garment is perfect for people who [&hellip;]","og_url":"https:\/\/creationconfort.com\/en\/product\/flannel-nightgown-2-2298-coral\/","og_site_name":"Cr\u00e9ation confort","article_publisher":"https:\/\/www.facebook.com\/creationconfortvetementsadaptes","article_modified_time":"2025-04-23T19:44:23+00:00","og_image":[{"width":923,"height":2000,"url":"https:\/\/creationconfort.com\/wp-content\/uploads\/2023\/02\/2-22986-jaune.jpg","type":"image\/jpeg"}],"twitter_card":"summary_large_image","twitter_misc":{"Est. reading time":"1 minute"},"schema":{"@context":"https:\/\/schema.org","@graph":[{"@type":"WebPage","@id":"https:\/\/creationconfort.com\/en\/product\/flannel-nightgown-2-2298-coral\/","url":"https:\/\/creationconfort.com\/en\/product\/flannel-nightgown-2-2298-coral\/","name":"Flannel Nightgown 2-2298 Coral - Cr\u00e9ation confort","isPartOf":{"@id":"https:\/\/creationconfort.com\/#website"},"primaryImageOfPage":{"@id":"https:\/\/creationconfort.com\/en\/product\/flannel-nightgown-2-2298-coral\/#primaryimage"},"image":{"@id":"https:\/\/creationconfort.com\/en\/product\/flannel-nightgown-2-2298-coral\/#primaryimage"},"thumbnailUrl":"https:\/\/creationconfort.com\/wp-content\/uploads\/2023\/02\/2-22986-jaune.jpg","datePublished":"2023-02-20T15:41:48+00:00","dateModified":"2025-04-23T19:44:23+00:00","breadcrumb":{"@id":"https:\/\/creationconfort.com\/en\/product\/flannel-nightgown-2-2298-coral\/#breadcrumb"},"inLanguage":"en-US","potentialAction":[{"@type":"ReadAction","target":["https:\/\/creationconfort.com\/en\/product\/flannel-nightgown-2-2298-coral\/"]}]},{"@type":"ImageObject","inLanguage":"en-US","@id":"https:\/\/creationconfort.com\/en\/product\/flannel-nightgown-2-2298-coral\/#primaryimage","url":"https:\/\/creationconfort.com\/wp-content\/uploads\/2023\/02\/2-22986-jaune.jpg","contentUrl":"https:\/\/creationconfort.com\/wp-content\/uploads\/2023\/02\/2-22986-jaune.jpg","width":923,"height":2000},{"@type":"BreadcrumbList","@id":"https:\/\/creationconfort.com\/en\/product\/flannel-nightgown-2-2298-coral\/#breadcrumb","itemListElement":[{"@type":"ListItem","position":1,"name":"Accueil","item":"https:\/\/creationconfort.com\/en\/"},{"@type":"ListItem","position":2,"name":"Shop","item":"https:\/\/creationconfort.com\/en\/shop\/"},{"@type":"ListItem","position":3,"name":"Flannel Nightgown 2-2298 Coral"}]},{"@type":"WebSite","@id":"https:\/\/creationconfort.com\/#website","url":"https:\/\/creationconfort.com\/","name":"Cr\u00e9ation confort","description":"V\u00eatements adapt\u00e9s","potentialAction":[{"@type":"SearchAction","target":{"@type":"EntryPoint","urlTemplate":"https:\/\/creationconfort.com\/?s={search_term_string}"},"query-input":{"@type":"PropertyValueSpecification","valueRequired":true,"valueName":"search_term_string"}}],"inLanguage":"en-US"}]}},"_links":{"self":[{"href":"https:\/\/creationconfort.com\/en\/wp-json\/wp\/v2\/product\/37723","targetHints":{"allow":["GET"]}}],"collection":[{"href":"https:\/\/creationconfort.com\/en\/wp-json\/wp\/v2\/product"}],"about":[{"href":"https:\/\/creationconfort.com\/en\/wp-json\/wp\/v2\/types\/product"}],"wp:featuredmedia":[{"embeddable":true,"href":"https:\/\/creationconfort.com\/en\/wp-json\/wp\/v2\/media\/37731"}],"wp:attachment":[{"href":"https:\/\/creationconfort.com\/en\/wp-json\/wp\/v2\/media?parent=37723"}],"wp:term":[{"taxonomy":"product_brand","embeddable":true,"href":"https:\/\/creationconfort.com\/en\/wp-json\/wp\/v2\/product_brand?post=37723"},{"taxonomy":"product_cat","embeddable":true,"href":"https:\/\/creationconfort.com\/en\/wp-json\/wp\/v2\/product_cat?post=37723"},{"taxonomy":"product_tag","embeddable":true,"href":"https:\/\/creationconfort.com\/en\/wp-json\/wp\/v2\/product_tag?post=37723"}],"curies":[{"name":"wp","href":"https:\/\/api.w.org\/{rel}","templated":true}]}}