{"id":36409,"date":"2022-11-15T15:22:37","date_gmt":"2022-11-15T20:22:37","guid":{"rendered":"https:\/\/creationconfort.com\/?post_type=product&#038;p=36409"},"modified":"2025-03-06T13:13:58","modified_gmt":"2025-03-06T18:13:58","slug":"women-short-poncho-cape-royal-blue","status":"publish","type":"product","link":"https:\/\/creationconfort.com\/en\/product\/women-short-poncho-cape-royal-blue\/","title":{"rendered":"Women short Poncho Cape 1445 &#8211; Royal Blue"},"content":{"rendered":"<p>Our cape made of fleece is extremely soft and can be worn with any outfit. It is easy to put on and keeps the shoulders warm and comfortable. It comes in one size fits all and is offered in several colors.<\/p>\n","protected":false},"excerpt":{"rendered":"<p>Our cape made of fleece is extremely soft and can be worn with any outfit. It is easy to put [&hellip;]<\/p>\n","protected":false},"featured_media":46605,"template":"","meta":{"_acf_changed":false,"wp_popup_display_lightbox":0,"wp_popup_suppress":"","wp_popup_trigger":"","wp_popup_trigger_amount":0,"wp_popup_disable_on_mobile":false},"product_brand":[],"product_cat":[1068,1422,1084],"product_tag":[],"class_list":{"0":"post-36409","1":"product","2":"type-product","3":"status-publish","4":"has-post-thumbnail","6":"conditions-alzheimer-conditions-0-en","7":"conditions-parkinson-conditions-0-en","8":"conditions-reduced-mobility-conditions-0-en","9":"product_cat-accessories-product_cat-0-en","10":"product_cat-cape-women","11":"product_cat-cape-product_cat-1068-en","13":"first","14":"outofstock","15":"taxable","16":"shipping-taxable","17":"purchasable","18":"product-type-simple"},"acf":[],"yoast_head":"<!-- This site is optimized with the Yoast SEO Premium plugin v26.6 (Yoast SEO v27.2) - https:\/\/yoast.com\/product\/yoast-seo-premium-wordpress\/ -->\n<title>Women short Poncho Cape 1445 - Royal Blue - Cr\u00e9ation confort<\/title>\n<meta name=\"robots\" content=\"index, follow, max-snippet:-1, max-image-preview:large, max-video-preview:-1\" \/>\n<link rel=\"canonical\" href=\"https:\/\/creationconfort.com\/en\/product\/women-short-poncho-cape-royal-blue\/\" \/>\n<meta property=\"og:locale\" content=\"en_US\" \/>\n<meta property=\"og:type\" content=\"article\" \/>\n<meta property=\"og:title\" content=\"Women short Poncho Cape 1445 - Royal Blue\" \/>\n<meta property=\"og:description\" content=\"Our cape made of fleece is extremely soft and can be worn with any outfit. It is easy to put [&hellip;]\" \/>\n<meta property=\"og:url\" content=\"https:\/\/creationconfort.com\/en\/product\/women-short-poncho-cape-royal-blue\/\" \/>\n<meta property=\"og:site_name\" content=\"Cr\u00e9ation confort\" \/>\n<meta property=\"article:publisher\" content=\"https:\/\/www.facebook.com\/creationconfortvetementsadaptes\" \/>\n<meta property=\"article:modified_time\" content=\"2025-03-06T18:13:58+00:00\" \/>\n<meta property=\"og:image\" content=\"https:\/\/creationconfort.com\/wp-content\/uploads\/2022\/11\/1445-capeline-royal-1.png\" \/>\n\t<meta property=\"og:image:width\" content=\"970\" \/>\n\t<meta property=\"og:image:height\" content=\"1228\" \/>\n\t<meta property=\"og:image:type\" content=\"image\/png\" \/>\n<meta name=\"twitter:card\" content=\"summary_large_image\" \/>\n<meta name=\"twitter:label1\" content=\"Est. reading time\" \/>\n\t<meta name=\"twitter:data1\" content=\"1 minute\" \/>\n<script type=\"application\/ld+json\" class=\"yoast-schema-graph\">{\"@context\":\"https:\/\/schema.org\",\"@graph\":[{\"@type\":\"WebPage\",\"@id\":\"https:\/\/creationconfort.com\/en\/product\/women-short-poncho-cape-royal-blue\/\",\"url\":\"https:\/\/creationconfort.com\/en\/product\/women-short-poncho-cape-royal-blue\/\",\"name\":\"Women short Poncho Cape 1445 - Royal Blue - Cr\u00e9ation confort\",\"isPartOf\":{\"@id\":\"https:\/\/creationconfort.com\/#website\"},\"primaryImageOfPage\":{\"@id\":\"https:\/\/creationconfort.com\/en\/product\/women-short-poncho-cape-royal-blue\/#primaryimage\"},\"image\":{\"@id\":\"https:\/\/creationconfort.com\/en\/product\/women-short-poncho-cape-royal-blue\/#primaryimage\"},\"thumbnailUrl\":\"https:\/\/creationconfort.com\/wp-content\/uploads\/2022\/11\/1445-capeline-royal-1.png\",\"datePublished\":\"2022-11-15T20:22:37+00:00\",\"dateModified\":\"2025-03-06T18:13:58+00:00\",\"breadcrumb\":{\"@id\":\"https:\/\/creationconfort.com\/en\/product\/women-short-poncho-cape-royal-blue\/#breadcrumb\"},\"inLanguage\":\"en-US\",\"potentialAction\":[{\"@type\":\"ReadAction\",\"target\":[\"https:\/\/creationconfort.com\/en\/product\/women-short-poncho-cape-royal-blue\/\"]}]},{\"@type\":\"ImageObject\",\"inLanguage\":\"en-US\",\"@id\":\"https:\/\/creationconfort.com\/en\/product\/women-short-poncho-cape-royal-blue\/#primaryimage\",\"url\":\"https:\/\/creationconfort.com\/wp-content\/uploads\/2022\/11\/1445-capeline-royal-1.png\",\"contentUrl\":\"https:\/\/creationconfort.com\/wp-content\/uploads\/2022\/11\/1445-capeline-royal-1.png\",\"width\":970,\"height\":1228},{\"@type\":\"BreadcrumbList\",\"@id\":\"https:\/\/creationconfort.com\/en\/product\/women-short-poncho-cape-royal-blue\/#breadcrumb\",\"itemListElement\":[{\"@type\":\"ListItem\",\"position\":1,\"name\":\"Accueil\",\"item\":\"https:\/\/creationconfort.com\/en\/\"},{\"@type\":\"ListItem\",\"position\":2,\"name\":\"Shop\",\"item\":\"https:\/\/creationconfort.com\/en\/shop\/\"},{\"@type\":\"ListItem\",\"position\":3,\"name\":\"Women short Poncho Cape 1445 &#8211; Royal Blue\"}]},{\"@type\":\"WebSite\",\"@id\":\"https:\/\/creationconfort.com\/#website\",\"url\":\"https:\/\/creationconfort.com\/\",\"name\":\"Cr\u00e9ation confort\",\"description\":\"V\u00eatements adapt\u00e9s\",\"potentialAction\":[{\"@type\":\"SearchAction\",\"target\":{\"@type\":\"EntryPoint\",\"urlTemplate\":\"https:\/\/creationconfort.com\/?s={search_term_string}\"},\"query-input\":{\"@type\":\"PropertyValueSpecification\",\"valueRequired\":true,\"valueName\":\"search_term_string\"}}],\"inLanguage\":\"en-US\"}]}<\/script>\n<!-- \/ Yoast SEO Premium plugin. -->","yoast_head_json":{"title":"Women short Poncho Cape 1445 - Royal Blue - Cr\u00e9ation confort","robots":{"index":"index","follow":"follow","max-snippet":"max-snippet:-1","max-image-preview":"max-image-preview:large","max-video-preview":"max-video-preview:-1"},"canonical":"https:\/\/creationconfort.com\/en\/product\/women-short-poncho-cape-royal-blue\/","og_locale":"en_US","og_type":"article","og_title":"Women short Poncho Cape 1445 - Royal Blue","og_description":"Our cape made of fleece is extremely soft and can be worn with any outfit. It is easy to put [&hellip;]","og_url":"https:\/\/creationconfort.com\/en\/product\/women-short-poncho-cape-royal-blue\/","og_site_name":"Cr\u00e9ation confort","article_publisher":"https:\/\/www.facebook.com\/creationconfortvetementsadaptes","article_modified_time":"2025-03-06T18:13:58+00:00","og_image":[{"width":970,"height":1228,"url":"https:\/\/creationconfort.com\/wp-content\/uploads\/2022\/11\/1445-capeline-royal-1.png","type":"image\/png"}],"twitter_card":"summary_large_image","twitter_misc":{"Est. reading time":"1 minute"},"schema":{"@context":"https:\/\/schema.org","@graph":[{"@type":"WebPage","@id":"https:\/\/creationconfort.com\/en\/product\/women-short-poncho-cape-royal-blue\/","url":"https:\/\/creationconfort.com\/en\/product\/women-short-poncho-cape-royal-blue\/","name":"Women short Poncho Cape 1445 - Royal Blue - Cr\u00e9ation confort","isPartOf":{"@id":"https:\/\/creationconfort.com\/#website"},"primaryImageOfPage":{"@id":"https:\/\/creationconfort.com\/en\/product\/women-short-poncho-cape-royal-blue\/#primaryimage"},"image":{"@id":"https:\/\/creationconfort.com\/en\/product\/women-short-poncho-cape-royal-blue\/#primaryimage"},"thumbnailUrl":"https:\/\/creationconfort.com\/wp-content\/uploads\/2022\/11\/1445-capeline-royal-1.png","datePublished":"2022-11-15T20:22:37+00:00","dateModified":"2025-03-06T18:13:58+00:00","breadcrumb":{"@id":"https:\/\/creationconfort.com\/en\/product\/women-short-poncho-cape-royal-blue\/#breadcrumb"},"inLanguage":"en-US","potentialAction":[{"@type":"ReadAction","target":["https:\/\/creationconfort.com\/en\/product\/women-short-poncho-cape-royal-blue\/"]}]},{"@type":"ImageObject","inLanguage":"en-US","@id":"https:\/\/creationconfort.com\/en\/product\/women-short-poncho-cape-royal-blue\/#primaryimage","url":"https:\/\/creationconfort.com\/wp-content\/uploads\/2022\/11\/1445-capeline-royal-1.png","contentUrl":"https:\/\/creationconfort.com\/wp-content\/uploads\/2022\/11\/1445-capeline-royal-1.png","width":970,"height":1228},{"@type":"BreadcrumbList","@id":"https:\/\/creationconfort.com\/en\/product\/women-short-poncho-cape-royal-blue\/#breadcrumb","itemListElement":[{"@type":"ListItem","position":1,"name":"Accueil","item":"https:\/\/creationconfort.com\/en\/"},{"@type":"ListItem","position":2,"name":"Shop","item":"https:\/\/creationconfort.com\/en\/shop\/"},{"@type":"ListItem","position":3,"name":"Women short Poncho Cape 1445 &#8211; Royal Blue"}]},{"@type":"WebSite","@id":"https:\/\/creationconfort.com\/#website","url":"https:\/\/creationconfort.com\/","name":"Cr\u00e9ation confort","description":"V\u00eatements adapt\u00e9s","potentialAction":[{"@type":"SearchAction","target":{"@type":"EntryPoint","urlTemplate":"https:\/\/creationconfort.com\/?s={search_term_string}"},"query-input":{"@type":"PropertyValueSpecification","valueRequired":true,"valueName":"search_term_string"}}],"inLanguage":"en-US"}]}},"_links":{"self":[{"href":"https:\/\/creationconfort.com\/en\/wp-json\/wp\/v2\/product\/36409","targetHints":{"allow":["GET"]}}],"collection":[{"href":"https:\/\/creationconfort.com\/en\/wp-json\/wp\/v2\/product"}],"about":[{"href":"https:\/\/creationconfort.com\/en\/wp-json\/wp\/v2\/types\/product"}],"wp:featuredmedia":[{"embeddable":true,"href":"https:\/\/creationconfort.com\/en\/wp-json\/wp\/v2\/media\/46605"}],"wp:attachment":[{"href":"https:\/\/creationconfort.com\/en\/wp-json\/wp\/v2\/media?parent=36409"}],"wp:term":[{"taxonomy":"product_brand","embeddable":true,"href":"https:\/\/creationconfort.com\/en\/wp-json\/wp\/v2\/product_brand?post=36409"},{"taxonomy":"product_cat","embeddable":true,"href":"https:\/\/creationconfort.com\/en\/wp-json\/wp\/v2\/product_cat?post=36409"},{"taxonomy":"product_tag","embeddable":true,"href":"https:\/\/creationconfort.com\/en\/wp-json\/wp\/v2\/product_tag?post=36409"}],"curies":[{"name":"wp","href":"https:\/\/api.w.org\/{rel}","templated":true}]}}