{"id":36310,"date":"2022-11-14T09:22:31","date_gmt":"2022-11-14T14:22:31","guid":{"rendered":"https:\/\/creationconfort.com\/?post_type=product&#038;p=36310"},"modified":"2026-04-02T15:06:35","modified_gmt":"2026-04-02T19:06:35","slug":"soft-and-comfortable-polar-bottomless-pants-lilac","status":"publish","type":"product","link":"https:\/\/creationconfort.com\/en\/product\/soft-and-comfortable-polar-bottomless-pants-lilac\/","title":{"rendered":"Soft &#038; Comfortable Polar Bottomless Pants 7059 &#8211; Lilac"},"content":{"rendered":"<p>Our bottomless pants are perfect for people with lowered mobility that do not walk at all. They were specifically designed to offer comfort and dignity to wheelchair users. Besides having the appearance of a regular pant, they are easy to put on with a velcro closure at the back, very adjustable, and offer quick access to incontinence underwear. These pants are unisex.<\/p>\n<p>&nbsp;<\/p>\n","protected":false},"excerpt":{"rendered":"<p>Our bottomless pants are perfect for people with lowered mobility that do not walk at all. They were specifically designed [&hellip;]<\/p>\n","protected":false},"featured_media":36318,"template":"","meta":{"_acf_changed":false,"wp_popup_display_lightbox":0,"wp_popup_suppress":"","wp_popup_trigger":"","wp_popup_trigger_amount":0,"wp_popup_disable_on_mobile":false},"product_brand":[],"product_cat":[1153,1154,1057,1016],"product_tag":[],"class_list":{"0":"post-36310","1":"product","2":"type-product","3":"status-publish","4":"has-post-thumbnail","6":"conditions-alzheimer-conditions-0-en","7":"conditions-parkinson-conditions-0-en","8":"conditions-reduced-mobility-conditions-0-en","9":"conditions-senility-conditions-0-en","10":"product_cat-bottomless-pants-product_cat-1016-en","11":"product_cat-bottomless-pants-product_cat-1057-en","12":"product_cat-women-autumn-winter-product_cat-0-en","13":"product_cat-women-spring-summer-product_cat-0-en","15":"first","16":"instock","17":"taxable","18":"shipping-taxable","19":"purchasable","20":"product-type-variable"},"acf":[],"yoast_head":"<!-- This site is optimized with the Yoast SEO Premium plugin v26.6 (Yoast SEO v27.2) - https:\/\/yoast.com\/product\/yoast-seo-premium-wordpress\/ -->\n<title>Soft &amp; Comfortable Polar Bottomless Pants 7059 - Lilac - Cr\u00e9ation confort<\/title>\n<meta name=\"robots\" content=\"index, follow, max-snippet:-1, max-image-preview:large, max-video-preview:-1\" \/>\n<link rel=\"canonical\" href=\"https:\/\/creationconfort.com\/en\/product\/soft-and-comfortable-polar-bottomless-pants-lilac\/\" \/>\n<meta property=\"og:locale\" content=\"en_US\" \/>\n<meta property=\"og:type\" content=\"article\" \/>\n<meta property=\"og:title\" content=\"Soft &amp; Comfortable Polar Bottomless Pants 7059 - Lilac\" \/>\n<meta property=\"og:description\" content=\"Our bottomless pants are perfect for people with lowered mobility that do not walk at all. They were specifically designed [&hellip;]\" \/>\n<meta property=\"og:url\" content=\"https:\/\/creationconfort.com\/en\/product\/soft-and-comfortable-polar-bottomless-pants-lilac\/\" \/>\n<meta property=\"og:site_name\" content=\"Cr\u00e9ation confort\" \/>\n<meta property=\"article:publisher\" content=\"https:\/\/www.facebook.com\/creationconfortvetementsadaptes\" \/>\n<meta property=\"article:modified_time\" content=\"2026-04-02T19:06:35+00:00\" \/>\n<meta property=\"og:image\" content=\"https:\/\/creationconfort.com\/wp-content\/uploads\/2022\/11\/2-1155-lilas-1.jpg\" \/>\n\t<meta property=\"og:image:width\" content=\"781\" \/>\n\t<meta property=\"og:image:height\" content=\"2000\" \/>\n\t<meta property=\"og:image:type\" content=\"image\/jpeg\" \/>\n<meta name=\"twitter:card\" content=\"summary_large_image\" \/>\n<meta name=\"twitter:label1\" content=\"Est. reading time\" \/>\n\t<meta name=\"twitter:data1\" content=\"1 minute\" \/>\n<script type=\"application\/ld+json\" class=\"yoast-schema-graph\">{\"@context\":\"https:\/\/schema.org\",\"@graph\":[{\"@type\":\"WebPage\",\"@id\":\"https:\/\/creationconfort.com\/en\/product\/soft-and-comfortable-polar-bottomless-pants-lilac\/\",\"url\":\"https:\/\/creationconfort.com\/en\/product\/soft-and-comfortable-polar-bottomless-pants-lilac\/\",\"name\":\"Soft & Comfortable Polar Bottomless Pants 7059 - Lilac - Cr\u00e9ation confort\",\"isPartOf\":{\"@id\":\"https:\/\/creationconfort.com\/#website\"},\"primaryImageOfPage\":{\"@id\":\"https:\/\/creationconfort.com\/en\/product\/soft-and-comfortable-polar-bottomless-pants-lilac\/#primaryimage\"},\"image\":{\"@id\":\"https:\/\/creationconfort.com\/en\/product\/soft-and-comfortable-polar-bottomless-pants-lilac\/#primaryimage\"},\"thumbnailUrl\":\"https:\/\/creationconfort.com\/wp-content\/uploads\/2022\/11\/2-1155-lilas-1.jpg\",\"datePublished\":\"2022-11-14T14:22:31+00:00\",\"dateModified\":\"2026-04-02T19:06:35+00:00\",\"breadcrumb\":{\"@id\":\"https:\/\/creationconfort.com\/en\/product\/soft-and-comfortable-polar-bottomless-pants-lilac\/#breadcrumb\"},\"inLanguage\":\"en-US\",\"potentialAction\":[{\"@type\":\"ReadAction\",\"target\":[\"https:\/\/creationconfort.com\/en\/product\/soft-and-comfortable-polar-bottomless-pants-lilac\/\"]}]},{\"@type\":\"ImageObject\",\"inLanguage\":\"en-US\",\"@id\":\"https:\/\/creationconfort.com\/en\/product\/soft-and-comfortable-polar-bottomless-pants-lilac\/#primaryimage\",\"url\":\"https:\/\/creationconfort.com\/wp-content\/uploads\/2022\/11\/2-1155-lilas-1.jpg\",\"contentUrl\":\"https:\/\/creationconfort.com\/wp-content\/uploads\/2022\/11\/2-1155-lilas-1.jpg\",\"width\":781,\"height\":2000},{\"@type\":\"BreadcrumbList\",\"@id\":\"https:\/\/creationconfort.com\/en\/product\/soft-and-comfortable-polar-bottomless-pants-lilac\/#breadcrumb\",\"itemListElement\":[{\"@type\":\"ListItem\",\"position\":1,\"name\":\"Accueil\",\"item\":\"https:\/\/creationconfort.com\/en\/\"},{\"@type\":\"ListItem\",\"position\":2,\"name\":\"Shop\",\"item\":\"https:\/\/creationconfort.com\/en\/shop\/\"},{\"@type\":\"ListItem\",\"position\":3,\"name\":\"Soft &#038; Comfortable Polar Bottomless Pants 7059 &#8211; Lilac\"}]},{\"@type\":\"WebSite\",\"@id\":\"https:\/\/creationconfort.com\/#website\",\"url\":\"https:\/\/creationconfort.com\/\",\"name\":\"Cr\u00e9ation confort\",\"description\":\"V\u00eatements adapt\u00e9s\",\"potentialAction\":[{\"@type\":\"SearchAction\",\"target\":{\"@type\":\"EntryPoint\",\"urlTemplate\":\"https:\/\/creationconfort.com\/?s={search_term_string}\"},\"query-input\":{\"@type\":\"PropertyValueSpecification\",\"valueRequired\":true,\"valueName\":\"search_term_string\"}}],\"inLanguage\":\"en-US\"}]}<\/script>\n<!-- \/ Yoast SEO Premium plugin. -->","yoast_head_json":{"title":"Soft & Comfortable Polar Bottomless Pants 7059 - Lilac - Cr\u00e9ation confort","robots":{"index":"index","follow":"follow","max-snippet":"max-snippet:-1","max-image-preview":"max-image-preview:large","max-video-preview":"max-video-preview:-1"},"canonical":"https:\/\/creationconfort.com\/en\/product\/soft-and-comfortable-polar-bottomless-pants-lilac\/","og_locale":"en_US","og_type":"article","og_title":"Soft & Comfortable Polar Bottomless Pants 7059 - Lilac","og_description":"Our bottomless pants are perfect for people with lowered mobility that do not walk at all. They were specifically designed [&hellip;]","og_url":"https:\/\/creationconfort.com\/en\/product\/soft-and-comfortable-polar-bottomless-pants-lilac\/","og_site_name":"Cr\u00e9ation confort","article_publisher":"https:\/\/www.facebook.com\/creationconfortvetementsadaptes","article_modified_time":"2026-04-02T19:06:35+00:00","og_image":[{"width":781,"height":2000,"url":"https:\/\/creationconfort.com\/wp-content\/uploads\/2022\/11\/2-1155-lilas-1.jpg","type":"image\/jpeg"}],"twitter_card":"summary_large_image","twitter_misc":{"Est. reading time":"1 minute"},"schema":{"@context":"https:\/\/schema.org","@graph":[{"@type":"WebPage","@id":"https:\/\/creationconfort.com\/en\/product\/soft-and-comfortable-polar-bottomless-pants-lilac\/","url":"https:\/\/creationconfort.com\/en\/product\/soft-and-comfortable-polar-bottomless-pants-lilac\/","name":"Soft & Comfortable Polar Bottomless Pants 7059 - Lilac - Cr\u00e9ation confort","isPartOf":{"@id":"https:\/\/creationconfort.com\/#website"},"primaryImageOfPage":{"@id":"https:\/\/creationconfort.com\/en\/product\/soft-and-comfortable-polar-bottomless-pants-lilac\/#primaryimage"},"image":{"@id":"https:\/\/creationconfort.com\/en\/product\/soft-and-comfortable-polar-bottomless-pants-lilac\/#primaryimage"},"thumbnailUrl":"https:\/\/creationconfort.com\/wp-content\/uploads\/2022\/11\/2-1155-lilas-1.jpg","datePublished":"2022-11-14T14:22:31+00:00","dateModified":"2026-04-02T19:06:35+00:00","breadcrumb":{"@id":"https:\/\/creationconfort.com\/en\/product\/soft-and-comfortable-polar-bottomless-pants-lilac\/#breadcrumb"},"inLanguage":"en-US","potentialAction":[{"@type":"ReadAction","target":["https:\/\/creationconfort.com\/en\/product\/soft-and-comfortable-polar-bottomless-pants-lilac\/"]}]},{"@type":"ImageObject","inLanguage":"en-US","@id":"https:\/\/creationconfort.com\/en\/product\/soft-and-comfortable-polar-bottomless-pants-lilac\/#primaryimage","url":"https:\/\/creationconfort.com\/wp-content\/uploads\/2022\/11\/2-1155-lilas-1.jpg","contentUrl":"https:\/\/creationconfort.com\/wp-content\/uploads\/2022\/11\/2-1155-lilas-1.jpg","width":781,"height":2000},{"@type":"BreadcrumbList","@id":"https:\/\/creationconfort.com\/en\/product\/soft-and-comfortable-polar-bottomless-pants-lilac\/#breadcrumb","itemListElement":[{"@type":"ListItem","position":1,"name":"Accueil","item":"https:\/\/creationconfort.com\/en\/"},{"@type":"ListItem","position":2,"name":"Shop","item":"https:\/\/creationconfort.com\/en\/shop\/"},{"@type":"ListItem","position":3,"name":"Soft &#038; Comfortable Polar Bottomless Pants 7059 &#8211; Lilac"}]},{"@type":"WebSite","@id":"https:\/\/creationconfort.com\/#website","url":"https:\/\/creationconfort.com\/","name":"Cr\u00e9ation confort","description":"V\u00eatements adapt\u00e9s","potentialAction":[{"@type":"SearchAction","target":{"@type":"EntryPoint","urlTemplate":"https:\/\/creationconfort.com\/?s={search_term_string}"},"query-input":{"@type":"PropertyValueSpecification","valueRequired":true,"valueName":"search_term_string"}}],"inLanguage":"en-US"}]}},"_links":{"self":[{"href":"https:\/\/creationconfort.com\/en\/wp-json\/wp\/v2\/product\/36310","targetHints":{"allow":["GET"]}}],"collection":[{"href":"https:\/\/creationconfort.com\/en\/wp-json\/wp\/v2\/product"}],"about":[{"href":"https:\/\/creationconfort.com\/en\/wp-json\/wp\/v2\/types\/product"}],"wp:featuredmedia":[{"embeddable":true,"href":"https:\/\/creationconfort.com\/en\/wp-json\/wp\/v2\/media\/36318"}],"wp:attachment":[{"href":"https:\/\/creationconfort.com\/en\/wp-json\/wp\/v2\/media?parent=36310"}],"wp:term":[{"taxonomy":"product_brand","embeddable":true,"href":"https:\/\/creationconfort.com\/en\/wp-json\/wp\/v2\/product_brand?post=36310"},{"taxonomy":"product_cat","embeddable":true,"href":"https:\/\/creationconfort.com\/en\/wp-json\/wp\/v2\/product_cat?post=36310"},{"taxonomy":"product_tag","embeddable":true,"href":"https:\/\/creationconfort.com\/en\/wp-json\/wp\/v2\/product_tag?post=36310"}],"curies":[{"name":"wp","href":"https:\/\/api.w.org\/{rel}","templated":true}]}}