{"id":32239,"date":"2022-05-09T13:56:36","date_gmt":"2022-05-09T17:56:36","guid":{"rendered":"https:\/\/creationconfort.com\/?post_type=product&#038;p=32239"},"modified":"2026-04-02T15:09:51","modified_gmt":"2026-04-02T19:09:51","slug":"bottomless-pants-in-brown","status":"publish","type":"product","link":"https:\/\/creationconfort.com\/en\/product\/bottomless-pants-in-brown\/","title":{"rendered":"Bottomless Pants Style 7059 in Brown"},"content":{"rendered":"<p>Our bottomless pants are perfect for people with lowered mobility that do not walk at all. They were specifically designed to offer comfort and dignity to wheelchair users. Besides having the appearance of a regular pant, they are easy to put on with a velcro closure at the back, very adjustable, and offer quick access to incontinence underwear. These pants are unisex.<\/p>\n","protected":false},"excerpt":{"rendered":"<p>Our bottomless pants are perfect for people with lowered mobility that do not walk at all. They were specifically designed [&hellip;]<\/p>\n","protected":false},"featured_media":23993,"template":"","meta":{"_acf_changed":false,"wp_popup_display_lightbox":0,"wp_popup_suppress":"","wp_popup_trigger":"","wp_popup_trigger_amount":0,"wp_popup_disable_on_mobile":false},"product_brand":[],"product_cat":[1153,1158,1154,1156,1157,1155,1057,1016],"product_tag":[],"class_list":{"0":"post-32239","1":"product","2":"type-product","3":"status-publish","4":"has-post-thumbnail","6":"conditions-alzheimer-conditions-0-en","7":"conditions-parkinson-conditions-0-en","8":"conditions-reduced-mobility-conditions-0-en","9":"conditions-senility-conditions-0-en","10":"product_cat-bottomless-pants-product_cat-1016-en","11":"product_cat-bottomless-pants-product_cat-1157-en","12":"product_cat-bottomless-pants-product_cat-1057-en","13":"product_cat-bottomless-pants-product_cat-1155-en","14":"product_cat-men-autumn-winter-product_cat-0-en","15":"product_cat-men-spring-summer-product_cat-0-en","16":"product_cat-women-autumn-winter-product_cat-0-en","17":"product_cat-women-spring-summer-product_cat-0-en","19":"first","20":"instock","21":"taxable","22":"shipping-taxable","23":"purchasable","24":"product-type-variable"},"acf":[],"yoast_head":"<!-- This site is optimized with the Yoast SEO Premium plugin v26.6 (Yoast SEO v27.2) - https:\/\/yoast.com\/product\/yoast-seo-premium-wordpress\/ -->\n<title>Bottomless Pants Style 7059 in Brown - Cr\u00e9ation confort<\/title>\n<meta name=\"robots\" content=\"index, follow, max-snippet:-1, max-image-preview:large, max-video-preview:-1\" \/>\n<link rel=\"canonical\" href=\"https:\/\/creationconfort.com\/en\/product\/bottomless-pants-in-brown\/\" \/>\n<meta property=\"og:locale\" content=\"en_US\" \/>\n<meta property=\"og:type\" content=\"article\" \/>\n<meta property=\"og:title\" content=\"Bottomless Pants Style 7059 in Brown\" \/>\n<meta property=\"og:description\" content=\"Our bottomless pants are perfect for people with lowered mobility that do not walk at all. They were specifically designed [&hellip;]\" \/>\n<meta property=\"og:url\" content=\"https:\/\/creationconfort.com\/en\/product\/bottomless-pants-in-brown\/\" \/>\n<meta property=\"og:site_name\" content=\"Cr\u00e9ation confort\" \/>\n<meta property=\"article:publisher\" content=\"https:\/\/www.facebook.com\/creationconfortvetementsadaptes\" \/>\n<meta property=\"article:modified_time\" content=\"2026-04-02T19:09:51+00:00\" \/>\n<meta property=\"og:image\" content=\"https:\/\/creationconfort.com\/wp-content\/uploads\/2021\/06\/1-3.png\" \/>\n\t<meta property=\"og:image:width\" content=\"400\" \/>\n\t<meta property=\"og:image:height\" content=\"595\" \/>\n\t<meta property=\"og:image:type\" content=\"image\/png\" \/>\n<meta name=\"twitter:card\" content=\"summary_large_image\" \/>\n<meta name=\"twitter:label1\" content=\"Est. reading time\" \/>\n\t<meta name=\"twitter:data1\" content=\"1 minute\" \/>\n<script type=\"application\/ld+json\" class=\"yoast-schema-graph\">{\"@context\":\"https:\/\/schema.org\",\"@graph\":[{\"@type\":\"WebPage\",\"@id\":\"https:\/\/creationconfort.com\/en\/product\/bottomless-pants-in-brown\/\",\"url\":\"https:\/\/creationconfort.com\/en\/product\/bottomless-pants-in-brown\/\",\"name\":\"Bottomless Pants Style 7059 in Brown - Cr\u00e9ation confort\",\"isPartOf\":{\"@id\":\"https:\/\/creationconfort.com\/#website\"},\"primaryImageOfPage\":{\"@id\":\"https:\/\/creationconfort.com\/en\/product\/bottomless-pants-in-brown\/#primaryimage\"},\"image\":{\"@id\":\"https:\/\/creationconfort.com\/en\/product\/bottomless-pants-in-brown\/#primaryimage\"},\"thumbnailUrl\":\"https:\/\/creationconfort.com\/wp-content\/uploads\/2021\/06\/1-3.png\",\"datePublished\":\"2022-05-09T17:56:36+00:00\",\"dateModified\":\"2026-04-02T19:09:51+00:00\",\"breadcrumb\":{\"@id\":\"https:\/\/creationconfort.com\/en\/product\/bottomless-pants-in-brown\/#breadcrumb\"},\"inLanguage\":\"en-US\",\"potentialAction\":[{\"@type\":\"ReadAction\",\"target\":[\"https:\/\/creationconfort.com\/en\/product\/bottomless-pants-in-brown\/\"]}]},{\"@type\":\"ImageObject\",\"inLanguage\":\"en-US\",\"@id\":\"https:\/\/creationconfort.com\/en\/product\/bottomless-pants-in-brown\/#primaryimage\",\"url\":\"https:\/\/creationconfort.com\/wp-content\/uploads\/2021\/06\/1-3.png\",\"contentUrl\":\"https:\/\/creationconfort.com\/wp-content\/uploads\/2021\/06\/1-3.png\",\"width\":400,\"height\":595},{\"@type\":\"BreadcrumbList\",\"@id\":\"https:\/\/creationconfort.com\/en\/product\/bottomless-pants-in-brown\/#breadcrumb\",\"itemListElement\":[{\"@type\":\"ListItem\",\"position\":1,\"name\":\"Accueil\",\"item\":\"https:\/\/creationconfort.com\/en\/\"},{\"@type\":\"ListItem\",\"position\":2,\"name\":\"Shop\",\"item\":\"https:\/\/creationconfort.com\/en\/shop\/\"},{\"@type\":\"ListItem\",\"position\":3,\"name\":\"Bottomless Pants Style 7059 in Brown\"}]},{\"@type\":\"WebSite\",\"@id\":\"https:\/\/creationconfort.com\/#website\",\"url\":\"https:\/\/creationconfort.com\/\",\"name\":\"Cr\u00e9ation confort\",\"description\":\"V\u00eatements adapt\u00e9s\",\"potentialAction\":[{\"@type\":\"SearchAction\",\"target\":{\"@type\":\"EntryPoint\",\"urlTemplate\":\"https:\/\/creationconfort.com\/?s={search_term_string}\"},\"query-input\":{\"@type\":\"PropertyValueSpecification\",\"valueRequired\":true,\"valueName\":\"search_term_string\"}}],\"inLanguage\":\"en-US\"}]}<\/script>\n<!-- \/ Yoast SEO Premium plugin. -->","yoast_head_json":{"title":"Bottomless Pants Style 7059 in Brown - Cr\u00e9ation confort","robots":{"index":"index","follow":"follow","max-snippet":"max-snippet:-1","max-image-preview":"max-image-preview:large","max-video-preview":"max-video-preview:-1"},"canonical":"https:\/\/creationconfort.com\/en\/product\/bottomless-pants-in-brown\/","og_locale":"en_US","og_type":"article","og_title":"Bottomless Pants Style 7059 in Brown","og_description":"Our bottomless pants are perfect for people with lowered mobility that do not walk at all. They were specifically designed [&hellip;]","og_url":"https:\/\/creationconfort.com\/en\/product\/bottomless-pants-in-brown\/","og_site_name":"Cr\u00e9ation confort","article_publisher":"https:\/\/www.facebook.com\/creationconfortvetementsadaptes","article_modified_time":"2026-04-02T19:09:51+00:00","og_image":[{"width":400,"height":595,"url":"https:\/\/creationconfort.com\/wp-content\/uploads\/2021\/06\/1-3.png","type":"image\/png"}],"twitter_card":"summary_large_image","twitter_misc":{"Est. reading time":"1 minute"},"schema":{"@context":"https:\/\/schema.org","@graph":[{"@type":"WebPage","@id":"https:\/\/creationconfort.com\/en\/product\/bottomless-pants-in-brown\/","url":"https:\/\/creationconfort.com\/en\/product\/bottomless-pants-in-brown\/","name":"Bottomless Pants Style 7059 in Brown - Cr\u00e9ation confort","isPartOf":{"@id":"https:\/\/creationconfort.com\/#website"},"primaryImageOfPage":{"@id":"https:\/\/creationconfort.com\/en\/product\/bottomless-pants-in-brown\/#primaryimage"},"image":{"@id":"https:\/\/creationconfort.com\/en\/product\/bottomless-pants-in-brown\/#primaryimage"},"thumbnailUrl":"https:\/\/creationconfort.com\/wp-content\/uploads\/2021\/06\/1-3.png","datePublished":"2022-05-09T17:56:36+00:00","dateModified":"2026-04-02T19:09:51+00:00","breadcrumb":{"@id":"https:\/\/creationconfort.com\/en\/product\/bottomless-pants-in-brown\/#breadcrumb"},"inLanguage":"en-US","potentialAction":[{"@type":"ReadAction","target":["https:\/\/creationconfort.com\/en\/product\/bottomless-pants-in-brown\/"]}]},{"@type":"ImageObject","inLanguage":"en-US","@id":"https:\/\/creationconfort.com\/en\/product\/bottomless-pants-in-brown\/#primaryimage","url":"https:\/\/creationconfort.com\/wp-content\/uploads\/2021\/06\/1-3.png","contentUrl":"https:\/\/creationconfort.com\/wp-content\/uploads\/2021\/06\/1-3.png","width":400,"height":595},{"@type":"BreadcrumbList","@id":"https:\/\/creationconfort.com\/en\/product\/bottomless-pants-in-brown\/#breadcrumb","itemListElement":[{"@type":"ListItem","position":1,"name":"Accueil","item":"https:\/\/creationconfort.com\/en\/"},{"@type":"ListItem","position":2,"name":"Shop","item":"https:\/\/creationconfort.com\/en\/shop\/"},{"@type":"ListItem","position":3,"name":"Bottomless Pants Style 7059 in Brown"}]},{"@type":"WebSite","@id":"https:\/\/creationconfort.com\/#website","url":"https:\/\/creationconfort.com\/","name":"Cr\u00e9ation confort","description":"V\u00eatements adapt\u00e9s","potentialAction":[{"@type":"SearchAction","target":{"@type":"EntryPoint","urlTemplate":"https:\/\/creationconfort.com\/?s={search_term_string}"},"query-input":{"@type":"PropertyValueSpecification","valueRequired":true,"valueName":"search_term_string"}}],"inLanguage":"en-US"}]}},"_links":{"self":[{"href":"https:\/\/creationconfort.com\/en\/wp-json\/wp\/v2\/product\/32239","targetHints":{"allow":["GET"]}}],"collection":[{"href":"https:\/\/creationconfort.com\/en\/wp-json\/wp\/v2\/product"}],"about":[{"href":"https:\/\/creationconfort.com\/en\/wp-json\/wp\/v2\/types\/product"}],"wp:featuredmedia":[{"embeddable":true,"href":"https:\/\/creationconfort.com\/en\/wp-json\/wp\/v2\/media\/23993"}],"wp:attachment":[{"href":"https:\/\/creationconfort.com\/en\/wp-json\/wp\/v2\/media?parent=32239"}],"wp:term":[{"taxonomy":"product_brand","embeddable":true,"href":"https:\/\/creationconfort.com\/en\/wp-json\/wp\/v2\/product_brand?post=32239"},{"taxonomy":"product_cat","embeddable":true,"href":"https:\/\/creationconfort.com\/en\/wp-json\/wp\/v2\/product_cat?post=32239"},{"taxonomy":"product_tag","embeddable":true,"href":"https:\/\/creationconfort.com\/en\/wp-json\/wp\/v2\/product_tag?post=32239"}],"curies":[{"name":"wp","href":"https:\/\/api.w.org\/{rel}","templated":true}]}}