{"id":31015,"date":"2022-04-05T10:23:09","date_gmt":"2022-04-05T14:23:09","guid":{"rendered":"https:\/\/creationconfort.com\/?post_type=product&#038;p=31015"},"modified":"2026-04-04T11:17:49","modified_gmt":"2026-04-04T15:17:49","slug":"bottomless-pants-in-dark-grey","status":"publish","type":"product","link":"https:\/\/creationconfort.com\/en\/product\/bottomless-pants-in-dark-grey\/","title":{"rendered":"Bottomless Pants Style 7059 in Dark Grey"},"content":{"rendered":"<p>If you&#8217;re looking for comfortable and dignified clothing options for people with lowered mobility who don&#8217;t walk, our bottomless pants are perfect. These adaptive pants were designed specifically with wheelchair users in mind, and they provide all the appearance and function of regular pants, with added convenience and accessibility.<\/p>\n<p>Our bottomless pants are easy to put on and take off, thanks to the Velcro closure at the back. The Velcro also allows for easy adjustments to the waistband and leg openings, which is especially useful for individuals with changing body sizes or swelling.<\/p>\n<p>Another convenient feature of these pants is their quick access to incontinence underwear. This makes it easier for wheelchair users to maintain their personal hygiene without having to completely remove their pants, which can be a challenging and uncomfortable task.<\/p>\n<p>Our bottomless pants are unisex, so they can be worn by anyone who needs a comfortable and adaptive clothing option. They&#8217;re also designed to provide maximum comfort and dignity, which is especially important for people with disabilities or limited mobility.These pants are unisex.<\/p>\n<p>\u00a0Our bottomless pants are a great choice for anyone looking for adaptive clothing that is easy to wear, adjustable, and provides quick access to incontinence underwear. If you or someone you know would benefit from these features, give our bottomless pants a try today.<\/p>\n","protected":false},"excerpt":{"rendered":"<p>If you&#8217;re looking for comfortable and dignified clothing options for people with lowered mobility who don&#8217;t walk, our bottomless pants [&hellip;]<\/p>\n","protected":false},"featured_media":49551,"template":"","meta":{"_acf_changed":false,"wp_popup_display_lightbox":0,"wp_popup_suppress":"","wp_popup_trigger":"","wp_popup_trigger_amount":0,"wp_popup_disable_on_mobile":false},"product_brand":[],"product_cat":[1154,1156,1153,1158,1157,1155,1057,1016],"product_tag":[],"class_list":{"0":"post-31015","1":"product","2":"type-product","3":"status-publish","4":"has-post-thumbnail","6":"conditions-alzheimer-conditions-0-en","7":"conditions-parkinson-conditions-0-en","8":"conditions-reduced-mobility-conditions-0-en","9":"conditions-senility-conditions-0-en","10":"product_cat-bottomless-pants-product_cat-1057-en","11":"product_cat-bottomless-pants-product_cat-1155-en","12":"product_cat-bottomless-pants-product_cat-1016-en","13":"product_cat-bottomless-pants-product_cat-1157-en","14":"product_cat-men-autumn-winter-product_cat-0-en","15":"product_cat-men-spring-summer-product_cat-0-en","16":"product_cat-women-autumn-winter-product_cat-0-en","17":"product_cat-women-spring-summer-product_cat-0-en","19":"first","20":"instock","21":"taxable","22":"shipping-taxable","23":"purchasable","24":"product-type-variable"},"acf":[],"yoast_head":"<!-- This site is optimized with the Yoast SEO Premium plugin v26.6 (Yoast SEO v27.2) - https:\/\/yoast.com\/product\/yoast-seo-premium-wordpress\/ -->\n<title>Bottomless Pants Style 7059 in Dark Grey - Cr\u00e9ation confort<\/title>\n<meta name=\"robots\" content=\"index, follow, max-snippet:-1, max-image-preview:large, max-video-preview:-1\" \/>\n<link rel=\"canonical\" href=\"https:\/\/creationconfort.com\/en\/product\/bottomless-pants-in-dark-grey\/\" \/>\n<meta property=\"og:locale\" content=\"en_US\" \/>\n<meta property=\"og:type\" content=\"article\" \/>\n<meta property=\"og:title\" content=\"Bottomless Pants Style 7059 in Dark Grey\" \/>\n<meta property=\"og:description\" content=\"If you&#8217;re looking for comfortable and dignified clothing options for people with lowered mobility who don&#8217;t walk, our bottomless pants [&hellip;]\" \/>\n<meta property=\"og:url\" content=\"https:\/\/creationconfort.com\/en\/product\/bottomless-pants-in-dark-grey\/\" \/>\n<meta property=\"og:site_name\" content=\"Cr\u00e9ation confort\" \/>\n<meta property=\"article:publisher\" content=\"https:\/\/www.facebook.com\/creationconfortvetementsadaptes\" \/>\n<meta property=\"article:modified_time\" content=\"2026-04-04T15:17:49+00:00\" \/>\n<meta property=\"og:image\" content=\"https:\/\/creationconfort.com\/wp-content\/uploads\/2022\/04\/chatgpt-image-25-mars-2026-13-h-46-min-51-s.png\" \/>\n\t<meta property=\"og:image:width\" content=\"1024\" \/>\n\t<meta property=\"og:image:height\" content=\"1536\" \/>\n\t<meta property=\"og:image:type\" content=\"image\/png\" \/>\n<meta name=\"twitter:card\" content=\"summary_large_image\" \/>\n<meta name=\"twitter:label1\" content=\"Est. reading time\" \/>\n\t<meta name=\"twitter:data1\" content=\"2 minutes\" \/>\n<script type=\"application\/ld+json\" class=\"yoast-schema-graph\">{\"@context\":\"https:\/\/schema.org\",\"@graph\":[{\"@type\":\"WebPage\",\"@id\":\"https:\/\/creationconfort.com\/en\/product\/bottomless-pants-in-dark-grey\/\",\"url\":\"https:\/\/creationconfort.com\/en\/product\/bottomless-pants-in-dark-grey\/\",\"name\":\"Bottomless Pants Style 7059 in Dark Grey - Cr\u00e9ation confort\",\"isPartOf\":{\"@id\":\"https:\/\/creationconfort.com\/#website\"},\"primaryImageOfPage\":{\"@id\":\"https:\/\/creationconfort.com\/en\/product\/bottomless-pants-in-dark-grey\/#primaryimage\"},\"image\":{\"@id\":\"https:\/\/creationconfort.com\/en\/product\/bottomless-pants-in-dark-grey\/#primaryimage\"},\"thumbnailUrl\":\"https:\/\/creationconfort.com\/wp-content\/uploads\/2022\/04\/chatgpt-image-25-mars-2026-13-h-46-min-51-s.png\",\"datePublished\":\"2022-04-05T14:23:09+00:00\",\"dateModified\":\"2026-04-04T15:17:49+00:00\",\"breadcrumb\":{\"@id\":\"https:\/\/creationconfort.com\/en\/product\/bottomless-pants-in-dark-grey\/#breadcrumb\"},\"inLanguage\":\"en-US\",\"potentialAction\":[{\"@type\":\"ReadAction\",\"target\":[\"https:\/\/creationconfort.com\/en\/product\/bottomless-pants-in-dark-grey\/\"]}]},{\"@type\":\"ImageObject\",\"inLanguage\":\"en-US\",\"@id\":\"https:\/\/creationconfort.com\/en\/product\/bottomless-pants-in-dark-grey\/#primaryimage\",\"url\":\"https:\/\/creationconfort.com\/wp-content\/uploads\/2022\/04\/chatgpt-image-25-mars-2026-13-h-46-min-51-s.png\",\"contentUrl\":\"https:\/\/creationconfort.com\/wp-content\/uploads\/2022\/04\/chatgpt-image-25-mars-2026-13-h-46-min-51-s.png\",\"width\":1024,\"height\":1536},{\"@type\":\"BreadcrumbList\",\"@id\":\"https:\/\/creationconfort.com\/en\/product\/bottomless-pants-in-dark-grey\/#breadcrumb\",\"itemListElement\":[{\"@type\":\"ListItem\",\"position\":1,\"name\":\"Accueil\",\"item\":\"https:\/\/creationconfort.com\/en\/\"},{\"@type\":\"ListItem\",\"position\":2,\"name\":\"Shop\",\"item\":\"https:\/\/creationconfort.com\/en\/shop\/\"},{\"@type\":\"ListItem\",\"position\":3,\"name\":\"Bottomless Pants Style 7059 in Dark Grey\"}]},{\"@type\":\"WebSite\",\"@id\":\"https:\/\/creationconfort.com\/#website\",\"url\":\"https:\/\/creationconfort.com\/\",\"name\":\"Cr\u00e9ation confort\",\"description\":\"V\u00eatements adapt\u00e9s\",\"potentialAction\":[{\"@type\":\"SearchAction\",\"target\":{\"@type\":\"EntryPoint\",\"urlTemplate\":\"https:\/\/creationconfort.com\/?s={search_term_string}\"},\"query-input\":{\"@type\":\"PropertyValueSpecification\",\"valueRequired\":true,\"valueName\":\"search_term_string\"}}],\"inLanguage\":\"en-US\"}]}<\/script>\n<!-- \/ Yoast SEO Premium plugin. -->","yoast_head_json":{"title":"Bottomless Pants Style 7059 in Dark Grey - Cr\u00e9ation confort","robots":{"index":"index","follow":"follow","max-snippet":"max-snippet:-1","max-image-preview":"max-image-preview:large","max-video-preview":"max-video-preview:-1"},"canonical":"https:\/\/creationconfort.com\/en\/product\/bottomless-pants-in-dark-grey\/","og_locale":"en_US","og_type":"article","og_title":"Bottomless Pants Style 7059 in Dark Grey","og_description":"If you&#8217;re looking for comfortable and dignified clothing options for people with lowered mobility who don&#8217;t walk, our bottomless pants [&hellip;]","og_url":"https:\/\/creationconfort.com\/en\/product\/bottomless-pants-in-dark-grey\/","og_site_name":"Cr\u00e9ation confort","article_publisher":"https:\/\/www.facebook.com\/creationconfortvetementsadaptes","article_modified_time":"2026-04-04T15:17:49+00:00","og_image":[{"width":1024,"height":1536,"url":"https:\/\/creationconfort.com\/wp-content\/uploads\/2022\/04\/chatgpt-image-25-mars-2026-13-h-46-min-51-s.png","type":"image\/png"}],"twitter_card":"summary_large_image","twitter_misc":{"Est. reading time":"2 minutes"},"schema":{"@context":"https:\/\/schema.org","@graph":[{"@type":"WebPage","@id":"https:\/\/creationconfort.com\/en\/product\/bottomless-pants-in-dark-grey\/","url":"https:\/\/creationconfort.com\/en\/product\/bottomless-pants-in-dark-grey\/","name":"Bottomless Pants Style 7059 in Dark Grey - Cr\u00e9ation confort","isPartOf":{"@id":"https:\/\/creationconfort.com\/#website"},"primaryImageOfPage":{"@id":"https:\/\/creationconfort.com\/en\/product\/bottomless-pants-in-dark-grey\/#primaryimage"},"image":{"@id":"https:\/\/creationconfort.com\/en\/product\/bottomless-pants-in-dark-grey\/#primaryimage"},"thumbnailUrl":"https:\/\/creationconfort.com\/wp-content\/uploads\/2022\/04\/chatgpt-image-25-mars-2026-13-h-46-min-51-s.png","datePublished":"2022-04-05T14:23:09+00:00","dateModified":"2026-04-04T15:17:49+00:00","breadcrumb":{"@id":"https:\/\/creationconfort.com\/en\/product\/bottomless-pants-in-dark-grey\/#breadcrumb"},"inLanguage":"en-US","potentialAction":[{"@type":"ReadAction","target":["https:\/\/creationconfort.com\/en\/product\/bottomless-pants-in-dark-grey\/"]}]},{"@type":"ImageObject","inLanguage":"en-US","@id":"https:\/\/creationconfort.com\/en\/product\/bottomless-pants-in-dark-grey\/#primaryimage","url":"https:\/\/creationconfort.com\/wp-content\/uploads\/2022\/04\/chatgpt-image-25-mars-2026-13-h-46-min-51-s.png","contentUrl":"https:\/\/creationconfort.com\/wp-content\/uploads\/2022\/04\/chatgpt-image-25-mars-2026-13-h-46-min-51-s.png","width":1024,"height":1536},{"@type":"BreadcrumbList","@id":"https:\/\/creationconfort.com\/en\/product\/bottomless-pants-in-dark-grey\/#breadcrumb","itemListElement":[{"@type":"ListItem","position":1,"name":"Accueil","item":"https:\/\/creationconfort.com\/en\/"},{"@type":"ListItem","position":2,"name":"Shop","item":"https:\/\/creationconfort.com\/en\/shop\/"},{"@type":"ListItem","position":3,"name":"Bottomless Pants Style 7059 in Dark Grey"}]},{"@type":"WebSite","@id":"https:\/\/creationconfort.com\/#website","url":"https:\/\/creationconfort.com\/","name":"Cr\u00e9ation confort","description":"V\u00eatements adapt\u00e9s","potentialAction":[{"@type":"SearchAction","target":{"@type":"EntryPoint","urlTemplate":"https:\/\/creationconfort.com\/?s={search_term_string}"},"query-input":{"@type":"PropertyValueSpecification","valueRequired":true,"valueName":"search_term_string"}}],"inLanguage":"en-US"}]}},"_links":{"self":[{"href":"https:\/\/creationconfort.com\/en\/wp-json\/wp\/v2\/product\/31015","targetHints":{"allow":["GET"]}}],"collection":[{"href":"https:\/\/creationconfort.com\/en\/wp-json\/wp\/v2\/product"}],"about":[{"href":"https:\/\/creationconfort.com\/en\/wp-json\/wp\/v2\/types\/product"}],"wp:featuredmedia":[{"embeddable":true,"href":"https:\/\/creationconfort.com\/en\/wp-json\/wp\/v2\/media\/49551"}],"wp:attachment":[{"href":"https:\/\/creationconfort.com\/en\/wp-json\/wp\/v2\/media?parent=31015"}],"wp:term":[{"taxonomy":"product_brand","embeddable":true,"href":"https:\/\/creationconfort.com\/en\/wp-json\/wp\/v2\/product_brand?post=31015"},{"taxonomy":"product_cat","embeddable":true,"href":"https:\/\/creationconfort.com\/en\/wp-json\/wp\/v2\/product_cat?post=31015"},{"taxonomy":"product_tag","embeddable":true,"href":"https:\/\/creationconfort.com\/en\/wp-json\/wp\/v2\/product_tag?post=31015"}],"curies":[{"name":"wp","href":"https:\/\/api.w.org\/{rel}","templated":true}]}}