{"id":30381,"date":"2022-03-18T11:42:33","date_gmt":"2022-03-18T15:42:33","guid":{"rendered":"https:\/\/creationconfort.com\/?post_type=product&#038;p=30381"},"modified":"2025-06-04T15:07:39","modified_gmt":"2025-06-04T19:07:39","slug":"white-ruffle-sleeve-adaptive-top-style-1-1063-blue-striped-d","status":"publish","type":"product","link":"https:\/\/creationconfort.com\/en\/product\/white-ruffle-sleeve-adaptive-top-style-1-1063-blue-striped-d\/","title":{"rendered":"White Ruffle Sleeve Adaptive Top Style 1-1063  Blue Striped D"},"content":{"rendered":"<p>This charming adaptive short sleeve top is easy to put on with overlapping fabric and pressure snap buttons at the back. The light and fun material is perfect for summer, and it can easily be paired with any adaptive pant or skirt.<\/p>\n","protected":false},"excerpt":{"rendered":"<p>This charming adaptive short sleeve top is easy to put on with overlapping fabric and pressure snap buttons at the [&hellip;]<\/p>\n","protected":false},"featured_media":30401,"template":"","meta":{"_acf_changed":false,"wp_popup_display_lightbox":0,"wp_popup_suppress":"","wp_popup_trigger":"","wp_popup_trigger_amount":0,"wp_popup_disable_on_mobile":false},"product_brand":[],"product_cat":[1274,1016],"product_tag":[],"class_list":{"0":"post-30381","1":"product","2":"type-product","3":"status-publish","4":"has-post-thumbnail","6":"conditions-alzheimer-conditions-0-en","7":"conditions-parkinson-conditions-0-en","8":"conditions-reduced-mobility-conditions-0-en","9":"conditions-senility-conditions-0-en","10":"product_cat-tops-product_cat-1016-en","11":"product_cat-women-spring-summer-product_cat-0-en","13":"first","14":"instock","15":"taxable","16":"shipping-taxable","17":"purchasable","18":"product-type-variable"},"acf":[],"yoast_head":"<!-- This site is optimized with the Yoast SEO Premium plugin v26.6 (Yoast SEO v27.2) - https:\/\/yoast.com\/product\/yoast-seo-premium-wordpress\/ -->\n<title>White Ruffle Sleeve Adaptive Top Style 1-1063 Blue Striped D - Cr\u00e9ation confort<\/title>\n<meta name=\"robots\" content=\"index, follow, max-snippet:-1, max-image-preview:large, max-video-preview:-1\" \/>\n<link rel=\"canonical\" href=\"https:\/\/creationconfort.com\/en\/product\/white-ruffle-sleeve-adaptive-top-style-1-1063-blue-striped-d\/\" \/>\n<meta property=\"og:locale\" content=\"en_US\" \/>\n<meta property=\"og:type\" content=\"article\" \/>\n<meta property=\"og:title\" content=\"White Ruffle Sleeve Adaptive Top Style 1-1063 Blue Striped D\" \/>\n<meta property=\"og:description\" content=\"This charming adaptive short sleeve top is easy to put on with overlapping fabric and pressure snap buttons at the [&hellip;]\" \/>\n<meta property=\"og:url\" content=\"https:\/\/creationconfort.com\/en\/product\/white-ruffle-sleeve-adaptive-top-style-1-1063-blue-striped-d\/\" \/>\n<meta property=\"og:site_name\" content=\"Cr\u00e9ation confort\" \/>\n<meta property=\"article:publisher\" content=\"https:\/\/www.facebook.com\/creationconfortvetementsadaptes\" \/>\n<meta property=\"article:modified_time\" content=\"2025-06-04T19:07:39+00:00\" \/>\n<meta property=\"og:image\" content=\"https:\/\/creationconfort.com\/wp-content\/uploads\/2022\/03\/1-1063-d.jpg\" \/>\n\t<meta property=\"og:image:width\" content=\"971\" \/>\n\t<meta property=\"og:image:height\" content=\"1665\" \/>\n\t<meta property=\"og:image:type\" content=\"image\/jpeg\" \/>\n<meta name=\"twitter:card\" content=\"summary_large_image\" \/>\n<meta name=\"twitter:label1\" content=\"Est. reading time\" \/>\n\t<meta name=\"twitter:data1\" content=\"1 minute\" \/>\n<script type=\"application\/ld+json\" class=\"yoast-schema-graph\">{\"@context\":\"https:\/\/schema.org\",\"@graph\":[{\"@type\":\"WebPage\",\"@id\":\"https:\/\/creationconfort.com\/en\/product\/white-ruffle-sleeve-adaptive-top-style-1-1063-blue-striped-d\/\",\"url\":\"https:\/\/creationconfort.com\/en\/product\/white-ruffle-sleeve-adaptive-top-style-1-1063-blue-striped-d\/\",\"name\":\"White Ruffle Sleeve Adaptive Top Style 1-1063 Blue Striped D - Cr\u00e9ation confort\",\"isPartOf\":{\"@id\":\"https:\/\/creationconfort.com\/#website\"},\"primaryImageOfPage\":{\"@id\":\"https:\/\/creationconfort.com\/en\/product\/white-ruffle-sleeve-adaptive-top-style-1-1063-blue-striped-d\/#primaryimage\"},\"image\":{\"@id\":\"https:\/\/creationconfort.com\/en\/product\/white-ruffle-sleeve-adaptive-top-style-1-1063-blue-striped-d\/#primaryimage\"},\"thumbnailUrl\":\"https:\/\/creationconfort.com\/wp-content\/uploads\/2022\/03\/1-1063-d.jpg\",\"datePublished\":\"2022-03-18T15:42:33+00:00\",\"dateModified\":\"2025-06-04T19:07:39+00:00\",\"breadcrumb\":{\"@id\":\"https:\/\/creationconfort.com\/en\/product\/white-ruffle-sleeve-adaptive-top-style-1-1063-blue-striped-d\/#breadcrumb\"},\"inLanguage\":\"en-US\",\"potentialAction\":[{\"@type\":\"ReadAction\",\"target\":[\"https:\/\/creationconfort.com\/en\/product\/white-ruffle-sleeve-adaptive-top-style-1-1063-blue-striped-d\/\"]}]},{\"@type\":\"ImageObject\",\"inLanguage\":\"en-US\",\"@id\":\"https:\/\/creationconfort.com\/en\/product\/white-ruffle-sleeve-adaptive-top-style-1-1063-blue-striped-d\/#primaryimage\",\"url\":\"https:\/\/creationconfort.com\/wp-content\/uploads\/2022\/03\/1-1063-d.jpg\",\"contentUrl\":\"https:\/\/creationconfort.com\/wp-content\/uploads\/2022\/03\/1-1063-d.jpg\",\"width\":971,\"height\":1665},{\"@type\":\"BreadcrumbList\",\"@id\":\"https:\/\/creationconfort.com\/en\/product\/white-ruffle-sleeve-adaptive-top-style-1-1063-blue-striped-d\/#breadcrumb\",\"itemListElement\":[{\"@type\":\"ListItem\",\"position\":1,\"name\":\"Accueil\",\"item\":\"https:\/\/creationconfort.com\/en\/\"},{\"@type\":\"ListItem\",\"position\":2,\"name\":\"Shop\",\"item\":\"https:\/\/creationconfort.com\/en\/shop\/\"},{\"@type\":\"ListItem\",\"position\":3,\"name\":\"White Ruffle Sleeve Adaptive Top Style 1-1063 Blue Striped D\"}]},{\"@type\":\"WebSite\",\"@id\":\"https:\/\/creationconfort.com\/#website\",\"url\":\"https:\/\/creationconfort.com\/\",\"name\":\"Cr\u00e9ation confort\",\"description\":\"V\u00eatements adapt\u00e9s\",\"potentialAction\":[{\"@type\":\"SearchAction\",\"target\":{\"@type\":\"EntryPoint\",\"urlTemplate\":\"https:\/\/creationconfort.com\/?s={search_term_string}\"},\"query-input\":{\"@type\":\"PropertyValueSpecification\",\"valueRequired\":true,\"valueName\":\"search_term_string\"}}],\"inLanguage\":\"en-US\"}]}<\/script>\n<!-- \/ Yoast SEO Premium plugin. -->","yoast_head_json":{"title":"White Ruffle Sleeve Adaptive Top Style 1-1063 Blue Striped D - Cr\u00e9ation confort","robots":{"index":"index","follow":"follow","max-snippet":"max-snippet:-1","max-image-preview":"max-image-preview:large","max-video-preview":"max-video-preview:-1"},"canonical":"https:\/\/creationconfort.com\/en\/product\/white-ruffle-sleeve-adaptive-top-style-1-1063-blue-striped-d\/","og_locale":"en_US","og_type":"article","og_title":"White Ruffle Sleeve Adaptive Top Style 1-1063 Blue Striped D","og_description":"This charming adaptive short sleeve top is easy to put on with overlapping fabric and pressure snap buttons at the [&hellip;]","og_url":"https:\/\/creationconfort.com\/en\/product\/white-ruffle-sleeve-adaptive-top-style-1-1063-blue-striped-d\/","og_site_name":"Cr\u00e9ation confort","article_publisher":"https:\/\/www.facebook.com\/creationconfortvetementsadaptes","article_modified_time":"2025-06-04T19:07:39+00:00","og_image":[{"width":971,"height":1665,"url":"https:\/\/creationconfort.com\/wp-content\/uploads\/2022\/03\/1-1063-d.jpg","type":"image\/jpeg"}],"twitter_card":"summary_large_image","twitter_misc":{"Est. reading time":"1 minute"},"schema":{"@context":"https:\/\/schema.org","@graph":[{"@type":"WebPage","@id":"https:\/\/creationconfort.com\/en\/product\/white-ruffle-sleeve-adaptive-top-style-1-1063-blue-striped-d\/","url":"https:\/\/creationconfort.com\/en\/product\/white-ruffle-sleeve-adaptive-top-style-1-1063-blue-striped-d\/","name":"White Ruffle Sleeve Adaptive Top Style 1-1063 Blue Striped D - Cr\u00e9ation confort","isPartOf":{"@id":"https:\/\/creationconfort.com\/#website"},"primaryImageOfPage":{"@id":"https:\/\/creationconfort.com\/en\/product\/white-ruffle-sleeve-adaptive-top-style-1-1063-blue-striped-d\/#primaryimage"},"image":{"@id":"https:\/\/creationconfort.com\/en\/product\/white-ruffle-sleeve-adaptive-top-style-1-1063-blue-striped-d\/#primaryimage"},"thumbnailUrl":"https:\/\/creationconfort.com\/wp-content\/uploads\/2022\/03\/1-1063-d.jpg","datePublished":"2022-03-18T15:42:33+00:00","dateModified":"2025-06-04T19:07:39+00:00","breadcrumb":{"@id":"https:\/\/creationconfort.com\/en\/product\/white-ruffle-sleeve-adaptive-top-style-1-1063-blue-striped-d\/#breadcrumb"},"inLanguage":"en-US","potentialAction":[{"@type":"ReadAction","target":["https:\/\/creationconfort.com\/en\/product\/white-ruffle-sleeve-adaptive-top-style-1-1063-blue-striped-d\/"]}]},{"@type":"ImageObject","inLanguage":"en-US","@id":"https:\/\/creationconfort.com\/en\/product\/white-ruffle-sleeve-adaptive-top-style-1-1063-blue-striped-d\/#primaryimage","url":"https:\/\/creationconfort.com\/wp-content\/uploads\/2022\/03\/1-1063-d.jpg","contentUrl":"https:\/\/creationconfort.com\/wp-content\/uploads\/2022\/03\/1-1063-d.jpg","width":971,"height":1665},{"@type":"BreadcrumbList","@id":"https:\/\/creationconfort.com\/en\/product\/white-ruffle-sleeve-adaptive-top-style-1-1063-blue-striped-d\/#breadcrumb","itemListElement":[{"@type":"ListItem","position":1,"name":"Accueil","item":"https:\/\/creationconfort.com\/en\/"},{"@type":"ListItem","position":2,"name":"Shop","item":"https:\/\/creationconfort.com\/en\/shop\/"},{"@type":"ListItem","position":3,"name":"White Ruffle Sleeve Adaptive Top Style 1-1063 Blue Striped D"}]},{"@type":"WebSite","@id":"https:\/\/creationconfort.com\/#website","url":"https:\/\/creationconfort.com\/","name":"Cr\u00e9ation confort","description":"V\u00eatements adapt\u00e9s","potentialAction":[{"@type":"SearchAction","target":{"@type":"EntryPoint","urlTemplate":"https:\/\/creationconfort.com\/?s={search_term_string}"},"query-input":{"@type":"PropertyValueSpecification","valueRequired":true,"valueName":"search_term_string"}}],"inLanguage":"en-US"}]}},"_links":{"self":[{"href":"https:\/\/creationconfort.com\/en\/wp-json\/wp\/v2\/product\/30381","targetHints":{"allow":["GET"]}}],"collection":[{"href":"https:\/\/creationconfort.com\/en\/wp-json\/wp\/v2\/product"}],"about":[{"href":"https:\/\/creationconfort.com\/en\/wp-json\/wp\/v2\/types\/product"}],"wp:featuredmedia":[{"embeddable":true,"href":"https:\/\/creationconfort.com\/en\/wp-json\/wp\/v2\/media\/30401"}],"wp:attachment":[{"href":"https:\/\/creationconfort.com\/en\/wp-json\/wp\/v2\/media?parent=30381"}],"wp:term":[{"taxonomy":"product_brand","embeddable":true,"href":"https:\/\/creationconfort.com\/en\/wp-json\/wp\/v2\/product_brand?post=30381"},{"taxonomy":"product_cat","embeddable":true,"href":"https:\/\/creationconfort.com\/en\/wp-json\/wp\/v2\/product_cat?post=30381"},{"taxonomy":"product_tag","embeddable":true,"href":"https:\/\/creationconfort.com\/en\/wp-json\/wp\/v2\/product_tag?post=30381"}],"curies":[{"name":"wp","href":"https:\/\/api.w.org\/{rel}","templated":true}]}}