{"id":24749,"date":"2021-06-22T12:58:06","date_gmt":"2021-06-22T16:58:06","guid":{"rendered":"https:\/\/creationconfort.com\/?post_type=product&#038;p=24749"},"modified":"2025-12-11T10:11:38","modified_gmt":"2025-12-11T15:11:38","slug":"womens-day-jumpsuit-in-multi-beige-copie","status":"publish","type":"product","link":"https:\/\/creationconfort.com\/en\/product\/womens-day-jumpsuit-in-multi-beige-copie\/","title":{"rendered":"Women&#8217;s Day Jumpsuit 1610 &#8211; Pink"},"content":{"rendered":"<p>Our poly\/cotton daytime jumpsuit is comfortable and non-restraining. Its design ensures the respect and dignity of individuals suffering from Alzheimer\u2019s disease or other forms of dementia by restricting their access to incontinence garments or preventing them from undressing. This jumpsuit features a long back zipper secured with a snap button at the top. It is resistant and robust, and offers practical dressing for the caregiver and painless dressing for the beneficiary. It is offered in many fun prints and colors and gives the appearance of a formal outfit.<\/p>\n","protected":false},"excerpt":{"rendered":"<p>Our poly\/cotton daytime jumpsuit is comfortable and non-restraining. Its design ensures the respect and dignity of individuals suffering from Alzheimer\u2019s [&hellip;]<\/p>\n","protected":false},"featured_media":39610,"template":"","meta":{"_acf_changed":false,"wp_popup_display_lightbox":0,"wp_popup_suppress":"","wp_popup_trigger":"","wp_popup_trigger_amount":0,"wp_popup_disable_on_mobile":false},"product_brand":[],"product_cat":[1068,1113,1438,1057],"product_tag":[],"class_list":{"0":"post-24749","1":"product","2":"type-product","3":"status-publish","4":"has-post-thumbnail","6":"conditions-alzheimer-conditions-0-en","7":"conditions-parkinson-conditions-0-en","8":"conditions-reduced-mobility-conditions-0-en","9":"product_cat-accessories-product_cat-0-en","10":"product_cat-jumpsuits-for-day-product_cat-1068-en","11":"product_cat-woman-day-jumpsuit","12":"product_cat-women-autumn-winter-product_cat-0-en","14":"first","15":"instock","16":"taxable","17":"shipping-taxable","18":"purchasable","19":"product-type-variable"},"acf":[],"yoast_head":"<!-- This site is optimized with the Yoast SEO Premium plugin v26.6 (Yoast SEO v27.2) - https:\/\/yoast.com\/product\/yoast-seo-premium-wordpress\/ -->\n<title>Women&#039;s Day Jumpsuit 1610 - Pink - Cr\u00e9ation confort<\/title>\n<meta name=\"robots\" content=\"index, follow, max-snippet:-1, max-image-preview:large, max-video-preview:-1\" \/>\n<link rel=\"canonical\" href=\"https:\/\/creationconfort.com\/en\/product\/womens-day-jumpsuit-in-multi-beige-copie\/\" \/>\n<meta property=\"og:locale\" content=\"en_US\" \/>\n<meta property=\"og:type\" content=\"article\" \/>\n<meta property=\"og:title\" content=\"Women&#039;s Day Jumpsuit 1610 - Pink\" \/>\n<meta property=\"og:description\" content=\"Our poly\/cotton daytime jumpsuit is comfortable and non-restraining. Its design ensures the respect and dignity of individuals suffering from Alzheimer\u2019s [&hellip;]\" \/>\n<meta property=\"og:url\" content=\"https:\/\/creationconfort.com\/en\/product\/womens-day-jumpsuit-in-multi-beige-copie\/\" \/>\n<meta property=\"og:site_name\" content=\"Cr\u00e9ation confort\" \/>\n<meta property=\"article:publisher\" content=\"https:\/\/www.facebook.com\/creationconfortvetementsadaptes\" \/>\n<meta property=\"article:modified_time\" content=\"2025-12-11T15:11:38+00:00\" \/>\n<meta property=\"og:image\" content=\"https:\/\/creationconfort.com\/wp-content\/uploads\/2021\/06\/1610ass-fff.jpg\" \/>\n\t<meta property=\"og:image:width\" content=\"759\" \/>\n\t<meta property=\"og:image:height\" content=\"2000\" \/>\n\t<meta property=\"og:image:type\" content=\"image\/jpeg\" \/>\n<meta name=\"twitter:card\" content=\"summary_large_image\" \/>\n<meta name=\"twitter:label1\" content=\"Est. reading time\" \/>\n\t<meta name=\"twitter:data1\" content=\"1 minute\" \/>\n<script type=\"application\/ld+json\" class=\"yoast-schema-graph\">{\"@context\":\"https:\/\/schema.org\",\"@graph\":[{\"@type\":\"WebPage\",\"@id\":\"https:\/\/creationconfort.com\/en\/product\/womens-day-jumpsuit-in-multi-beige-copie\/\",\"url\":\"https:\/\/creationconfort.com\/en\/product\/womens-day-jumpsuit-in-multi-beige-copie\/\",\"name\":\"Women's Day Jumpsuit 1610 - Pink - Cr\u00e9ation confort\",\"isPartOf\":{\"@id\":\"https:\/\/creationconfort.com\/#website\"},\"primaryImageOfPage\":{\"@id\":\"https:\/\/creationconfort.com\/en\/product\/womens-day-jumpsuit-in-multi-beige-copie\/#primaryimage\"},\"image\":{\"@id\":\"https:\/\/creationconfort.com\/en\/product\/womens-day-jumpsuit-in-multi-beige-copie\/#primaryimage\"},\"thumbnailUrl\":\"https:\/\/creationconfort.com\/wp-content\/uploads\/2021\/06\/1610ass-fff.jpg\",\"datePublished\":\"2021-06-22T16:58:06+00:00\",\"dateModified\":\"2025-12-11T15:11:38+00:00\",\"breadcrumb\":{\"@id\":\"https:\/\/creationconfort.com\/en\/product\/womens-day-jumpsuit-in-multi-beige-copie\/#breadcrumb\"},\"inLanguage\":\"en-US\",\"potentialAction\":[{\"@type\":\"ReadAction\",\"target\":[\"https:\/\/creationconfort.com\/en\/product\/womens-day-jumpsuit-in-multi-beige-copie\/\"]}]},{\"@type\":\"ImageObject\",\"inLanguage\":\"en-US\",\"@id\":\"https:\/\/creationconfort.com\/en\/product\/womens-day-jumpsuit-in-multi-beige-copie\/#primaryimage\",\"url\":\"https:\/\/creationconfort.com\/wp-content\/uploads\/2021\/06\/1610ass-fff.jpg\",\"contentUrl\":\"https:\/\/creationconfort.com\/wp-content\/uploads\/2021\/06\/1610ass-fff.jpg\",\"width\":759,\"height\":2000},{\"@type\":\"BreadcrumbList\",\"@id\":\"https:\/\/creationconfort.com\/en\/product\/womens-day-jumpsuit-in-multi-beige-copie\/#breadcrumb\",\"itemListElement\":[{\"@type\":\"ListItem\",\"position\":1,\"name\":\"Accueil\",\"item\":\"https:\/\/creationconfort.com\/en\/\"},{\"@type\":\"ListItem\",\"position\":2,\"name\":\"Shop\",\"item\":\"https:\/\/creationconfort.com\/en\/shop\/\"},{\"@type\":\"ListItem\",\"position\":3,\"name\":\"Women&rsquo;s Day Jumpsuit 1610 &#8211; Pink\"}]},{\"@type\":\"WebSite\",\"@id\":\"https:\/\/creationconfort.com\/#website\",\"url\":\"https:\/\/creationconfort.com\/\",\"name\":\"Cr\u00e9ation confort\",\"description\":\"V\u00eatements adapt\u00e9s\",\"potentialAction\":[{\"@type\":\"SearchAction\",\"target\":{\"@type\":\"EntryPoint\",\"urlTemplate\":\"https:\/\/creationconfort.com\/?s={search_term_string}\"},\"query-input\":{\"@type\":\"PropertyValueSpecification\",\"valueRequired\":true,\"valueName\":\"search_term_string\"}}],\"inLanguage\":\"en-US\"}]}<\/script>\n<!-- \/ Yoast SEO Premium plugin. -->","yoast_head_json":{"title":"Women's Day Jumpsuit 1610 - Pink - Cr\u00e9ation confort","robots":{"index":"index","follow":"follow","max-snippet":"max-snippet:-1","max-image-preview":"max-image-preview:large","max-video-preview":"max-video-preview:-1"},"canonical":"https:\/\/creationconfort.com\/en\/product\/womens-day-jumpsuit-in-multi-beige-copie\/","og_locale":"en_US","og_type":"article","og_title":"Women's Day Jumpsuit 1610 - Pink","og_description":"Our poly\/cotton daytime jumpsuit is comfortable and non-restraining. Its design ensures the respect and dignity of individuals suffering from Alzheimer\u2019s [&hellip;]","og_url":"https:\/\/creationconfort.com\/en\/product\/womens-day-jumpsuit-in-multi-beige-copie\/","og_site_name":"Cr\u00e9ation confort","article_publisher":"https:\/\/www.facebook.com\/creationconfortvetementsadaptes","article_modified_time":"2025-12-11T15:11:38+00:00","og_image":[{"width":759,"height":2000,"url":"https:\/\/creationconfort.com\/wp-content\/uploads\/2021\/06\/1610ass-fff.jpg","type":"image\/jpeg"}],"twitter_card":"summary_large_image","twitter_misc":{"Est. reading time":"1 minute"},"schema":{"@context":"https:\/\/schema.org","@graph":[{"@type":"WebPage","@id":"https:\/\/creationconfort.com\/en\/product\/womens-day-jumpsuit-in-multi-beige-copie\/","url":"https:\/\/creationconfort.com\/en\/product\/womens-day-jumpsuit-in-multi-beige-copie\/","name":"Women's Day Jumpsuit 1610 - Pink - Cr\u00e9ation confort","isPartOf":{"@id":"https:\/\/creationconfort.com\/#website"},"primaryImageOfPage":{"@id":"https:\/\/creationconfort.com\/en\/product\/womens-day-jumpsuit-in-multi-beige-copie\/#primaryimage"},"image":{"@id":"https:\/\/creationconfort.com\/en\/product\/womens-day-jumpsuit-in-multi-beige-copie\/#primaryimage"},"thumbnailUrl":"https:\/\/creationconfort.com\/wp-content\/uploads\/2021\/06\/1610ass-fff.jpg","datePublished":"2021-06-22T16:58:06+00:00","dateModified":"2025-12-11T15:11:38+00:00","breadcrumb":{"@id":"https:\/\/creationconfort.com\/en\/product\/womens-day-jumpsuit-in-multi-beige-copie\/#breadcrumb"},"inLanguage":"en-US","potentialAction":[{"@type":"ReadAction","target":["https:\/\/creationconfort.com\/en\/product\/womens-day-jumpsuit-in-multi-beige-copie\/"]}]},{"@type":"ImageObject","inLanguage":"en-US","@id":"https:\/\/creationconfort.com\/en\/product\/womens-day-jumpsuit-in-multi-beige-copie\/#primaryimage","url":"https:\/\/creationconfort.com\/wp-content\/uploads\/2021\/06\/1610ass-fff.jpg","contentUrl":"https:\/\/creationconfort.com\/wp-content\/uploads\/2021\/06\/1610ass-fff.jpg","width":759,"height":2000},{"@type":"BreadcrumbList","@id":"https:\/\/creationconfort.com\/en\/product\/womens-day-jumpsuit-in-multi-beige-copie\/#breadcrumb","itemListElement":[{"@type":"ListItem","position":1,"name":"Accueil","item":"https:\/\/creationconfort.com\/en\/"},{"@type":"ListItem","position":2,"name":"Shop","item":"https:\/\/creationconfort.com\/en\/shop\/"},{"@type":"ListItem","position":3,"name":"Women&rsquo;s Day Jumpsuit 1610 &#8211; Pink"}]},{"@type":"WebSite","@id":"https:\/\/creationconfort.com\/#website","url":"https:\/\/creationconfort.com\/","name":"Cr\u00e9ation confort","description":"V\u00eatements adapt\u00e9s","potentialAction":[{"@type":"SearchAction","target":{"@type":"EntryPoint","urlTemplate":"https:\/\/creationconfort.com\/?s={search_term_string}"},"query-input":{"@type":"PropertyValueSpecification","valueRequired":true,"valueName":"search_term_string"}}],"inLanguage":"en-US"}]}},"_links":{"self":[{"href":"https:\/\/creationconfort.com\/en\/wp-json\/wp\/v2\/product\/24749","targetHints":{"allow":["GET"]}}],"collection":[{"href":"https:\/\/creationconfort.com\/en\/wp-json\/wp\/v2\/product"}],"about":[{"href":"https:\/\/creationconfort.com\/en\/wp-json\/wp\/v2\/types\/product"}],"wp:featuredmedia":[{"embeddable":true,"href":"https:\/\/creationconfort.com\/en\/wp-json\/wp\/v2\/media\/39610"}],"wp:attachment":[{"href":"https:\/\/creationconfort.com\/en\/wp-json\/wp\/v2\/media?parent=24749"}],"wp:term":[{"taxonomy":"product_brand","embeddable":true,"href":"https:\/\/creationconfort.com\/en\/wp-json\/wp\/v2\/product_brand?post=24749"},{"taxonomy":"product_cat","embeddable":true,"href":"https:\/\/creationconfort.com\/en\/wp-json\/wp\/v2\/product_cat?post=24749"},{"taxonomy":"product_tag","embeddable":true,"href":"https:\/\/creationconfort.com\/en\/wp-json\/wp\/v2\/product_tag?post=24749"}],"curies":[{"name":"wp","href":"https:\/\/api.w.org\/{rel}","templated":true}]}}