{"id":14027,"date":"2021-04-01T16:22:23","date_gmt":"2021-04-01T20:22:23","guid":{"rendered":"https:\/\/creationconfort2021.reactif.co\/product\/thick-socks-beige-en\/"},"modified":"2022-09-23T18:56:56","modified_gmt":"2022-09-23T22:56:56","slug":"thick-ultra-stretch-socks-beige-en","status":"publish","type":"product","link":"https:\/\/creationconfort.com\/en\/product\/thick-ultra-stretch-socks-beige-en\/","title":{"rendered":"Thick Ultra Stretch Coton Socks in Beige"},"content":{"rendered":"<p>Our thick ultra stretch socks have a non-binding top, stretch 2X more than regular socks, are seamless, and are non sagging. Great for diabetic individuals.<\/p>\n","protected":false},"excerpt":{"rendered":"<p>Our thick ultra stretch socks have a non-binding top, stretch 2X more than regular socks, are seamless, and are non [&hellip;]<\/p>\n","protected":false},"featured_media":25062,"template":"","meta":{"_acf_changed":false,"wp_popup_display_lightbox":0,"wp_popup_suppress":"","wp_popup_trigger":"","wp_popup_trigger_amount":0,"wp_popup_disable_on_mobile":false},"product_brand":[],"product_cat":[1068,1322],"product_tag":[],"class_list":{"0":"post-14027","1":"product","2":"type-product","3":"status-publish","4":"has-post-thumbnail","6":"conditions-alzheimer-conditions-0-en","7":"conditions-parkinson-conditions-0-en","8":"conditions-senility-conditions-0-en","9":"product_cat-accessories-product_cat-0-en","10":"product_cat-socks-product_cat-1068-en","12":"first","13":"instock","14":"taxable","15":"shipping-taxable","16":"purchasable","17":"product-type-variable"},"acf":[],"yoast_head":"<!-- This site is optimized with the Yoast SEO Premium plugin v26.6 (Yoast SEO v27.2) - https:\/\/yoast.com\/product\/yoast-seo-premium-wordpress\/ -->\n<title>Thick Ultra Stretch Coton Socks in Beige - Cr\u00e9ation confort<\/title>\n<meta name=\"robots\" content=\"index, follow, max-snippet:-1, max-image-preview:large, max-video-preview:-1\" \/>\n<link rel=\"canonical\" href=\"https:\/\/creationconfort.com\/en\/product\/thick-ultra-stretch-socks-beige-en\/\" \/>\n<meta property=\"og:locale\" content=\"en_US\" \/>\n<meta property=\"og:type\" content=\"article\" \/>\n<meta property=\"og:title\" content=\"Thick Ultra Stretch Coton Socks in Beige\" \/>\n<meta property=\"og:description\" content=\"Our thick ultra stretch socks have a non-binding top, stretch 2X more than regular socks, are seamless, and are non [&hellip;]\" \/>\n<meta property=\"og:url\" content=\"https:\/\/creationconfort.com\/en\/product\/thick-ultra-stretch-socks-beige-en\/\" \/>\n<meta property=\"og:site_name\" content=\"Cr\u00e9ation confort\" \/>\n<meta property=\"article:publisher\" content=\"https:\/\/www.facebook.com\/creationconfortvetementsadaptes\" \/>\n<meta property=\"article:modified_time\" content=\"2022-09-23T22:56:56+00:00\" \/>\n<meta property=\"og:image\" content=\"https:\/\/creationconfort.com\/wp-content\/uploads\/2021\/06\/3412-7.png\" \/>\n\t<meta property=\"og:image:width\" content=\"400\" \/>\n\t<meta property=\"og:image:height\" content=\"595\" \/>\n\t<meta property=\"og:image:type\" content=\"image\/png\" \/>\n<meta name=\"twitter:card\" content=\"summary_large_image\" \/>\n<meta name=\"twitter:label1\" content=\"Est. reading time\" \/>\n\t<meta name=\"twitter:data1\" content=\"1 minute\" \/>\n<script type=\"application\/ld+json\" class=\"yoast-schema-graph\">{\"@context\":\"https:\/\/schema.org\",\"@graph\":[{\"@type\":\"WebPage\",\"@id\":\"https:\/\/creationconfort.com\/en\/product\/thick-ultra-stretch-socks-beige-en\/\",\"url\":\"https:\/\/creationconfort.com\/en\/product\/thick-ultra-stretch-socks-beige-en\/\",\"name\":\"Thick Ultra Stretch Coton Socks in Beige - Cr\u00e9ation confort\",\"isPartOf\":{\"@id\":\"https:\/\/creationconfort.com\/#website\"},\"primaryImageOfPage\":{\"@id\":\"https:\/\/creationconfort.com\/en\/product\/thick-ultra-stretch-socks-beige-en\/#primaryimage\"},\"image\":{\"@id\":\"https:\/\/creationconfort.com\/en\/product\/thick-ultra-stretch-socks-beige-en\/#primaryimage\"},\"thumbnailUrl\":\"https:\/\/creationconfort.com\/wp-content\/uploads\/2021\/06\/3412-7.png\",\"datePublished\":\"2021-04-01T20:22:23+00:00\",\"dateModified\":\"2022-09-23T22:56:56+00:00\",\"breadcrumb\":{\"@id\":\"https:\/\/creationconfort.com\/en\/product\/thick-ultra-stretch-socks-beige-en\/#breadcrumb\"},\"inLanguage\":\"en-US\",\"potentialAction\":[{\"@type\":\"ReadAction\",\"target\":[\"https:\/\/creationconfort.com\/en\/product\/thick-ultra-stretch-socks-beige-en\/\"]}]},{\"@type\":\"ImageObject\",\"inLanguage\":\"en-US\",\"@id\":\"https:\/\/creationconfort.com\/en\/product\/thick-ultra-stretch-socks-beige-en\/#primaryimage\",\"url\":\"https:\/\/creationconfort.com\/wp-content\/uploads\/2021\/06\/3412-7.png\",\"contentUrl\":\"https:\/\/creationconfort.com\/wp-content\/uploads\/2021\/06\/3412-7.png\",\"width\":400,\"height\":595},{\"@type\":\"BreadcrumbList\",\"@id\":\"https:\/\/creationconfort.com\/en\/product\/thick-ultra-stretch-socks-beige-en\/#breadcrumb\",\"itemListElement\":[{\"@type\":\"ListItem\",\"position\":1,\"name\":\"Accueil\",\"item\":\"https:\/\/creationconfort.com\/en\/\"},{\"@type\":\"ListItem\",\"position\":2,\"name\":\"Shop\",\"item\":\"https:\/\/creationconfort.com\/en\/shop\/\"},{\"@type\":\"ListItem\",\"position\":3,\"name\":\"Thick Ultra Stretch Coton Socks in Beige\"}]},{\"@type\":\"WebSite\",\"@id\":\"https:\/\/creationconfort.com\/#website\",\"url\":\"https:\/\/creationconfort.com\/\",\"name\":\"Cr\u00e9ation confort\",\"description\":\"V\u00eatements adapt\u00e9s\",\"potentialAction\":[{\"@type\":\"SearchAction\",\"target\":{\"@type\":\"EntryPoint\",\"urlTemplate\":\"https:\/\/creationconfort.com\/?s={search_term_string}\"},\"query-input\":{\"@type\":\"PropertyValueSpecification\",\"valueRequired\":true,\"valueName\":\"search_term_string\"}}],\"inLanguage\":\"en-US\"}]}<\/script>\n<!-- \/ Yoast SEO Premium plugin. -->","yoast_head_json":{"title":"Thick Ultra Stretch Coton Socks in Beige - Cr\u00e9ation confort","robots":{"index":"index","follow":"follow","max-snippet":"max-snippet:-1","max-image-preview":"max-image-preview:large","max-video-preview":"max-video-preview:-1"},"canonical":"https:\/\/creationconfort.com\/en\/product\/thick-ultra-stretch-socks-beige-en\/","og_locale":"en_US","og_type":"article","og_title":"Thick Ultra Stretch Coton Socks in Beige","og_description":"Our thick ultra stretch socks have a non-binding top, stretch 2X more than regular socks, are seamless, and are non [&hellip;]","og_url":"https:\/\/creationconfort.com\/en\/product\/thick-ultra-stretch-socks-beige-en\/","og_site_name":"Cr\u00e9ation confort","article_publisher":"https:\/\/www.facebook.com\/creationconfortvetementsadaptes","article_modified_time":"2022-09-23T22:56:56+00:00","og_image":[{"width":400,"height":595,"url":"https:\/\/creationconfort.com\/wp-content\/uploads\/2021\/06\/3412-7.png","type":"image\/png"}],"twitter_card":"summary_large_image","twitter_misc":{"Est. reading time":"1 minute"},"schema":{"@context":"https:\/\/schema.org","@graph":[{"@type":"WebPage","@id":"https:\/\/creationconfort.com\/en\/product\/thick-ultra-stretch-socks-beige-en\/","url":"https:\/\/creationconfort.com\/en\/product\/thick-ultra-stretch-socks-beige-en\/","name":"Thick Ultra Stretch Coton Socks in Beige - Cr\u00e9ation confort","isPartOf":{"@id":"https:\/\/creationconfort.com\/#website"},"primaryImageOfPage":{"@id":"https:\/\/creationconfort.com\/en\/product\/thick-ultra-stretch-socks-beige-en\/#primaryimage"},"image":{"@id":"https:\/\/creationconfort.com\/en\/product\/thick-ultra-stretch-socks-beige-en\/#primaryimage"},"thumbnailUrl":"https:\/\/creationconfort.com\/wp-content\/uploads\/2021\/06\/3412-7.png","datePublished":"2021-04-01T20:22:23+00:00","dateModified":"2022-09-23T22:56:56+00:00","breadcrumb":{"@id":"https:\/\/creationconfort.com\/en\/product\/thick-ultra-stretch-socks-beige-en\/#breadcrumb"},"inLanguage":"en-US","potentialAction":[{"@type":"ReadAction","target":["https:\/\/creationconfort.com\/en\/product\/thick-ultra-stretch-socks-beige-en\/"]}]},{"@type":"ImageObject","inLanguage":"en-US","@id":"https:\/\/creationconfort.com\/en\/product\/thick-ultra-stretch-socks-beige-en\/#primaryimage","url":"https:\/\/creationconfort.com\/wp-content\/uploads\/2021\/06\/3412-7.png","contentUrl":"https:\/\/creationconfort.com\/wp-content\/uploads\/2021\/06\/3412-7.png","width":400,"height":595},{"@type":"BreadcrumbList","@id":"https:\/\/creationconfort.com\/en\/product\/thick-ultra-stretch-socks-beige-en\/#breadcrumb","itemListElement":[{"@type":"ListItem","position":1,"name":"Accueil","item":"https:\/\/creationconfort.com\/en\/"},{"@type":"ListItem","position":2,"name":"Shop","item":"https:\/\/creationconfort.com\/en\/shop\/"},{"@type":"ListItem","position":3,"name":"Thick Ultra Stretch Coton Socks in Beige"}]},{"@type":"WebSite","@id":"https:\/\/creationconfort.com\/#website","url":"https:\/\/creationconfort.com\/","name":"Cr\u00e9ation confort","description":"V\u00eatements adapt\u00e9s","potentialAction":[{"@type":"SearchAction","target":{"@type":"EntryPoint","urlTemplate":"https:\/\/creationconfort.com\/?s={search_term_string}"},"query-input":{"@type":"PropertyValueSpecification","valueRequired":true,"valueName":"search_term_string"}}],"inLanguage":"en-US"}]}},"_links":{"self":[{"href":"https:\/\/creationconfort.com\/en\/wp-json\/wp\/v2\/product\/14027","targetHints":{"allow":["GET"]}}],"collection":[{"href":"https:\/\/creationconfort.com\/en\/wp-json\/wp\/v2\/product"}],"about":[{"href":"https:\/\/creationconfort.com\/en\/wp-json\/wp\/v2\/types\/product"}],"wp:featuredmedia":[{"embeddable":true,"href":"https:\/\/creationconfort.com\/en\/wp-json\/wp\/v2\/media\/25062"}],"wp:attachment":[{"href":"https:\/\/creationconfort.com\/en\/wp-json\/wp\/v2\/media?parent=14027"}],"wp:term":[{"taxonomy":"product_brand","embeddable":true,"href":"https:\/\/creationconfort.com\/en\/wp-json\/wp\/v2\/product_brand?post=14027"},{"taxonomy":"product_cat","embeddable":true,"href":"https:\/\/creationconfort.com\/en\/wp-json\/wp\/v2\/product_cat?post=14027"},{"taxonomy":"product_tag","embeddable":true,"href":"https:\/\/creationconfort.com\/en\/wp-json\/wp\/v2\/product_tag?post=14027"}],"curies":[{"name":"wp","href":"https:\/\/api.w.org\/{rel}","templated":true}]}}