{"id":13275,"date":"2021-04-01T16:15:10","date_gmt":"2021-04-01T20:15:10","guid":{"rendered":"https:\/\/creationconfort2021.reactif.co\/product\/adaptive-nightgown-long-sleeved-burgundy-en\/"},"modified":"2026-01-20T15:52:50","modified_gmt":"2026-01-20T20:52:50","slug":"adaptive-nightgown-long-sleeved-burgundy-en","status":"publish","type":"product","link":"https:\/\/creationconfort.com\/en\/product\/adaptive-nightgown-long-sleeved-burgundy-en\/","title":{"rendered":"Adaptive Nightgown 2-6080 Burgundy Print"},"content":{"rendered":"<p>Our men\u2019s long sleeve nightgown is extremely soft and comfortable. It is easy to put on with pressure snap buttons at the back.<\/p>\n","protected":false},"excerpt":{"rendered":"<p>Our men\u2019s long sleeve nightgown is extremely soft and comfortable. It is easy to put on with pressure snap buttons [&hellip;]<\/p>\n","protected":false},"featured_media":36471,"template":"","meta":{"_acf_changed":false,"wp_popup_display_lightbox":0,"wp_popup_suppress":"","wp_popup_trigger":"","wp_popup_trigger_amount":0,"wp_popup_disable_on_mobile":false},"product_brand":[],"product_cat":[1252,1157],"product_tag":[],"class_list":{"0":"post-13275","1":"product","2":"type-product","3":"status-publish","4":"has-post-thumbnail","6":"conditions-alzheimer-conditions-0-en","7":"conditions-parkinson-conditions-0-en","8":"conditions-reduced-mobility-conditions-0-en","9":"conditions-senility-conditions-0-en","10":"product_cat-nightgowns-product_cat-1157-en","11":"product_cat-men-autumn-winter-product_cat-0-en","13":"first","14":"instock","15":"taxable","16":"shipping-taxable","17":"purchasable","18":"product-type-variable"},"acf":[],"yoast_head":"<!-- This site is optimized with the Yoast SEO Premium plugin v26.6 (Yoast SEO v27.2) - https:\/\/yoast.com\/product\/yoast-seo-premium-wordpress\/ -->\n<title>Adaptive Nightgown 2-6080 Burgundy Print - Cr\u00e9ation confort<\/title>\n<meta name=\"robots\" content=\"index, follow, max-snippet:-1, max-image-preview:large, max-video-preview:-1\" \/>\n<link rel=\"canonical\" href=\"https:\/\/creationconfort.com\/en\/product\/adaptive-nightgown-long-sleeved-burgundy-en\/\" \/>\n<meta property=\"og:locale\" content=\"en_US\" \/>\n<meta property=\"og:type\" content=\"article\" \/>\n<meta property=\"og:title\" content=\"Adaptive Nightgown 2-6080 Burgundy Print\" \/>\n<meta property=\"og:description\" content=\"Our men\u2019s long sleeve nightgown is extremely soft and comfortable. It is easy to put on with pressure snap buttons [&hellip;]\" \/>\n<meta property=\"og:url\" content=\"https:\/\/creationconfort.com\/en\/product\/adaptive-nightgown-long-sleeved-burgundy-en\/\" \/>\n<meta property=\"og:site_name\" content=\"Cr\u00e9ation confort\" \/>\n<meta property=\"article:publisher\" content=\"https:\/\/www.facebook.com\/creationconfortvetementsadaptes\" \/>\n<meta property=\"article:modified_time\" content=\"2026-01-20T20:52:50+00:00\" \/>\n<meta property=\"og:image\" content=\"https:\/\/creationconfort.com\/wp-content\/uploads\/2021\/04\/2-6080-n.jpg\" \/>\n\t<meta property=\"og:image:width\" content=\"970\" \/>\n\t<meta property=\"og:image:height\" content=\"1874\" \/>\n\t<meta property=\"og:image:type\" content=\"image\/jpeg\" \/>\n<meta name=\"twitter:card\" content=\"summary_large_image\" \/>\n<meta name=\"twitter:label1\" content=\"Est. reading time\" \/>\n\t<meta name=\"twitter:data1\" content=\"1 minute\" \/>\n<script type=\"application\/ld+json\" class=\"yoast-schema-graph\">{\"@context\":\"https:\/\/schema.org\",\"@graph\":[{\"@type\":\"WebPage\",\"@id\":\"https:\/\/creationconfort.com\/en\/product\/adaptive-nightgown-long-sleeved-burgundy-en\/\",\"url\":\"https:\/\/creationconfort.com\/en\/product\/adaptive-nightgown-long-sleeved-burgundy-en\/\",\"name\":\"Adaptive Nightgown 2-6080 Burgundy Print - Cr\u00e9ation confort\",\"isPartOf\":{\"@id\":\"https:\/\/creationconfort.com\/#website\"},\"primaryImageOfPage\":{\"@id\":\"https:\/\/creationconfort.com\/en\/product\/adaptive-nightgown-long-sleeved-burgundy-en\/#primaryimage\"},\"image\":{\"@id\":\"https:\/\/creationconfort.com\/en\/product\/adaptive-nightgown-long-sleeved-burgundy-en\/#primaryimage\"},\"thumbnailUrl\":\"https:\/\/creationconfort.com\/wp-content\/uploads\/2021\/04\/2-6080-n.jpg\",\"datePublished\":\"2021-04-01T20:15:10+00:00\",\"dateModified\":\"2026-01-20T20:52:50+00:00\",\"breadcrumb\":{\"@id\":\"https:\/\/creationconfort.com\/en\/product\/adaptive-nightgown-long-sleeved-burgundy-en\/#breadcrumb\"},\"inLanguage\":\"en-US\",\"potentialAction\":[{\"@type\":\"ReadAction\",\"target\":[\"https:\/\/creationconfort.com\/en\/product\/adaptive-nightgown-long-sleeved-burgundy-en\/\"]}]},{\"@type\":\"ImageObject\",\"inLanguage\":\"en-US\",\"@id\":\"https:\/\/creationconfort.com\/en\/product\/adaptive-nightgown-long-sleeved-burgundy-en\/#primaryimage\",\"url\":\"https:\/\/creationconfort.com\/wp-content\/uploads\/2021\/04\/2-6080-n.jpg\",\"contentUrl\":\"https:\/\/creationconfort.com\/wp-content\/uploads\/2021\/04\/2-6080-n.jpg\",\"width\":970,\"height\":1874},{\"@type\":\"BreadcrumbList\",\"@id\":\"https:\/\/creationconfort.com\/en\/product\/adaptive-nightgown-long-sleeved-burgundy-en\/#breadcrumb\",\"itemListElement\":[{\"@type\":\"ListItem\",\"position\":1,\"name\":\"Accueil\",\"item\":\"https:\/\/creationconfort.com\/en\/\"},{\"@type\":\"ListItem\",\"position\":2,\"name\":\"Shop\",\"item\":\"https:\/\/creationconfort.com\/en\/shop\/\"},{\"@type\":\"ListItem\",\"position\":3,\"name\":\"Adaptive Nightgown 2-6080 Burgundy Print\"}]},{\"@type\":\"WebSite\",\"@id\":\"https:\/\/creationconfort.com\/#website\",\"url\":\"https:\/\/creationconfort.com\/\",\"name\":\"Cr\u00e9ation confort\",\"description\":\"V\u00eatements adapt\u00e9s\",\"potentialAction\":[{\"@type\":\"SearchAction\",\"target\":{\"@type\":\"EntryPoint\",\"urlTemplate\":\"https:\/\/creationconfort.com\/?s={search_term_string}\"},\"query-input\":{\"@type\":\"PropertyValueSpecification\",\"valueRequired\":true,\"valueName\":\"search_term_string\"}}],\"inLanguage\":\"en-US\"}]}<\/script>\n<!-- \/ Yoast SEO Premium plugin. -->","yoast_head_json":{"title":"Adaptive Nightgown 2-6080 Burgundy Print - Cr\u00e9ation confort","robots":{"index":"index","follow":"follow","max-snippet":"max-snippet:-1","max-image-preview":"max-image-preview:large","max-video-preview":"max-video-preview:-1"},"canonical":"https:\/\/creationconfort.com\/en\/product\/adaptive-nightgown-long-sleeved-burgundy-en\/","og_locale":"en_US","og_type":"article","og_title":"Adaptive Nightgown 2-6080 Burgundy Print","og_description":"Our men\u2019s long sleeve nightgown is extremely soft and comfortable. It is easy to put on with pressure snap buttons [&hellip;]","og_url":"https:\/\/creationconfort.com\/en\/product\/adaptive-nightgown-long-sleeved-burgundy-en\/","og_site_name":"Cr\u00e9ation confort","article_publisher":"https:\/\/www.facebook.com\/creationconfortvetementsadaptes","article_modified_time":"2026-01-20T20:52:50+00:00","og_image":[{"width":970,"height":1874,"url":"https:\/\/creationconfort.com\/wp-content\/uploads\/2021\/04\/2-6080-n.jpg","type":"image\/jpeg"}],"twitter_card":"summary_large_image","twitter_misc":{"Est. reading time":"1 minute"},"schema":{"@context":"https:\/\/schema.org","@graph":[{"@type":"WebPage","@id":"https:\/\/creationconfort.com\/en\/product\/adaptive-nightgown-long-sleeved-burgundy-en\/","url":"https:\/\/creationconfort.com\/en\/product\/adaptive-nightgown-long-sleeved-burgundy-en\/","name":"Adaptive Nightgown 2-6080 Burgundy Print - Cr\u00e9ation confort","isPartOf":{"@id":"https:\/\/creationconfort.com\/#website"},"primaryImageOfPage":{"@id":"https:\/\/creationconfort.com\/en\/product\/adaptive-nightgown-long-sleeved-burgundy-en\/#primaryimage"},"image":{"@id":"https:\/\/creationconfort.com\/en\/product\/adaptive-nightgown-long-sleeved-burgundy-en\/#primaryimage"},"thumbnailUrl":"https:\/\/creationconfort.com\/wp-content\/uploads\/2021\/04\/2-6080-n.jpg","datePublished":"2021-04-01T20:15:10+00:00","dateModified":"2026-01-20T20:52:50+00:00","breadcrumb":{"@id":"https:\/\/creationconfort.com\/en\/product\/adaptive-nightgown-long-sleeved-burgundy-en\/#breadcrumb"},"inLanguage":"en-US","potentialAction":[{"@type":"ReadAction","target":["https:\/\/creationconfort.com\/en\/product\/adaptive-nightgown-long-sleeved-burgundy-en\/"]}]},{"@type":"ImageObject","inLanguage":"en-US","@id":"https:\/\/creationconfort.com\/en\/product\/adaptive-nightgown-long-sleeved-burgundy-en\/#primaryimage","url":"https:\/\/creationconfort.com\/wp-content\/uploads\/2021\/04\/2-6080-n.jpg","contentUrl":"https:\/\/creationconfort.com\/wp-content\/uploads\/2021\/04\/2-6080-n.jpg","width":970,"height":1874},{"@type":"BreadcrumbList","@id":"https:\/\/creationconfort.com\/en\/product\/adaptive-nightgown-long-sleeved-burgundy-en\/#breadcrumb","itemListElement":[{"@type":"ListItem","position":1,"name":"Accueil","item":"https:\/\/creationconfort.com\/en\/"},{"@type":"ListItem","position":2,"name":"Shop","item":"https:\/\/creationconfort.com\/en\/shop\/"},{"@type":"ListItem","position":3,"name":"Adaptive Nightgown 2-6080 Burgundy Print"}]},{"@type":"WebSite","@id":"https:\/\/creationconfort.com\/#website","url":"https:\/\/creationconfort.com\/","name":"Cr\u00e9ation confort","description":"V\u00eatements adapt\u00e9s","potentialAction":[{"@type":"SearchAction","target":{"@type":"EntryPoint","urlTemplate":"https:\/\/creationconfort.com\/?s={search_term_string}"},"query-input":{"@type":"PropertyValueSpecification","valueRequired":true,"valueName":"search_term_string"}}],"inLanguage":"en-US"}]}},"_links":{"self":[{"href":"https:\/\/creationconfort.com\/en\/wp-json\/wp\/v2\/product\/13275","targetHints":{"allow":["GET"]}}],"collection":[{"href":"https:\/\/creationconfort.com\/en\/wp-json\/wp\/v2\/product"}],"about":[{"href":"https:\/\/creationconfort.com\/en\/wp-json\/wp\/v2\/types\/product"}],"wp:featuredmedia":[{"embeddable":true,"href":"https:\/\/creationconfort.com\/en\/wp-json\/wp\/v2\/media\/36471"}],"wp:attachment":[{"href":"https:\/\/creationconfort.com\/en\/wp-json\/wp\/v2\/media?parent=13275"}],"wp:term":[{"taxonomy":"product_brand","embeddable":true,"href":"https:\/\/creationconfort.com\/en\/wp-json\/wp\/v2\/product_brand?post=13275"},{"taxonomy":"product_cat","embeddable":true,"href":"https:\/\/creationconfort.com\/en\/wp-json\/wp\/v2\/product_cat?post=13275"},{"taxonomy":"product_tag","embeddable":true,"href":"https:\/\/creationconfort.com\/en\/wp-json\/wp\/v2\/product_tag?post=13275"}],"curies":[{"name":"wp","href":"https:\/\/api.w.org\/{rel}","templated":true}]}}