{"id":11941,"date":"2021-04-01T16:05:14","date_gmt":"2021-04-01T20:05:14","guid":{"rendered":"https:\/\/creationconfort2021.reactif.co\/product\/jumpsuit-with-long-legs-blue-en\/"},"modified":"2025-12-22T11:28:50","modified_gmt":"2025-12-22T16:28:50","slug":"unisex-sleeping-jumpsuit-blue-en","status":"publish","type":"product","link":"https:\/\/creationconfort.com\/en\/product\/unisex-sleeping-jumpsuit-blue-en\/","title":{"rendered":"1608 &#8211; Unisex Sleeping Jumpsuit Alzheimer&#8217;s Suit &#8211; Blue"},"content":{"rendered":"<p>Our poly\/cotton one-piece jumpsuit is comfortable and non-restraining. Its design ensures the respect and dignity of individuals suffering from Alzheimer\u2019s disease or other forms of dementia by restricting their access to incontinence garments or preventing them from undressing. This jumpsuit features a long back zipper secured with a snap button at the top, a long zipper on the inside of the legs that is also secured with a snap button on each side, elbow length sleeves, and ankle length legs. It is resistant and robust, and offers practical dressing for the caregiver and painless dressing for the beneficiary.<\/p>\n","protected":false},"excerpt":{"rendered":"<p>Our poly\/cotton one-piece jumpsuit is comfortable and non-restraining. Its design ensures the respect and dignity of individuals suffering from Alzheimer\u2019s [&hellip;]<\/p>\n","protected":false},"featured_media":14384,"template":"","meta":{"_acf_changed":false,"wp_popup_display_lightbox":0,"wp_popup_suppress":"","wp_popup_trigger":"","wp_popup_trigger_amount":0,"wp_popup_disable_on_mobile":false},"product_brand":[],"product_cat":[1068,1157,1429,1431,1098,1057],"product_tag":[],"class_list":{"0":"post-11941","1":"product","2":"type-product","3":"status-publish","4":"has-post-thumbnail","6":"conditions-alzheimer-conditions-0-en","7":"conditions-parkinson-conditions-0-en","8":"conditions-reduced-mobility-conditions-0-en","9":"conditions-senility-conditions-0-en","10":"product_cat-accessories-product_cat-0-en","11":"product_cat-men-autumn-winter-product_cat-0-en","12":"product_cat-nights-jumsuits","13":"product_cat-night-jumsuits-unisexe","14":"product_cat-jumpsuits-for-nights-product_cat-1068-en","15":"product_cat-women-autumn-winter-product_cat-0-en","17":"first","18":"instock","19":"taxable","20":"shipping-taxable","21":"purchasable","22":"product-type-variable"},"acf":[],"yoast_head":"<!-- This site is optimized with the Yoast SEO Premium plugin v26.6 (Yoast SEO v27.2) - https:\/\/yoast.com\/product\/yoast-seo-premium-wordpress\/ -->\n<title>1608 - Unisex Sleeping Jumpsuit Alzheimer&#039;s Suit - Blue - Cr\u00e9ation confort<\/title>\n<meta name=\"robots\" content=\"index, follow, max-snippet:-1, max-image-preview:large, max-video-preview:-1\" \/>\n<link rel=\"canonical\" href=\"https:\/\/creationconfort.com\/en\/product\/unisex-sleeping-jumpsuit-blue-en\/\" \/>\n<meta property=\"og:locale\" content=\"en_US\" \/>\n<meta property=\"og:type\" content=\"article\" \/>\n<meta property=\"og:title\" content=\"1608 - Unisex Sleeping Jumpsuit Alzheimer&#039;s Suit - Blue\" \/>\n<meta property=\"og:description\" content=\"Our poly\/cotton one-piece jumpsuit is comfortable and non-restraining. Its design ensures the respect and dignity of individuals suffering from Alzheimer\u2019s [&hellip;]\" \/>\n<meta property=\"og:url\" content=\"https:\/\/creationconfort.com\/en\/product\/unisex-sleeping-jumpsuit-blue-en\/\" \/>\n<meta property=\"og:site_name\" content=\"Cr\u00e9ation confort\" \/>\n<meta property=\"article:publisher\" content=\"https:\/\/www.facebook.com\/creationconfortvetementsadaptes\" \/>\n<meta property=\"article:modified_time\" content=\"2025-12-22T16:28:50+00:00\" \/>\n<meta property=\"og:image\" content=\"https:\/\/creationconfort.com\/wp-content\/uploads\/2021\/04\/1608-name.jpg\" \/>\n\t<meta property=\"og:image:width\" content=\"1200\" \/>\n\t<meta property=\"og:image:height\" content=\"1500\" \/>\n\t<meta property=\"og:image:type\" content=\"image\/jpeg\" \/>\n<meta name=\"twitter:card\" content=\"summary_large_image\" \/>\n<meta name=\"twitter:label1\" content=\"Est. reading time\" \/>\n\t<meta name=\"twitter:data1\" content=\"1 minute\" \/>\n<script type=\"application\/ld+json\" class=\"yoast-schema-graph\">{\"@context\":\"https:\/\/schema.org\",\"@graph\":[{\"@type\":\"WebPage\",\"@id\":\"https:\/\/creationconfort.com\/en\/product\/unisex-sleeping-jumpsuit-blue-en\/\",\"url\":\"https:\/\/creationconfort.com\/en\/product\/unisex-sleeping-jumpsuit-blue-en\/\",\"name\":\"1608 - Unisex Sleeping Jumpsuit Alzheimer's Suit - Blue - Cr\u00e9ation confort\",\"isPartOf\":{\"@id\":\"https:\/\/creationconfort.com\/#website\"},\"primaryImageOfPage\":{\"@id\":\"https:\/\/creationconfort.com\/en\/product\/unisex-sleeping-jumpsuit-blue-en\/#primaryimage\"},\"image\":{\"@id\":\"https:\/\/creationconfort.com\/en\/product\/unisex-sleeping-jumpsuit-blue-en\/#primaryimage\"},\"thumbnailUrl\":\"https:\/\/creationconfort.com\/wp-content\/uploads\/2021\/04\/1608-name.jpg\",\"datePublished\":\"2021-04-01T20:05:14+00:00\",\"dateModified\":\"2025-12-22T16:28:50+00:00\",\"breadcrumb\":{\"@id\":\"https:\/\/creationconfort.com\/en\/product\/unisex-sleeping-jumpsuit-blue-en\/#breadcrumb\"},\"inLanguage\":\"en-US\",\"potentialAction\":[{\"@type\":\"ReadAction\",\"target\":[\"https:\/\/creationconfort.com\/en\/product\/unisex-sleeping-jumpsuit-blue-en\/\"]}]},{\"@type\":\"ImageObject\",\"inLanguage\":\"en-US\",\"@id\":\"https:\/\/creationconfort.com\/en\/product\/unisex-sleeping-jumpsuit-blue-en\/#primaryimage\",\"url\":\"https:\/\/creationconfort.com\/wp-content\/uploads\/2021\/04\/1608-name.jpg\",\"contentUrl\":\"https:\/\/creationconfort.com\/wp-content\/uploads\/2021\/04\/1608-name.jpg\",\"width\":1200,\"height\":1500},{\"@type\":\"BreadcrumbList\",\"@id\":\"https:\/\/creationconfort.com\/en\/product\/unisex-sleeping-jumpsuit-blue-en\/#breadcrumb\",\"itemListElement\":[{\"@type\":\"ListItem\",\"position\":1,\"name\":\"Accueil\",\"item\":\"https:\/\/creationconfort.com\/en\/\"},{\"@type\":\"ListItem\",\"position\":2,\"name\":\"Shop\",\"item\":\"https:\/\/creationconfort.com\/en\/shop\/\"},{\"@type\":\"ListItem\",\"position\":3,\"name\":\"1608 &#8211; Unisex Sleeping Jumpsuit Alzheimer&rsquo;s Suit &#8211; Blue\"}]},{\"@type\":\"WebSite\",\"@id\":\"https:\/\/creationconfort.com\/#website\",\"url\":\"https:\/\/creationconfort.com\/\",\"name\":\"Cr\u00e9ation confort\",\"description\":\"V\u00eatements adapt\u00e9s\",\"potentialAction\":[{\"@type\":\"SearchAction\",\"target\":{\"@type\":\"EntryPoint\",\"urlTemplate\":\"https:\/\/creationconfort.com\/?s={search_term_string}\"},\"query-input\":{\"@type\":\"PropertyValueSpecification\",\"valueRequired\":true,\"valueName\":\"search_term_string\"}}],\"inLanguage\":\"en-US\"}]}<\/script>\n<!-- \/ Yoast SEO Premium plugin. -->","yoast_head_json":{"title":"1608 - Unisex Sleeping Jumpsuit Alzheimer's Suit - Blue - Cr\u00e9ation confort","robots":{"index":"index","follow":"follow","max-snippet":"max-snippet:-1","max-image-preview":"max-image-preview:large","max-video-preview":"max-video-preview:-1"},"canonical":"https:\/\/creationconfort.com\/en\/product\/unisex-sleeping-jumpsuit-blue-en\/","og_locale":"en_US","og_type":"article","og_title":"1608 - Unisex Sleeping Jumpsuit Alzheimer's Suit - Blue","og_description":"Our poly\/cotton one-piece jumpsuit is comfortable and non-restraining. Its design ensures the respect and dignity of individuals suffering from Alzheimer\u2019s [&hellip;]","og_url":"https:\/\/creationconfort.com\/en\/product\/unisex-sleeping-jumpsuit-blue-en\/","og_site_name":"Cr\u00e9ation confort","article_publisher":"https:\/\/www.facebook.com\/creationconfortvetementsadaptes","article_modified_time":"2025-12-22T16:28:50+00:00","og_image":[{"width":1200,"height":1500,"url":"https:\/\/creationconfort.com\/wp-content\/uploads\/2021\/04\/1608-name.jpg","type":"image\/jpeg"}],"twitter_card":"summary_large_image","twitter_misc":{"Est. reading time":"1 minute"},"schema":{"@context":"https:\/\/schema.org","@graph":[{"@type":"WebPage","@id":"https:\/\/creationconfort.com\/en\/product\/unisex-sleeping-jumpsuit-blue-en\/","url":"https:\/\/creationconfort.com\/en\/product\/unisex-sleeping-jumpsuit-blue-en\/","name":"1608 - Unisex Sleeping Jumpsuit Alzheimer's Suit - Blue - Cr\u00e9ation confort","isPartOf":{"@id":"https:\/\/creationconfort.com\/#website"},"primaryImageOfPage":{"@id":"https:\/\/creationconfort.com\/en\/product\/unisex-sleeping-jumpsuit-blue-en\/#primaryimage"},"image":{"@id":"https:\/\/creationconfort.com\/en\/product\/unisex-sleeping-jumpsuit-blue-en\/#primaryimage"},"thumbnailUrl":"https:\/\/creationconfort.com\/wp-content\/uploads\/2021\/04\/1608-name.jpg","datePublished":"2021-04-01T20:05:14+00:00","dateModified":"2025-12-22T16:28:50+00:00","breadcrumb":{"@id":"https:\/\/creationconfort.com\/en\/product\/unisex-sleeping-jumpsuit-blue-en\/#breadcrumb"},"inLanguage":"en-US","potentialAction":[{"@type":"ReadAction","target":["https:\/\/creationconfort.com\/en\/product\/unisex-sleeping-jumpsuit-blue-en\/"]}]},{"@type":"ImageObject","inLanguage":"en-US","@id":"https:\/\/creationconfort.com\/en\/product\/unisex-sleeping-jumpsuit-blue-en\/#primaryimage","url":"https:\/\/creationconfort.com\/wp-content\/uploads\/2021\/04\/1608-name.jpg","contentUrl":"https:\/\/creationconfort.com\/wp-content\/uploads\/2021\/04\/1608-name.jpg","width":1200,"height":1500},{"@type":"BreadcrumbList","@id":"https:\/\/creationconfort.com\/en\/product\/unisex-sleeping-jumpsuit-blue-en\/#breadcrumb","itemListElement":[{"@type":"ListItem","position":1,"name":"Accueil","item":"https:\/\/creationconfort.com\/en\/"},{"@type":"ListItem","position":2,"name":"Shop","item":"https:\/\/creationconfort.com\/en\/shop\/"},{"@type":"ListItem","position":3,"name":"1608 &#8211; Unisex Sleeping Jumpsuit Alzheimer&rsquo;s Suit &#8211; Blue"}]},{"@type":"WebSite","@id":"https:\/\/creationconfort.com\/#website","url":"https:\/\/creationconfort.com\/","name":"Cr\u00e9ation confort","description":"V\u00eatements adapt\u00e9s","potentialAction":[{"@type":"SearchAction","target":{"@type":"EntryPoint","urlTemplate":"https:\/\/creationconfort.com\/?s={search_term_string}"},"query-input":{"@type":"PropertyValueSpecification","valueRequired":true,"valueName":"search_term_string"}}],"inLanguage":"en-US"}]}},"_links":{"self":[{"href":"https:\/\/creationconfort.com\/en\/wp-json\/wp\/v2\/product\/11941","targetHints":{"allow":["GET"]}}],"collection":[{"href":"https:\/\/creationconfort.com\/en\/wp-json\/wp\/v2\/product"}],"about":[{"href":"https:\/\/creationconfort.com\/en\/wp-json\/wp\/v2\/types\/product"}],"wp:featuredmedia":[{"embeddable":true,"href":"https:\/\/creationconfort.com\/en\/wp-json\/wp\/v2\/media\/14384"}],"wp:attachment":[{"href":"https:\/\/creationconfort.com\/en\/wp-json\/wp\/v2\/media?parent=11941"}],"wp:term":[{"taxonomy":"product_brand","embeddable":true,"href":"https:\/\/creationconfort.com\/en\/wp-json\/wp\/v2\/product_brand?post=11941"},{"taxonomy":"product_cat","embeddable":true,"href":"https:\/\/creationconfort.com\/en\/wp-json\/wp\/v2\/product_cat?post=11941"},{"taxonomy":"product_tag","embeddable":true,"href":"https:\/\/creationconfort.com\/en\/wp-json\/wp\/v2\/product_tag?post=11941"}],"curies":[{"name":"wp","href":"https:\/\/api.w.org\/{rel}","templated":true}]}}