{"id":11837,"date":"2021-04-01T16:04:33","date_gmt":"2021-04-01T20:04:33","guid":{"rendered":"https:\/\/creationconfort2021.reactif.co\/product\/adaptive-pants-for-women-black-en\/"},"modified":"2026-04-04T16:08:01","modified_gmt":"2026-04-04T20:08:01","slug":"adaptive-pants-for-women-black-en","status":"publish","type":"product","link":"https:\/\/creationconfort.com\/en\/product\/adaptive-pants-for-women-black-en\/","title":{"rendered":"Women&#8217;s Adaptive Pants 1309 &#8211; Black"},"content":{"rendered":"<p>Our adaptive pants close with side snap buttons on each side of the waist. The material is extremely comfortable and this color can easily be paired with many of our tops.<\/p>\n","protected":false},"excerpt":{"rendered":"<p>Our adaptive pants close with side snap buttons on each side of the waist. The material is extremely comfortable and [&hellip;]<\/p>\n","protected":false},"featured_media":22505,"template":"","meta":{"_acf_changed":false,"wp_popup_display_lightbox":0,"wp_popup_suppress":"","wp_popup_trigger":"","wp_popup_trigger_amount":0,"wp_popup_disable_on_mobile":false},"product_brand":[],"product_cat":[1058,1056,1057,1016],"product_tag":[],"class_list":{"0":"post-11837","1":"product","2":"type-product","3":"status-publish","4":"has-post-thumbnail","6":"conditions-alzheimer-conditions-0-en","7":"conditions-parkinson-conditions-0-en","8":"conditions-reduced-mobility-conditions-0-en","9":"conditions-senility-conditions-0-en","10":"product_cat-adaptive-pants-product_cat-1057-en","11":"product_cat-adaptive-pants-product_cat-1016-en","12":"product_cat-women-autumn-winter-product_cat-0-en","13":"product_cat-women-spring-summer-product_cat-0-en","15":"first","16":"instock","17":"taxable","18":"shipping-taxable","19":"purchasable","20":"product-type-variable"},"acf":[],"yoast_head":"<!-- This site is optimized with the Yoast SEO Premium plugin v26.6 (Yoast SEO v27.2) - https:\/\/yoast.com\/product\/yoast-seo-premium-wordpress\/ -->\n<title>Women&#039;s Adaptive Pants 1309 - Black - Cr\u00e9ation confort<\/title>\n<meta name=\"robots\" content=\"index, follow, max-snippet:-1, max-image-preview:large, max-video-preview:-1\" \/>\n<link rel=\"canonical\" href=\"https:\/\/creationconfort.com\/en\/product\/adaptive-pants-for-women-black-en\/\" \/>\n<meta property=\"og:locale\" content=\"en_US\" \/>\n<meta property=\"og:type\" content=\"article\" \/>\n<meta property=\"og:title\" content=\"Women&#039;s Adaptive Pants 1309 - Black\" \/>\n<meta property=\"og:description\" content=\"Our adaptive pants close with side snap buttons on each side of the waist. The material is extremely comfortable and [&hellip;]\" \/>\n<meta property=\"og:url\" content=\"https:\/\/creationconfort.com\/en\/product\/adaptive-pants-for-women-black-en\/\" \/>\n<meta property=\"og:site_name\" content=\"Cr\u00e9ation confort\" \/>\n<meta property=\"article:publisher\" content=\"https:\/\/www.facebook.com\/creationconfortvetementsadaptes\" \/>\n<meta property=\"article:modified_time\" content=\"2026-04-04T20:08:01+00:00\" \/>\n<meta property=\"og:image\" content=\"https:\/\/creationconfort.com\/wp-content\/uploads\/2021\/04\/1309-248.jpg\" \/>\n\t<meta property=\"og:image:width\" content=\"800\" \/>\n\t<meta property=\"og:image:height\" content=\"1500\" \/>\n\t<meta property=\"og:image:type\" content=\"image\/jpeg\" \/>\n<meta name=\"twitter:card\" content=\"summary_large_image\" \/>\n<meta name=\"twitter:label1\" content=\"Est. reading time\" \/>\n\t<meta name=\"twitter:data1\" content=\"1 minute\" \/>\n<script type=\"application\/ld+json\" class=\"yoast-schema-graph\">{\"@context\":\"https:\/\/schema.org\",\"@graph\":[{\"@type\":\"WebPage\",\"@id\":\"https:\/\/creationconfort.com\/en\/product\/adaptive-pants-for-women-black-en\/\",\"url\":\"https:\/\/creationconfort.com\/en\/product\/adaptive-pants-for-women-black-en\/\",\"name\":\"Women's Adaptive Pants 1309 - Black - Cr\u00e9ation confort\",\"isPartOf\":{\"@id\":\"https:\/\/creationconfort.com\/#website\"},\"primaryImageOfPage\":{\"@id\":\"https:\/\/creationconfort.com\/en\/product\/adaptive-pants-for-women-black-en\/#primaryimage\"},\"image\":{\"@id\":\"https:\/\/creationconfort.com\/en\/product\/adaptive-pants-for-women-black-en\/#primaryimage\"},\"thumbnailUrl\":\"https:\/\/creationconfort.com\/wp-content\/uploads\/2021\/04\/1309-248.jpg\",\"datePublished\":\"2021-04-01T20:04:33+00:00\",\"dateModified\":\"2026-04-04T20:08:01+00:00\",\"breadcrumb\":{\"@id\":\"https:\/\/creationconfort.com\/en\/product\/adaptive-pants-for-women-black-en\/#breadcrumb\"},\"inLanguage\":\"en-US\",\"potentialAction\":[{\"@type\":\"ReadAction\",\"target\":[\"https:\/\/creationconfort.com\/en\/product\/adaptive-pants-for-women-black-en\/\"]}]},{\"@type\":\"ImageObject\",\"inLanguage\":\"en-US\",\"@id\":\"https:\/\/creationconfort.com\/en\/product\/adaptive-pants-for-women-black-en\/#primaryimage\",\"url\":\"https:\/\/creationconfort.com\/wp-content\/uploads\/2021\/04\/1309-248.jpg\",\"contentUrl\":\"https:\/\/creationconfort.com\/wp-content\/uploads\/2021\/04\/1309-248.jpg\",\"width\":800,\"height\":1500},{\"@type\":\"BreadcrumbList\",\"@id\":\"https:\/\/creationconfort.com\/en\/product\/adaptive-pants-for-women-black-en\/#breadcrumb\",\"itemListElement\":[{\"@type\":\"ListItem\",\"position\":1,\"name\":\"Accueil\",\"item\":\"https:\/\/creationconfort.com\/en\/\"},{\"@type\":\"ListItem\",\"position\":2,\"name\":\"Shop\",\"item\":\"https:\/\/creationconfort.com\/en\/shop\/\"},{\"@type\":\"ListItem\",\"position\":3,\"name\":\"Women&rsquo;s Adaptive Pants 1309 &#8211; Black\"}]},{\"@type\":\"WebSite\",\"@id\":\"https:\/\/creationconfort.com\/#website\",\"url\":\"https:\/\/creationconfort.com\/\",\"name\":\"Cr\u00e9ation confort\",\"description\":\"V\u00eatements adapt\u00e9s\",\"potentialAction\":[{\"@type\":\"SearchAction\",\"target\":{\"@type\":\"EntryPoint\",\"urlTemplate\":\"https:\/\/creationconfort.com\/?s={search_term_string}\"},\"query-input\":{\"@type\":\"PropertyValueSpecification\",\"valueRequired\":true,\"valueName\":\"search_term_string\"}}],\"inLanguage\":\"en-US\"}]}<\/script>\n<!-- \/ Yoast SEO Premium plugin. -->","yoast_head_json":{"title":"Women's Adaptive Pants 1309 - Black - Cr\u00e9ation confort","robots":{"index":"index","follow":"follow","max-snippet":"max-snippet:-1","max-image-preview":"max-image-preview:large","max-video-preview":"max-video-preview:-1"},"canonical":"https:\/\/creationconfort.com\/en\/product\/adaptive-pants-for-women-black-en\/","og_locale":"en_US","og_type":"article","og_title":"Women's Adaptive Pants 1309 - Black","og_description":"Our adaptive pants close with side snap buttons on each side of the waist. The material is extremely comfortable and [&hellip;]","og_url":"https:\/\/creationconfort.com\/en\/product\/adaptive-pants-for-women-black-en\/","og_site_name":"Cr\u00e9ation confort","article_publisher":"https:\/\/www.facebook.com\/creationconfortvetementsadaptes","article_modified_time":"2026-04-04T20:08:01+00:00","og_image":[{"width":800,"height":1500,"url":"https:\/\/creationconfort.com\/wp-content\/uploads\/2021\/04\/1309-248.jpg","type":"image\/jpeg"}],"twitter_card":"summary_large_image","twitter_misc":{"Est. reading time":"1 minute"},"schema":{"@context":"https:\/\/schema.org","@graph":[{"@type":"WebPage","@id":"https:\/\/creationconfort.com\/en\/product\/adaptive-pants-for-women-black-en\/","url":"https:\/\/creationconfort.com\/en\/product\/adaptive-pants-for-women-black-en\/","name":"Women's Adaptive Pants 1309 - Black - Cr\u00e9ation confort","isPartOf":{"@id":"https:\/\/creationconfort.com\/#website"},"primaryImageOfPage":{"@id":"https:\/\/creationconfort.com\/en\/product\/adaptive-pants-for-women-black-en\/#primaryimage"},"image":{"@id":"https:\/\/creationconfort.com\/en\/product\/adaptive-pants-for-women-black-en\/#primaryimage"},"thumbnailUrl":"https:\/\/creationconfort.com\/wp-content\/uploads\/2021\/04\/1309-248.jpg","datePublished":"2021-04-01T20:04:33+00:00","dateModified":"2026-04-04T20:08:01+00:00","breadcrumb":{"@id":"https:\/\/creationconfort.com\/en\/product\/adaptive-pants-for-women-black-en\/#breadcrumb"},"inLanguage":"en-US","potentialAction":[{"@type":"ReadAction","target":["https:\/\/creationconfort.com\/en\/product\/adaptive-pants-for-women-black-en\/"]}]},{"@type":"ImageObject","inLanguage":"en-US","@id":"https:\/\/creationconfort.com\/en\/product\/adaptive-pants-for-women-black-en\/#primaryimage","url":"https:\/\/creationconfort.com\/wp-content\/uploads\/2021\/04\/1309-248.jpg","contentUrl":"https:\/\/creationconfort.com\/wp-content\/uploads\/2021\/04\/1309-248.jpg","width":800,"height":1500},{"@type":"BreadcrumbList","@id":"https:\/\/creationconfort.com\/en\/product\/adaptive-pants-for-women-black-en\/#breadcrumb","itemListElement":[{"@type":"ListItem","position":1,"name":"Accueil","item":"https:\/\/creationconfort.com\/en\/"},{"@type":"ListItem","position":2,"name":"Shop","item":"https:\/\/creationconfort.com\/en\/shop\/"},{"@type":"ListItem","position":3,"name":"Women&rsquo;s Adaptive Pants 1309 &#8211; Black"}]},{"@type":"WebSite","@id":"https:\/\/creationconfort.com\/#website","url":"https:\/\/creationconfort.com\/","name":"Cr\u00e9ation confort","description":"V\u00eatements adapt\u00e9s","potentialAction":[{"@type":"SearchAction","target":{"@type":"EntryPoint","urlTemplate":"https:\/\/creationconfort.com\/?s={search_term_string}"},"query-input":{"@type":"PropertyValueSpecification","valueRequired":true,"valueName":"search_term_string"}}],"inLanguage":"en-US"}]}},"_links":{"self":[{"href":"https:\/\/creationconfort.com\/en\/wp-json\/wp\/v2\/product\/11837","targetHints":{"allow":["GET"]}}],"collection":[{"href":"https:\/\/creationconfort.com\/en\/wp-json\/wp\/v2\/product"}],"about":[{"href":"https:\/\/creationconfort.com\/en\/wp-json\/wp\/v2\/types\/product"}],"wp:featuredmedia":[{"embeddable":true,"href":"https:\/\/creationconfort.com\/en\/wp-json\/wp\/v2\/media\/22505"}],"wp:attachment":[{"href":"https:\/\/creationconfort.com\/en\/wp-json\/wp\/v2\/media?parent=11837"}],"wp:term":[{"taxonomy":"product_brand","embeddable":true,"href":"https:\/\/creationconfort.com\/en\/wp-json\/wp\/v2\/product_brand?post=11837"},{"taxonomy":"product_cat","embeddable":true,"href":"https:\/\/creationconfort.com\/en\/wp-json\/wp\/v2\/product_cat?post=11837"},{"taxonomy":"product_tag","embeddable":true,"href":"https:\/\/creationconfort.com\/en\/wp-json\/wp\/v2\/product_tag?post=11837"}],"curies":[{"name":"wp","href":"https:\/\/api.w.org\/{rel}","templated":true}]}}