{"id":22912,"date":"2021-05-21T08:56:19","date_gmt":"2021-05-21T12:56:19","guid":{"rendered":"https:\/\/creationconfort.com\/politique-de-confidentialite\/"},"modified":"2021-05-28T11:44:51","modified_gmt":"2021-05-28T15:44:51","slug":"shipping-returns-exchanges","status":"publish","type":"page","link":"https:\/\/creationconfort.com\/en\/shipping-returns-exchanges\/","title":{"rendered":"Shipping, Returns &#038; Exchanges"},"content":{"rendered":"<h2>Fast Delivery<\/h2>\n<p>Cr\u00e9ation Confort is recognized for its fast and efficient delivery service. All orders placed before 2PM Monday through Friday (excluding holidays), will depart our Montreal warehouse the same day as an expedited parcel with Canada Post.<\/p>\n<h2>Fixed Shipping Fee<\/h2>\n<p>We have a fixed 15.00 CAD $ shipping fee for all online orders.<\/p>\n<h2>Shipping Address<\/h2>\n<p><strong>Important\u00a0:<\/strong> The buyer is responsible to ensure the information provided for the shipping address is correct. Cr\u00e9ation Confort is not responsible for the fees associated with shipping to a wrong address (if the parcel was returned to its warehouse and must be shipped to a new and corrected address).<\/p>\n<p>If you would like us to ship your order to a different address than the billing address (i.e. Residential and Long-term Care Centre, Retirement Home, etc.), we ask you provide us with the establishment\u2019s address under the \u2018Ship to a different address?\u2019 section, right before the payment for the order on the website.<\/p>\n<h2>Return and Exchange Fees<\/h2>\n<p>The buyer is responsible for all fees associated with a return or an exchange. That is why we highly recommend you refer to our detailed charts on the <a href=\"https:\/\/creationconfort.com\/en\/size-chart\/\">Size Chart page<\/a>, in order to avoid those extra fees.<\/p>\n<p><strong>Certain exceptions may apply\u00a0:<\/strong><\/p>\n<ul>\n<li>Manufacturing Defect: If you believe that an item you received is defective, we ask you to please send us a clear picture by email at <a href=\"mailto:info@creationconfort.com\">info@creationconfort.com<\/a>. A delay of up to 48h may apply to process your demand.<\/li>\n<li>Order Mistake: If you believe an error was made in your order, please call us at <a href=\"tel:18003941513\">1 (800) 394-1513<\/a> during our operating hours.<\/li>\n<\/ul>\n<h2>Returns &amp; Exhanges\u00a0: Satisfaction Guaranteed or Money Back*<\/h2>\n<p>Cr\u00e9ation Confort cares about your satisfaction and understand how challenging it can be to buy clothing and accessories for another person. That is why we accept returns and exchanges of merchandise up to <strong>20 days<\/strong> after the date of your purchase.<\/p>\n<p><strong>No refunds or exchanges will be made and\/or accepted in the following cases\u00a0:<\/strong><\/p>\n<ul>\n<li>Return was done after the 20 day period allowed<\/li>\n<li>No proof of purchase is provided or can be found in the account<\/li>\n<li>The returned item is missing the original price tag<\/li>\n<li>The returned item was worn, washed, modified, or identified<\/li>\n<li>The item is a bra or a pair of slippers from an unpaid invoice<strong>*<\/strong><\/li>\n<\/ul>\n<p><strong>*<\/strong> Bras and slippers are subject to a different return policy. <strong>Important<\/strong>: NO return for refund or exchange will be accepted for bras or slippers on an unpaid invoice. Exchanges for these items will only be processed and sent once the original shipping fee and the new shipping fee have both been paid.<\/p>\n<h2>Processing Time<\/h2>\n<p><span style=\"text-decoration: underline;\">Exchange<\/span>\u00a0: A delay of 48-72h applies in order to process the exchange of an item once we have received the item sent back for exchange.<\/p>\n<p><span style=\"text-decoration: underline;\">Return:<\/span> A delay of 2 to 4 weeks applies to process a return for refund. <strong>Important<\/strong>\u00a0: When you return an item or a full order for a refund, you will not be refunded the original shipping costs.<\/p>\n<h2>How to Return or Exchange<\/h2>\n<p>In the event that you are not satisfied with your purchase and wish to do a return or exchange, please send your parcel to\u00a0:<\/p>\n<p style=\"text-align: center;\"><strong>Cr\u00e9ation Confort<br \/>\n<\/strong>3565 rue Jarry Est, suite 304B<strong><br \/>\n<\/strong>Montr\u00e9al, QC H1Z 4K6<strong><br \/>\n<\/strong><\/p>\n<p>We ask you to please include your full name, the beneficiary\u2019s full name, your phone number, and a copy of the proof of purchase if possible. If you wish to contact us for any questions, please do so by calling us or by email: <strong><a href=\"tel:18003941513\">1 (800) 394-1513<\/a> or <a href=\"mailto:info@creationconfort.com\">info@creationconfort.com<\/a>.<\/strong><\/p>\n","protected":false},"excerpt":{"rendered":"<p>Fast Delivery Cr\u00e9ation Confort is recognized for its fast and efficient delivery service. All orders placed before 2PM Monday through [&hellip;]<\/p>\n","protected":false},"author":9999,"featured_media":15080,"parent":0,"menu_order":0,"comment_status":"closed","ping_status":"closed","template":"page-livraison.php","meta":{"_acf_changed":false,"wp_popup_display_lightbox":0,"wp_popup_suppress":"","wp_popup_trigger":"","wp_popup_trigger_amount":0,"wp_popup_disable_on_mobile":false,"footnotes":""},"class_list":["post-22912","page","type-page","status-publish","has-post-thumbnail","hentry"],"acf":[],"yoast_head":"<!-- This site is optimized with the Yoast SEO Premium plugin v26.6 (Yoast SEO v27.2) - https:\/\/yoast.com\/product\/yoast-seo-premium-wordpress\/ -->\n<title>Shipping, Returns &amp; Exchanges - Cr\u00e9ation confort<\/title>\n<meta name=\"robots\" content=\"index, follow, max-snippet:-1, max-image-preview:large, max-video-preview:-1\" \/>\n<link rel=\"canonical\" href=\"https:\/\/creationconfort.com\/en\/shipping-returns-exchanges\/\" \/>\n<meta property=\"og:locale\" content=\"en_US\" \/>\n<meta property=\"og:type\" content=\"article\" \/>\n<meta property=\"og:title\" content=\"Shipping, Returns &amp; Exchanges\" \/>\n<meta property=\"og:description\" content=\"Fast Delivery Cr\u00e9ation Confort is recognized for its fast and efficient delivery service. All orders placed before 2PM Monday through [&hellip;]\" \/>\n<meta property=\"og:url\" content=\"https:\/\/creationconfort.com\/en\/shipping-returns-exchanges\/\" \/>\n<meta property=\"og:site_name\" content=\"Cr\u00e9ation confort\" \/>\n<meta property=\"article:publisher\" content=\"https:\/\/www.facebook.com\/creationconfortvetementsadaptes\" \/>\n<meta property=\"article:modified_time\" content=\"2021-05-28T15:44:51+00:00\" \/>\n<meta property=\"og:image\" content=\"https:\/\/creationconfort.com\/wp-content\/uploads\/2021\/04\/boutique-laval-04-2005-019.jpg\" \/>\n\t<meta property=\"og:image:width\" content=\"1632\" \/>\n\t<meta property=\"og:image:height\" content=\"1232\" \/>\n\t<meta property=\"og:image:type\" content=\"image\/jpeg\" \/>\n<meta name=\"twitter:card\" content=\"summary_large_image\" \/>\n<meta name=\"twitter:label1\" content=\"Est. reading time\" \/>\n\t<meta name=\"twitter:data1\" content=\"3 minutes\" \/>\n<script type=\"application\/ld+json\" class=\"yoast-schema-graph\">{\"@context\":\"https:\/\/schema.org\",\"@graph\":[{\"@type\":\"WebPage\",\"@id\":\"https:\/\/creationconfort.com\/en\/shipping-returns-exchanges\/\",\"url\":\"https:\/\/creationconfort.com\/en\/shipping-returns-exchanges\/\",\"name\":\"Shipping, Returns & Exchanges - Cr\u00e9ation confort\",\"isPartOf\":{\"@id\":\"https:\/\/creationconfort.com\/#website\"},\"primaryImageOfPage\":{\"@id\":\"https:\/\/creationconfort.com\/en\/shipping-returns-exchanges\/#primaryimage\"},\"image\":{\"@id\":\"https:\/\/creationconfort.com\/en\/shipping-returns-exchanges\/#primaryimage\"},\"thumbnailUrl\":\"https:\/\/creationconfort.com\/wp-content\/uploads\/2021\/04\/boutique-laval-04-2005-019.jpg\",\"datePublished\":\"2021-05-21T12:56:19+00:00\",\"dateModified\":\"2021-05-28T15:44:51+00:00\",\"breadcrumb\":{\"@id\":\"https:\/\/creationconfort.com\/en\/shipping-returns-exchanges\/#breadcrumb\"},\"inLanguage\":\"en-US\",\"potentialAction\":[{\"@type\":\"ReadAction\",\"target\":[\"https:\/\/creationconfort.com\/en\/shipping-returns-exchanges\/\"]}]},{\"@type\":\"ImageObject\",\"inLanguage\":\"en-US\",\"@id\":\"https:\/\/creationconfort.com\/en\/shipping-returns-exchanges\/#primaryimage\",\"url\":\"https:\/\/creationconfort.com\/wp-content\/uploads\/2021\/04\/boutique-laval-04-2005-019.jpg\",\"contentUrl\":\"https:\/\/creationconfort.com\/wp-content\/uploads\/2021\/04\/boutique-laval-04-2005-019.jpg\",\"width\":1632,\"height\":1232},{\"@type\":\"BreadcrumbList\",\"@id\":\"https:\/\/creationconfort.com\/en\/shipping-returns-exchanges\/#breadcrumb\",\"itemListElement\":[{\"@type\":\"ListItem\",\"position\":1,\"name\":\"Accueil\",\"item\":\"https:\/\/creationconfort.com\/en\/\"},{\"@type\":\"ListItem\",\"position\":2,\"name\":\"Shipping, Returns &#038; Exchanges\"}]},{\"@type\":\"WebSite\",\"@id\":\"https:\/\/creationconfort.com\/#website\",\"url\":\"https:\/\/creationconfort.com\/\",\"name\":\"Cr\u00e9ation confort\",\"description\":\"V\u00eatements adapt\u00e9s\",\"potentialAction\":[{\"@type\":\"SearchAction\",\"target\":{\"@type\":\"EntryPoint\",\"urlTemplate\":\"https:\/\/creationconfort.com\/?s={search_term_string}\"},\"query-input\":{\"@type\":\"PropertyValueSpecification\",\"valueRequired\":true,\"valueName\":\"search_term_string\"}}],\"inLanguage\":\"en-US\"}]}<\/script>\n<!-- \/ Yoast SEO Premium plugin. -->","yoast_head_json":{"title":"Shipping, Returns & Exchanges - Cr\u00e9ation confort","robots":{"index":"index","follow":"follow","max-snippet":"max-snippet:-1","max-image-preview":"max-image-preview:large","max-video-preview":"max-video-preview:-1"},"canonical":"https:\/\/creationconfort.com\/en\/shipping-returns-exchanges\/","og_locale":"en_US","og_type":"article","og_title":"Shipping, Returns & Exchanges","og_description":"Fast Delivery Cr\u00e9ation Confort is recognized for its fast and efficient delivery service. All orders placed before 2PM Monday through [&hellip;]","og_url":"https:\/\/creationconfort.com\/en\/shipping-returns-exchanges\/","og_site_name":"Cr\u00e9ation confort","article_publisher":"https:\/\/www.facebook.com\/creationconfortvetementsadaptes","article_modified_time":"2021-05-28T15:44:51+00:00","og_image":[{"width":1632,"height":1232,"url":"https:\/\/creationconfort.com\/wp-content\/uploads\/2021\/04\/boutique-laval-04-2005-019.jpg","type":"image\/jpeg"}],"twitter_card":"summary_large_image","twitter_misc":{"Est. reading time":"3 minutes"},"schema":{"@context":"https:\/\/schema.org","@graph":[{"@type":"WebPage","@id":"https:\/\/creationconfort.com\/en\/shipping-returns-exchanges\/","url":"https:\/\/creationconfort.com\/en\/shipping-returns-exchanges\/","name":"Shipping, Returns & Exchanges - Cr\u00e9ation confort","isPartOf":{"@id":"https:\/\/creationconfort.com\/#website"},"primaryImageOfPage":{"@id":"https:\/\/creationconfort.com\/en\/shipping-returns-exchanges\/#primaryimage"},"image":{"@id":"https:\/\/creationconfort.com\/en\/shipping-returns-exchanges\/#primaryimage"},"thumbnailUrl":"https:\/\/creationconfort.com\/wp-content\/uploads\/2021\/04\/boutique-laval-04-2005-019.jpg","datePublished":"2021-05-21T12:56:19+00:00","dateModified":"2021-05-28T15:44:51+00:00","breadcrumb":{"@id":"https:\/\/creationconfort.com\/en\/shipping-returns-exchanges\/#breadcrumb"},"inLanguage":"en-US","potentialAction":[{"@type":"ReadAction","target":["https:\/\/creationconfort.com\/en\/shipping-returns-exchanges\/"]}]},{"@type":"ImageObject","inLanguage":"en-US","@id":"https:\/\/creationconfort.com\/en\/shipping-returns-exchanges\/#primaryimage","url":"https:\/\/creationconfort.com\/wp-content\/uploads\/2021\/04\/boutique-laval-04-2005-019.jpg","contentUrl":"https:\/\/creationconfort.com\/wp-content\/uploads\/2021\/04\/boutique-laval-04-2005-019.jpg","width":1632,"height":1232},{"@type":"BreadcrumbList","@id":"https:\/\/creationconfort.com\/en\/shipping-returns-exchanges\/#breadcrumb","itemListElement":[{"@type":"ListItem","position":1,"name":"Accueil","item":"https:\/\/creationconfort.com\/en\/"},{"@type":"ListItem","position":2,"name":"Shipping, Returns &#038; Exchanges"}]},{"@type":"WebSite","@id":"https:\/\/creationconfort.com\/#website","url":"https:\/\/creationconfort.com\/","name":"Cr\u00e9ation confort","description":"V\u00eatements adapt\u00e9s","potentialAction":[{"@type":"SearchAction","target":{"@type":"EntryPoint","urlTemplate":"https:\/\/creationconfort.com\/?s={search_term_string}"},"query-input":{"@type":"PropertyValueSpecification","valueRequired":true,"valueName":"search_term_string"}}],"inLanguage":"en-US"}]}},"_links":{"self":[{"href":"https:\/\/creationconfort.com\/en\/wp-json\/wp\/v2\/pages\/22912","targetHints":{"allow":["GET"]}}],"collection":[{"href":"https:\/\/creationconfort.com\/en\/wp-json\/wp\/v2\/pages"}],"about":[{"href":"https:\/\/creationconfort.com\/en\/wp-json\/wp\/v2\/types\/page"}],"author":[{"embeddable":true,"href":"https:\/\/creationconfort.com\/en\/wp-json\/wp\/v2\/users\/9999"}],"replies":[{"embeddable":true,"href":"https:\/\/creationconfort.com\/en\/wp-json\/wp\/v2\/comments?post=22912"}],"version-history":[{"count":5,"href":"https:\/\/creationconfort.com\/en\/wp-json\/wp\/v2\/pages\/22912\/revisions"}],"predecessor-version":[{"id":23508,"href":"https:\/\/creationconfort.com\/en\/wp-json\/wp\/v2\/pages\/22912\/revisions\/23508"}],"wp:featuredmedia":[{"embeddable":true,"href":"https:\/\/creationconfort.com\/en\/wp-json\/wp\/v2\/media\/15080"}],"wp:attachment":[{"href":"https:\/\/creationconfort.com\/en\/wp-json\/wp\/v2\/media?parent=22912"}],"curies":[{"name":"wp","href":"https:\/\/api.w.org\/{rel}","templated":true}]}}