{"id":14748,"date":"2021-04-09T14:53:37","date_gmt":"2021-04-09T18:53:37","guid":{"rendered":"https:\/\/creationconfort2021.reactif.co\/nos-magasin\/"},"modified":"2026-04-11T10:36:16","modified_gmt":"2026-04-11T14:36:16","slug":"our-stores","status":"publish","type":"page","link":"https:\/\/creationconfort.com\/en\/our-stores\/","title":{"rendered":"Our stores"},"content":{"rendered":"","protected":false},"excerpt":{"rendered":"","protected":false},"author":9999,"featured_media":0,"parent":0,"menu_order":0,"comment_status":"closed","ping_status":"closed","template":"page-magasins.php","meta":{"_acf_changed":false,"wp_popup_display_lightbox":0,"wp_popup_suppress":"","wp_popup_trigger":"","wp_popup_trigger_amount":0,"wp_popup_disable_on_mobile":false,"footnotes":""},"class_list":["post-14748","page","type-page","status-publish","hentry"],"acf":[],"yoast_head":"<!-- This site is optimized with the Yoast SEO Premium plugin v26.6 (Yoast SEO v27.2) - https:\/\/yoast.com\/product\/yoast-seo-premium-wordpress\/ -->\n<title>Our stores - Cr\u00e9ation confort<\/title>\n<meta name=\"description\" content=\"Discover Creation Comfort stores in Montreal and Quebec, specializing in adaptive clothing for men and women.\" \/>\n<meta name=\"robots\" content=\"index, follow, max-snippet:-1, max-image-preview:large, max-video-preview:-1\" \/>\n<link rel=\"canonical\" href=\"https:\/\/creationconfort.com\/en\/our-stores\/\" \/>\n<meta property=\"og:locale\" content=\"en_US\" \/>\n<meta property=\"og:type\" content=\"article\" \/>\n<meta property=\"og:title\" content=\"Our stores\" \/>\n<meta property=\"og:description\" content=\"Discover Creation Comfort stores in Montreal and Quebec, specializing in adaptive clothing for men and women.\" \/>\n<meta property=\"og:url\" content=\"https:\/\/creationconfort.com\/en\/our-stores\/\" \/>\n<meta property=\"og:site_name\" content=\"Cr\u00e9ation confort\" \/>\n<meta property=\"article:publisher\" content=\"https:\/\/www.facebook.com\/creationconfortvetementsadaptes\" \/>\n<meta property=\"article:modified_time\" content=\"2026-04-11T14:36:16+00:00\" \/>\n<meta property=\"og:image\" content=\"https:\/\/creationconfort.com\/wp-content\/uploads\/2021\/04\/image-couple-ordi-2-1024x423.png\" \/>\n\t<meta property=\"og:image:width\" content=\"1024\" \/>\n\t<meta property=\"og:image:height\" content=\"423\" \/>\n\t<meta property=\"og:image:type\" content=\"image\/png\" \/>\n<meta name=\"twitter:card\" content=\"summary_large_image\" \/>\n<meta name=\"twitter:label1\" content=\"Est. reading time\" \/>\n\t<meta name=\"twitter:data1\" content=\"1 minute\" \/>\n<script type=\"application\/ld+json\" class=\"yoast-schema-graph\">{\"@context\":\"https:\/\/schema.org\",\"@graph\":[{\"@type\":\"WebPage\",\"@id\":\"https:\/\/creationconfort.com\/en\/our-stores\/\",\"url\":\"https:\/\/creationconfort.com\/en\/our-stores\/\",\"name\":\"Our stores - Cr\u00e9ation confort\",\"isPartOf\":{\"@id\":\"https:\/\/creationconfort.com\/#website\"},\"datePublished\":\"2021-04-09T18:53:37+00:00\",\"dateModified\":\"2026-04-11T14:36:16+00:00\",\"description\":\"Discover Creation Comfort stores in Montreal and Quebec, specializing in adaptive clothing for men and women.\",\"breadcrumb\":{\"@id\":\"https:\/\/creationconfort.com\/en\/our-stores\/#breadcrumb\"},\"inLanguage\":\"en-US\",\"potentialAction\":[{\"@type\":\"ReadAction\",\"target\":[\"https:\/\/creationconfort.com\/en\/our-stores\/\"]}]},{\"@type\":\"BreadcrumbList\",\"@id\":\"https:\/\/creationconfort.com\/en\/our-stores\/#breadcrumb\",\"itemListElement\":[{\"@type\":\"ListItem\",\"position\":1,\"name\":\"Accueil\",\"item\":\"https:\/\/creationconfort.com\/en\/\"},{\"@type\":\"ListItem\",\"position\":2,\"name\":\"Our stores\"}]},{\"@type\":\"WebSite\",\"@id\":\"https:\/\/creationconfort.com\/#website\",\"url\":\"https:\/\/creationconfort.com\/\",\"name\":\"Cr\u00e9ation confort\",\"description\":\"V\u00eatements adapt\u00e9s\",\"potentialAction\":[{\"@type\":\"SearchAction\",\"target\":{\"@type\":\"EntryPoint\",\"urlTemplate\":\"https:\/\/creationconfort.com\/?s={search_term_string}\"},\"query-input\":{\"@type\":\"PropertyValueSpecification\",\"valueRequired\":true,\"valueName\":\"search_term_string\"}}],\"inLanguage\":\"en-US\"}]}<\/script>\n<!-- \/ Yoast SEO Premium plugin. -->","yoast_head_json":{"title":"Our stores - Cr\u00e9ation confort","description":"Discover Creation Comfort stores in Montreal and Quebec, specializing in adaptive clothing for men and women.","robots":{"index":"index","follow":"follow","max-snippet":"max-snippet:-1","max-image-preview":"max-image-preview:large","max-video-preview":"max-video-preview:-1"},"canonical":"https:\/\/creationconfort.com\/en\/our-stores\/","og_locale":"en_US","og_type":"article","og_title":"Our stores","og_description":"Discover Creation Comfort stores in Montreal and Quebec, specializing in adaptive clothing for men and women.","og_url":"https:\/\/creationconfort.com\/en\/our-stores\/","og_site_name":"Cr\u00e9ation confort","article_publisher":"https:\/\/www.facebook.com\/creationconfortvetementsadaptes","article_modified_time":"2026-04-11T14:36:16+00:00","og_image":[{"width":1024,"height":423,"url":"https:\/\/creationconfort.com\/wp-content\/uploads\/2021\/04\/image-couple-ordi-2-1024x423.png","type":"image\/png"}],"twitter_card":"summary_large_image","twitter_misc":{"Est. reading time":"1 minute"},"schema":{"@context":"https:\/\/schema.org","@graph":[{"@type":"WebPage","@id":"https:\/\/creationconfort.com\/en\/our-stores\/","url":"https:\/\/creationconfort.com\/en\/our-stores\/","name":"Our stores - Cr\u00e9ation confort","isPartOf":{"@id":"https:\/\/creationconfort.com\/#website"},"datePublished":"2021-04-09T18:53:37+00:00","dateModified":"2026-04-11T14:36:16+00:00","description":"Discover Creation Comfort stores in Montreal and Quebec, specializing in adaptive clothing for men and women.","breadcrumb":{"@id":"https:\/\/creationconfort.com\/en\/our-stores\/#breadcrumb"},"inLanguage":"en-US","potentialAction":[{"@type":"ReadAction","target":["https:\/\/creationconfort.com\/en\/our-stores\/"]}]},{"@type":"BreadcrumbList","@id":"https:\/\/creationconfort.com\/en\/our-stores\/#breadcrumb","itemListElement":[{"@type":"ListItem","position":1,"name":"Accueil","item":"https:\/\/creationconfort.com\/en\/"},{"@type":"ListItem","position":2,"name":"Our stores"}]},{"@type":"WebSite","@id":"https:\/\/creationconfort.com\/#website","url":"https:\/\/creationconfort.com\/","name":"Cr\u00e9ation confort","description":"V\u00eatements adapt\u00e9s","potentialAction":[{"@type":"SearchAction","target":{"@type":"EntryPoint","urlTemplate":"https:\/\/creationconfort.com\/?s={search_term_string}"},"query-input":{"@type":"PropertyValueSpecification","valueRequired":true,"valueName":"search_term_string"}}],"inLanguage":"en-US"}]}},"_links":{"self":[{"href":"https:\/\/creationconfort.com\/en\/wp-json\/wp\/v2\/pages\/14748","targetHints":{"allow":["GET"]}}],"collection":[{"href":"https:\/\/creationconfort.com\/en\/wp-json\/wp\/v2\/pages"}],"about":[{"href":"https:\/\/creationconfort.com\/en\/wp-json\/wp\/v2\/types\/page"}],"author":[{"embeddable":true,"href":"https:\/\/creationconfort.com\/en\/wp-json\/wp\/v2\/users\/9999"}],"replies":[{"embeddable":true,"href":"https:\/\/creationconfort.com\/en\/wp-json\/wp\/v2\/comments?post=14748"}],"version-history":[{"count":13,"href":"https:\/\/creationconfort.com\/en\/wp-json\/wp\/v2\/pages\/14748\/revisions"}],"predecessor-version":[{"id":50511,"href":"https:\/\/creationconfort.com\/en\/wp-json\/wp\/v2\/pages\/14748\/revisions\/50511"}],"wp:attachment":[{"href":"https:\/\/creationconfort.com\/en\/wp-json\/wp\/v2\/media?parent=14748"}],"curies":[{"name":"wp","href":"https:\/\/api.w.org\/{rel}","templated":true}]}}